{"id":3377,"date":"2019-02-28T14:17:17","date_gmt":"2019-02-28T13:17:17","guid":{"rendered":"https:\/\/editionstoutechose.fr\/autorzy\/"},"modified":"2024-02-12T18:40:41","modified_gmt":"2024-02-12T17:40:41","slug":"autorzy","status":"publish","type":"page","link":"https:\/\/editionstoutechose.fr\/pl\/autorzy\/","title":{"rendered":"Autorzy"},"content":{"rendered":"<div class=\"wpb-content-wrapper\"><p>[vc_row full_width=&#8221;stretch_row&#8221; css=&#8221;.vc_custom_1542209442331{background-color: #ffffff !important;}&#8221;][vc_column][lab_heading title_tag=&#8221;H1&#8243; title=&#8221;Autorzy&#8221; css=&#8221;.vc_custom_1620672899337{margin-top: 0px !important;padding-top: 0px !important;}&#8221;][\/lab_heading][\/vc_column][\/vc_row][vc_row][vc_column width=&#8221;1\/4&#8243;][vc_single_image image=&#8221;2369&#8243; img_size=&#8221;270&#215;400&#8243;][vc_custom_heading text=&#8221;Marceline Desbordes-Valmore&#8221; font_container=&#8221;tag:h4|text_align:left&#8221; use_theme_fonts=&#8221;yes&#8221;][vc_column_text css=&#8221;.vc_custom_1627937389231{margin-right: 0px !important;}&#8221;]Marceline Desbordes-Valmore (1796-1859). Com\u00e9dienne et chanteuse, puis po\u00e8te autodidacte. Sa vie fut malheureuse ce qui lui a valu le surnom &#8222;Notre-Dame-des-Pleurs&#8221;. Sa po\u00e9sie fut appr\u00e9ci\u00e9 de Hugo, Verlaine, Baudelaire\u2026[\/vc_column_text][\/vc_column][vc_column width=&#8221;1\/4&#8243;][vc_single_image image=&#8221;2326&#8243; img_size=&#8221;270&#215;400&#8243; style=&#8221;vc_box_rounded&#8221;][vc_custom_heading text=&#8221;G\u00e9rard de Nerval&#8221; font_container=&#8221;tag:h4|text_align:left&#8221; use_theme_fonts=&#8221;yes&#8221;][vc_column_text css=&#8221;.vc_custom_1683154464107{margin-right: 0px !important;}&#8221;]<\/p>\n<p style=\"text-align: left;\">G\u00e9rard de Nerval (n\u00e9 G\u00e9rard Labrunie, 1808-1855). \u00c9crivain et po\u00e8te majeur du romantisme fran\u00e7ais. Ses \u0153uvres principales sont : Les <em>Filles du feu<\/em> (recueil de nouvelles), <a href=\"https:\/\/editionstoutechose.fr\/pl\/les-chimeres-de-gerard-de-nerval\/\" target=\"_blank\" rel=\"noopener\"><em>Les Chim\u00e8res<\/em><\/a> (sonnets) et son ultime texte <a href=\"https:\/\/editionstoutechose.fr\/pl\/gerard-de-nerval-aurelia\/\" target=\"_blank\" rel=\"noopener\"><em>Aur\u00e9lia<\/em><\/a>.<\/p>\n<p>[\/vc_column_text][\/vc_column][vc_column width=&#8221;1\/4&#8243;][vc_single_image image=&#8221;2773&#8243; img_size=&#8221;270&#215;400&#8243;][vc_custom_heading text=&#8221;Gabrielle Sapelier&#8221; font_container=&#8221;tag:h4|text_align:left&#8221; use_theme_fonts=&#8221;yes&#8221;][vc_column_text]Gabrielle Sapelier (1929-2012). Auteure de l&#8217;unique roman \u2014 autobiographique \u2014 <a href=\"https:\/\/editionstoutechose.fr\/pl\/histoire-pour-dimitrius-de-gabrielle-sapelier\/\" target=\"_blank\" rel=\"noopener\"><em>Histoire pour Dimitrius<\/em><\/a> et de po\u00e8mes.[\/vc_column_text][\/vc_column][vc_column width=&#8221;1\/4&#8243;][vc_single_image image=&#8221;2059&#8243; img_size=&#8221;270&#215;400&#8243; style=&#8221;vc_box_rounded&#8221;][vc_custom_heading text=&#8221;Tomasz Cichawa&#8221; font_container=&#8221;tag:h4|text_align:left&#8221; use_theme_fonts=&#8221;yes&#8221;][vc_column_text css=&#8221;.vc_custom_1707759224267{margin-right: 0px !important;padding-right: 0px !important;padding-left: 0px !important;}&#8221;]Tomasz Cichawa. Filmowiec, fotograf, poeta, autor piosenek. Urodzony w Warszawie, od 1985 roku \u017cyje w Pary\u017cu.<br \/>\nJest za\u0142o\u017cycielem \u00c9ditions Toute Chose.[\/vc_column_text][\/vc_column][\/vc_row][vc_row][vc_column width=&#8221;1\/4&#8243;][vc_single_image image=&#8221;4311&#8243; img_size=&#8221;270&#215;400&#8243; style=&#8221;vc_box_rounded&#8221;][vc_custom_heading text=&#8221;Krzysztof Planeta&#8221; font_container=&#8221;tag:h4|text_align:left&#8221; use_theme_fonts=&#8221;yes&#8221;][vc_column_text css=&#8221;.vc_custom_1707759578608{margin-right: 0px !important;padding-right: 0px !important;padding-left: 0px !important;}&#8221;]Krzysztof Planeta (1950-2023). Poeta i prozaik, autor scenariuszy. Autor zbiorku <a href=\"https:\/\/editionstoutechose.fr\/pl\/ten-krzysztofa-planety-poezje\/\" target=\"_blank\" rel=\"noopener\"><em>TEN<\/em><\/a>.[\/vc_column_text][\/vc_column][vc_column width=&#8221;1\/4&#8243;][vc_single_image image=&#8221;3089&#8243; img_size=&#8221;270&#215;400&#8243;][vc_custom_heading text=&#8221;\u0141ukasz Pawe\u0142 Polowczyk&#8221; font_container=&#8221;tag:h4|text_align:left&#8221; use_theme_fonts=&#8221;yes&#8221;][vc_column_text]Filozof i poeta. Autor zbiorku <em><a href=\"https:\/\/editionstoutechose.fr\/pl\/sad-ostateczny-na-wynos-lukasza-pawla-polowczyka\/\" target=\"_blank\" rel=\"noopener\">S\u0105d Ostateczny na wynos<\/a>.<\/em>[\/vc_column_text][\/vc_column][vc_column width=&#8221;1\/4&#8243;][vc_single_image image=&#8221;4376&#8243; img_size=&#8221;270&#215;400&#8243;][vc_custom_heading text=&#8221;Zuzanna Ginczanka&#8221; font_container=&#8221;tag:h4|text_align:left&#8221; use_theme_fonts=&#8221;yes&#8221;][vc_column_text]Zuzanna Ginczanka, n\u00e9e Zuzanna Polina Gincburg (1917-1944). Po\u00e8te. Auteure du recueil <a href=\"https:\/\/editionstoutechose.fr\/zuzanna-ginczanka\/\" target=\"_blank\" rel=\"noopener\"><em>\u00c0 propos des centaures<\/em><\/a>.[\/vc_column_text][\/vc_column][vc_column width=&#8221;1\/4&#8243;][vc_single_image image=&#8221;4753&#8243; img_size=&#8221;270&#215;400&#8243;][vc_custom_heading text=&#8221;Dominique Biteau&#8221; font_container=&#8221;tag:h4|text_align:left&#8221; use_theme_fonts=&#8221;yes&#8221;][vc_column_text]Co-auteure (avec Tomasz Celner) du roman <a href=\"https:\/\/editionstoutechose.fr\/pl\/postface-de-dominique-biteau-et-tomasz-celner\/\" target=\"_blank\" rel=\"noopener\">POSTFACE<\/a>. M\u00e9decin g\u00e9n\u00e9raliste de profession. Elle \u00e9crit, fait du th\u00e9\u00e2tre au sein d&#8217;une troupe amateur et pratique le violoncelle.[\/vc_column_text][\/vc_column][\/vc_row][vc_row][vc_column width=&#8221;1\/3&#8243;][vc_single_image image=&#8221;4827&#8243; img_size=&#8221;270&#215;400&#8243;][vc_custom_heading text=&#8221;Laurent Robert&#8221; font_container=&#8221;tag:h4|text_align:left&#8221; use_theme_fonts=&#8221;yes&#8221;][vc_column_text]N\u00e9 en 1969 \u00e0 Chimay, en Belgique. Il est professeur et po\u00e8te. Il est l\u2019auteur de <a href=\"https:\/\/editionstoutechose.fr\/pl\/ksiazki\/sans-morale\/\" target=\"_blank\" rel=\"noopener\"><em>Sans morale<\/em><\/a>, o\u00f9 se conjuguent contraintes po\u00e9tiques, ironie et sensualit\u00e9.[\/vc_column_text][\/vc_column][vc_column width=&#8221;1\/3&#8243;][vc_single_image image=&#8221;4972&#8243; img_size=&#8221;270&#215;400&#8243;][vc_custom_heading text=&#8221;Anne Bashevici&#8221; font_container=&#8221;tag:h4|text_align:left&#8221; use_theme_fonts=&#8221;yes&#8221;][vc_column_text]N\u00e9 \u00e0 Paris en mai 1968. Po\u00e8te et peintre. Auteure du recueil <a href=\"https:\/\/editionstoutechose.fr\/pl\/ksiazki\/sans-morale-copie\/\" target=\"_blank\" rel=\"noopener\"><em>Terre narrative<\/em><\/a>.[\/vc_column_text][\/vc_column][vc_column width=&#8221;1\/3&#8243;][\/vc_column][\/vc_row]<\/p>\n<\/div>","protected":false},"excerpt":{"rendered":"<p>[vc_row full_width=&#8221;stretch_row&#8221; css=&#8221;.vc_custom_1542209442331{background-color: #ffffff !important;}&#8221;][vc_column][lab_heading title_tag=&#8221;H1&#8243; title=&#8221;Autorzy&#8221; css=&#8221;.vc_custom_1620672899337{margin-top: 0px !important;padding-top: 0px !important;}&#8221;][\/lab_heading][\/vc_column][\/vc_row][vc_row][vc_column width=&#8221;1\/4&#8243;][vc_single_image image=&#8221;2369&#8243; img_size=&#8221;270&#215;400&#8243;][vc_custom_heading text=&#8221;Marceline Desbordes-Valmore&#8221; font_container=&#8221;tag:h4|text_align:left&#8221; use_theme_fonts=&#8221;yes&#8221;][vc_column_text css=&#8221;.vc_custom_1627937389231{margin-right: 0px !important;}&#8221;]Marceline Desbordes-Valmore (1796-1859). Com\u00e9dienne et chanteuse, puis po\u00e8te autodidacte. Sa vie fut malheureuse ce qui lui a valu le surnom &#8222;Notre-Dame-des-Pleurs&#8221;. Sa po\u00e9sie fut appr\u00e9ci\u00e9 de Hugo, Verlaine, Baudelaire\u2026[\/vc_column_text][\/vc_column][vc_column width=&#8221;1\/4&#8243;][vc_single_image image=&#8221;2326&#8243; img_size=&#8221;270&#215;400&#8243; style=&#8221;vc_box_rounded&#8221;][vc_custom_heading text=&#8221;G\u00e9rard&hellip;<\/p>\n","protected":false},"author":1,"featured_media":0,"parent":0,"menu_order":20,"comment_status":"closed","ping_status":"closed","template":"","meta":{"_acf_changed":false,"footnotes":""},"class_list":["post-3377","page","type-page","status-publish","hentry"],"acf":[],"yoast_head":"<!-- This site is optimized with the Yoast SEO plugin v27.3 - https:\/\/yoast.com\/product\/yoast-seo-wordpress\/ -->\n<title>Autorzy \u2022 Les \u00c9ditions Toute Chose \u2022 Kolekcja Bel eBook<\/title>\n<meta name=\"description\" content=\"Auteurs publi\u00e9s aux \u00c9ditions Toute Chose \u2022 \u00c9diteur sp\u00e9cialis\u00e9 dans la cr\u00e9ation d&#039;eBooks de qualit\u00e9 \u2022 Collection Bel eBook\" \/>\n<meta name=\"robots\" content=\"index, follow, max-snippet:-1, max-image-preview:large, max-video-preview:-1\" \/>\n<link rel=\"canonical\" href=\"https:\/\/editionstoutechose.fr\/pl\/autorzy\/\" \/>\n<meta property=\"og:locale\" content=\"pl_PL\" \/>\n<meta property=\"og:type\" content=\"article\" \/>\n<meta property=\"og:title\" content=\"Autorzy \u2022 Les \u00c9ditions Toute Chose \u2022 Kolekcja Bel eBook\" \/>\n<meta property=\"og:description\" content=\"Auteurs publi\u00e9s aux \u00c9ditions Toute Chose \u2022 \u00c9diteur sp\u00e9cialis\u00e9 dans la cr\u00e9ation d&#039;eBooks de qualit\u00e9 \u2022 Collection Bel eBook\" \/>\n<meta property=\"og:url\" content=\"https:\/\/editionstoutechose.fr\/pl\/autorzy\/\" \/>\n<meta property=\"og:site_name\" content=\"Les \u00c9ditions Toute Chose\" \/>\n<meta property=\"article:modified_time\" content=\"2024-02-12T17:40:41+00:00\" \/>\n<script type=\"application\/ld+json\" class=\"yoast-schema-graph\">{\"@context\":\"https:\\\/\\\/schema.org\",\"@graph\":[{\"@type\":\"WebPage\",\"@id\":\"https:\\\/\\\/editionstoutechose.fr\\\/pl\\\/autorzy\\\/\",\"url\":\"https:\\\/\\\/editionstoutechose.fr\\\/pl\\\/autorzy\\\/\",\"name\":\"Autorzy \u2022 Les \u00c9ditions Toute Chose \u2022 Kolekcja Bel eBook\",\"isPartOf\":{\"@id\":\"https:\\\/\\\/editionstoutechose.fr\\\/pl\\\/#website\"},\"datePublished\":\"2019-02-28T13:17:17+00:00\",\"dateModified\":\"2024-02-12T17:40:41+00:00\",\"description\":\"Auteurs publi\u00e9s aux \u00c9ditions Toute Chose \u2022 \u00c9diteur sp\u00e9cialis\u00e9 dans la cr\u00e9ation d'eBooks de qualit\u00e9 \u2022 Collection Bel eBook\",\"inLanguage\":\"pl-PL\",\"potentialAction\":[{\"@type\":\"ReadAction\",\"target\":[\"https:\\\/\\\/editionstoutechose.fr\\\/pl\\\/autorzy\\\/\"]}]},{\"@type\":\"WebSite\",\"@id\":\"https:\\\/\\\/editionstoutechose.fr\\\/pl\\\/#website\",\"url\":\"https:\\\/\\\/editionstoutechose.fr\\\/pl\\\/\",\"name\":\"Les \u00c9ditions Toute Chose\",\"description\":\"\",\"potentialAction\":[{\"@type\":\"SearchAction\",\"target\":{\"@type\":\"EntryPoint\",\"urlTemplate\":\"https:\\\/\\\/editionstoutechose.fr\\\/pl\\\/?s={search_term_string}\"},\"query-input\":{\"@type\":\"PropertyValueSpecification\",\"valueRequired\":true,\"valueName\":\"search_term_string\"}}],\"inLanguage\":\"pl-PL\"}]}<\/script>\n<!-- \/ Yoast SEO plugin. -->","yoast_head_json":{"title":"Autorzy \u2022 Les \u00c9ditions Toute Chose \u2022 Kolekcja Bel eBook","description":"Auteurs publi\u00e9s aux \u00c9ditions Toute Chose \u2022 \u00c9diteur sp\u00e9cialis\u00e9 dans la cr\u00e9ation d'eBooks de qualit\u00e9 \u2022 Collection Bel eBook","robots":{"index":"index","follow":"follow","max-snippet":"max-snippet:-1","max-image-preview":"max-image-preview:large","max-video-preview":"max-video-preview:-1"},"canonical":"https:\/\/editionstoutechose.fr\/pl\/autorzy\/","og_locale":"pl_PL","og_type":"article","og_title":"Autorzy \u2022 Les \u00c9ditions Toute Chose \u2022 Kolekcja Bel eBook","og_description":"Auteurs publi\u00e9s aux \u00c9ditions Toute Chose \u2022 \u00c9diteur sp\u00e9cialis\u00e9 dans la cr\u00e9ation d'eBooks de qualit\u00e9 \u2022 Collection Bel eBook","og_url":"https:\/\/editionstoutechose.fr\/pl\/autorzy\/","og_site_name":"Les \u00c9ditions Toute Chose","article_modified_time":"2024-02-12T17:40:41+00:00","schema":{"@context":"https:\/\/schema.org","@graph":[{"@type":"WebPage","@id":"https:\/\/editionstoutechose.fr\/pl\/autorzy\/","url":"https:\/\/editionstoutechose.fr\/pl\/autorzy\/","name":"Autorzy \u2022 Les \u00c9ditions Toute Chose \u2022 Kolekcja Bel eBook","isPartOf":{"@id":"https:\/\/editionstoutechose.fr\/pl\/#website"},"datePublished":"2019-02-28T13:17:17+00:00","dateModified":"2024-02-12T17:40:41+00:00","description":"Auteurs publi\u00e9s aux \u00c9ditions Toute Chose \u2022 \u00c9diteur sp\u00e9cialis\u00e9 dans la cr\u00e9ation d'eBooks de qualit\u00e9 \u2022 Collection Bel eBook","inLanguage":"pl-PL","potentialAction":[{"@type":"ReadAction","target":["https:\/\/editionstoutechose.fr\/pl\/autorzy\/"]}]},{"@type":"WebSite","@id":"https:\/\/editionstoutechose.fr\/pl\/#website","url":"https:\/\/editionstoutechose.fr\/pl\/","name":"Les \u00c9ditions Toute Chose","description":"","potentialAction":[{"@type":"SearchAction","target":{"@type":"EntryPoint","urlTemplate":"https:\/\/editionstoutechose.fr\/pl\/?s={search_term_string}"},"query-input":{"@type":"PropertyValueSpecification","valueRequired":true,"valueName":"search_term_string"}}],"inLanguage":"pl-PL"}]}},"_links":{"self":[{"href":"https:\/\/editionstoutechose.fr\/pl\/wp-json\/wp\/v2\/pages\/3377","targetHints":{"allow":["GET"]}}],"collection":[{"href":"https:\/\/editionstoutechose.fr\/pl\/wp-json\/wp\/v2\/pages"}],"about":[{"href":"https:\/\/editionstoutechose.fr\/pl\/wp-json\/wp\/v2\/types\/page"}],"author":[{"embeddable":true,"href":"https:\/\/editionstoutechose.fr\/pl\/wp-json\/wp\/v2\/users\/1"}],"replies":[{"embeddable":true,"href":"https:\/\/editionstoutechose.fr\/pl\/wp-json\/wp\/v2\/comments?post=3377"}],"version-history":[{"count":0,"href":"https:\/\/editionstoutechose.fr\/pl\/wp-json\/wp\/v2\/pages\/3377\/revisions"}],"wp:attachment":[{"href":"https:\/\/editionstoutechose.fr\/pl\/wp-json\/wp\/v2\/media?parent=3377"}],"curies":[{"name":"wp","href":"https:\/\/api.w.org\/{rel}","templated":true}]}}