{"id":3381,"date":"2019-02-28T14:03:58","date_gmt":"2019-02-28T13:03:58","guid":{"rendered":"https:\/\/editionstoutechose.fr\/kontakt\/"},"modified":"2025-12-24T15:56:45","modified_gmt":"2025-12-24T14:56:45","slug":"kontakt","status":"publish","type":"page","link":"https:\/\/editionstoutechose.fr\/pl\/kontakt\/","title":{"rendered":"Kontakt"},"content":{"rendered":"<div class=\"wpb-content-wrapper\"><p>[vc_row full_width=&#8221;stretch_row&#8221; el_class=&#8221;contact-wrapper&#8221;][vc_column][lab_heading title_tag=&#8221;H1&#8243; title=&#8221;Kontakt&#8221; css=&#8221;.vc_custom_1614980926761{margin-top: 0px !important;padding-top: 0px !important;}&#8221;][\/lab_heading][vc_row_inner][vc_column_inner width=&#8221;1\/2&#8243;][vc_column_text el_class=&#8221;contact-address&#8221;]Les \u00c9ditions Toute Chose<br \/>\n4 rue du Moulin Joly<\/p>\n<p>75011 Paris, Francja[\/vc_column_text][vc_column_text]Przed wys\u0142aniem pytania zapoznaj si\u0119 ze <strong><a href=\"https:\/\/editionstoutechose.fr\/pl\/faq\/\" target=\"_blank\" rel=\"noopener\">stron\u0105 z cz\u0119sto zadawanymi<\/a><\/strong> pytaniami FAQ. Znajdziesz tam r\u00f3wnie\u017c warunki z\u0142o\u017cenia <strong>r\u0119kopisu<\/strong>. (NB. Aktualnie nie przyjmujemy r\u0119kopis\u00f3w w j\u0119zyku polskim.)[\/vc_column_text][\/vc_column_inner][\/vc_row_inner][lab_contact_form name_title=&#8221;Nazwisko:&#8221; email_title=&#8221;E-mail:&#8221; message_title=&#8221;Wiadomo\u015b\u0107:&#8221; show_subject_field=&#8221;yes&#8221; subject_title=&#8221;Temat:&#8221; submit_title=&#8221;Wy\u015blij&#8221; submit_success=&#8221;Dzi\u0119kujemy #, Twoja wiadomo\u015b\u0107 zosta\u0142a wys\u0142ana!&#8221; alert_errors=&#8221;yes&#8221; enable_recaptcha=&#8221;yes&#8221; el_class=&#8221;first-contact-form&#8221;][\/vc_column][\/vc_row][vc_row full_width=&#8221;stretch_row&#8221; css=&#8221;.vc_custom_1554722437515{background-color: #f3f0ef !important;}&#8221;][vc_column][\/vc_column][\/vc_row]<\/p>\n<\/div>","protected":false},"excerpt":{"rendered":"<p>[vc_row full_width=&#8221;stretch_row&#8221; el_class=&#8221;contact-wrapper&#8221;][vc_column][lab_heading title_tag=&#8221;H1&#8243; title=&#8221;Kontakt&#8221; css=&#8221;.vc_custom_1614980926761{margin-top: 0px !important;padding-top: 0px !important;}&#8221;][\/lab_heading][vc_row_inner][vc_column_inner width=&#8221;1\/2&#8243;][vc_column_text el_class=&#8221;contact-address&#8221;]Les \u00c9ditions Toute Chose 4 rue du Moulin Joly 75011 Paris, Francja[\/vc_column_text][vc_column_text]Przed wys\u0142aniem pytania zapoznaj si\u0119 ze stron\u0105 z cz\u0119sto zadawanymi pytaniami FAQ. Znajdziesz tam r\u00f3wnie\u017c warunki z\u0142o\u017cenia r\u0119kopisu. (NB. Aktualnie nie przyjmujemy r\u0119kopis\u00f3w w j\u0119zyku polskim.)[\/vc_column_text][\/vc_column_inner][\/vc_row_inner][lab_contact_form name_title=&#8221;Nazwisko:&#8221; email_title=&#8221;E-mail:&#8221; message_title=&#8221;Wiadomo\u015b\u0107:&#8221; show_subject_field=&#8221;yes&#8221; subject_title=&#8221;Temat:&#8221; submit_title=&#8221;Wy\u015blij&#8221; submit_success=&#8221;Dzi\u0119kujemy&hellip;<\/p>\n","protected":false},"author":1,"featured_media":0,"parent":0,"menu_order":28,"comment_status":"closed","ping_status":"closed","template":"","meta":{"_acf_changed":false,"footnotes":""},"class_list":["post-3381","page","type-page","status-publish","hentry"],"acf":[],"yoast_head":"<!-- This site is optimized with the Yoast SEO plugin v27.4 - https:\/\/yoast.com\/product\/yoast-seo-wordpress\/ -->\n<title>Les \u00c9ditions Toute Chose \u2022 Kolekcja Bel eBook \u2022 Strona kontaktowa<\/title>\n<meta name=\"description\" content=\"Witryna wydawnicza Les \u00c9ditions Tout Chose, utworzona w 2021 roku, specjalizuje si\u0119 w publikacji wysokiej jako\u015bci e-book\u00f3w, pod nazw\u0105 Kolekcja Bel eBook.\" \/>\n<meta name=\"robots\" content=\"index, follow, max-snippet:-1, max-image-preview:large, max-video-preview:-1\" \/>\n<link rel=\"canonical\" href=\"https:\/\/editionstoutechose.fr\/pl\/kontakt\/\" \/>\n<meta property=\"og:locale\" content=\"pl_PL\" \/>\n<meta property=\"og:type\" content=\"article\" \/>\n<meta property=\"og:title\" content=\"Les \u00c9ditions Toute Chose \u2022 Kolekcja Bel eBook \u2022 Strona kontaktowa\" \/>\n<meta property=\"og:description\" content=\"Witryna wydawnicza Les \u00c9ditions Tout Chose, utworzona w 2021 roku, specjalizuje si\u0119 w publikacji wysokiej jako\u015bci e-book\u00f3w, pod nazw\u0105 Kolekcja Bel eBook.\" \/>\n<meta property=\"og:url\" content=\"https:\/\/editionstoutechose.fr\/pl\/kontakt\/\" \/>\n<meta property=\"og:site_name\" content=\"Les \u00c9ditions Toute Chose\" \/>\n<meta property=\"article:modified_time\" content=\"2025-12-24T14:56:45+00:00\" \/>\n<script type=\"application\/ld+json\" class=\"yoast-schema-graph\">{\"@context\":\"https:\\\/\\\/schema.org\",\"@graph\":[{\"@type\":\"WebPage\",\"@id\":\"https:\\\/\\\/editionstoutechose.fr\\\/pl\\\/kontakt\\\/\",\"url\":\"https:\\\/\\\/editionstoutechose.fr\\\/pl\\\/kontakt\\\/\",\"name\":\"Les \u00c9ditions Toute Chose \u2022 Kolekcja Bel eBook \u2022 Strona kontaktowa\",\"isPartOf\":{\"@id\":\"https:\\\/\\\/editionstoutechose.fr\\\/pl\\\/#website\"},\"datePublished\":\"2019-02-28T13:03:58+00:00\",\"dateModified\":\"2025-12-24T14:56:45+00:00\",\"description\":\"Witryna wydawnicza Les \u00c9ditions Tout Chose, utworzona w 2021 roku, specjalizuje si\u0119 w publikacji wysokiej jako\u015bci e-book\u00f3w, pod nazw\u0105 Kolekcja Bel eBook.\",\"inLanguage\":\"pl-PL\",\"potentialAction\":[{\"@type\":\"ReadAction\",\"target\":[\"https:\\\/\\\/editionstoutechose.fr\\\/pl\\\/kontakt\\\/\"]}]},{\"@type\":\"WebSite\",\"@id\":\"https:\\\/\\\/editionstoutechose.fr\\\/pl\\\/#website\",\"url\":\"https:\\\/\\\/editionstoutechose.fr\\\/pl\\\/\",\"name\":\"Les \u00c9ditions Toute Chose\",\"description\":\"\",\"potentialAction\":[{\"@type\":\"SearchAction\",\"target\":{\"@type\":\"EntryPoint\",\"urlTemplate\":\"https:\\\/\\\/editionstoutechose.fr\\\/pl\\\/?s={search_term_string}\"},\"query-input\":{\"@type\":\"PropertyValueSpecification\",\"valueRequired\":true,\"valueName\":\"search_term_string\"}}],\"inLanguage\":\"pl-PL\"}]}<\/script>\n<!-- \/ Yoast SEO plugin. -->","yoast_head_json":{"title":"Les \u00c9ditions Toute Chose \u2022 Kolekcja Bel eBook \u2022 Strona kontaktowa","description":"Witryna wydawnicza Les \u00c9ditions Tout Chose, utworzona w 2021 roku, specjalizuje si\u0119 w publikacji wysokiej jako\u015bci e-book\u00f3w, pod nazw\u0105 Kolekcja Bel eBook.","robots":{"index":"index","follow":"follow","max-snippet":"max-snippet:-1","max-image-preview":"max-image-preview:large","max-video-preview":"max-video-preview:-1"},"canonical":"https:\/\/editionstoutechose.fr\/pl\/kontakt\/","og_locale":"pl_PL","og_type":"article","og_title":"Les \u00c9ditions Toute Chose \u2022 Kolekcja Bel eBook \u2022 Strona kontaktowa","og_description":"Witryna wydawnicza Les \u00c9ditions Tout Chose, utworzona w 2021 roku, specjalizuje si\u0119 w publikacji wysokiej jako\u015bci e-book\u00f3w, pod nazw\u0105 Kolekcja Bel eBook.","og_url":"https:\/\/editionstoutechose.fr\/pl\/kontakt\/","og_site_name":"Les \u00c9ditions Toute Chose","article_modified_time":"2025-12-24T14:56:45+00:00","schema":{"@context":"https:\/\/schema.org","@graph":[{"@type":"WebPage","@id":"https:\/\/editionstoutechose.fr\/pl\/kontakt\/","url":"https:\/\/editionstoutechose.fr\/pl\/kontakt\/","name":"Les \u00c9ditions Toute Chose \u2022 Kolekcja Bel eBook \u2022 Strona kontaktowa","isPartOf":{"@id":"https:\/\/editionstoutechose.fr\/pl\/#website"},"datePublished":"2019-02-28T13:03:58+00:00","dateModified":"2025-12-24T14:56:45+00:00","description":"Witryna wydawnicza Les \u00c9ditions Tout Chose, utworzona w 2021 roku, specjalizuje si\u0119 w publikacji wysokiej jako\u015bci e-book\u00f3w, pod nazw\u0105 Kolekcja Bel eBook.","inLanguage":"pl-PL","potentialAction":[{"@type":"ReadAction","target":["https:\/\/editionstoutechose.fr\/pl\/kontakt\/"]}]},{"@type":"WebSite","@id":"https:\/\/editionstoutechose.fr\/pl\/#website","url":"https:\/\/editionstoutechose.fr\/pl\/","name":"Les \u00c9ditions Toute Chose","description":"","potentialAction":[{"@type":"SearchAction","target":{"@type":"EntryPoint","urlTemplate":"https:\/\/editionstoutechose.fr\/pl\/?s={search_term_string}"},"query-input":{"@type":"PropertyValueSpecification","valueRequired":true,"valueName":"search_term_string"}}],"inLanguage":"pl-PL"}]}},"_links":{"self":[{"href":"https:\/\/editionstoutechose.fr\/pl\/wp-json\/wp\/v2\/pages\/3381","targetHints":{"allow":["GET"]}}],"collection":[{"href":"https:\/\/editionstoutechose.fr\/pl\/wp-json\/wp\/v2\/pages"}],"about":[{"href":"https:\/\/editionstoutechose.fr\/pl\/wp-json\/wp\/v2\/types\/page"}],"author":[{"embeddable":true,"href":"https:\/\/editionstoutechose.fr\/pl\/wp-json\/wp\/v2\/users\/1"}],"replies":[{"embeddable":true,"href":"https:\/\/editionstoutechose.fr\/pl\/wp-json\/wp\/v2\/comments?post=3381"}],"version-history":[{"count":0,"href":"https:\/\/editionstoutechose.fr\/pl\/wp-json\/wp\/v2\/pages\/3381\/revisions"}],"wp:attachment":[{"href":"https:\/\/editionstoutechose.fr\/pl\/wp-json\/wp\/v2\/media?parent=3381"}],"curies":[{"name":"wp","href":"https:\/\/api.w.org\/{rel}","templated":true}]}}