{"id":3388,"date":"2019-02-28T14:11:43","date_gmt":"2019-02-28T13:11:43","guid":{"rendered":"https:\/\/editionstoutechose.fr\/faq\/"},"modified":"2022-12-15T12:57:00","modified_gmt":"2022-12-15T11:57:00","slug":"faq","status":"publish","type":"page","link":"https:\/\/editionstoutechose.fr\/pl\/faq\/","title":{"rendered":"FAQ"},"content":{"rendered":"<div class=\"wpb-content-wrapper\"><p>[vc_row][vc_column][vc_column_text]<\/p>\n<blockquote><p>[\/vc_column_text][\/vc_column][\/vc_row][vc_row full_width=&#8221;stretch_row_content_no_spaces&#8221;][vc_column][\/vc_column][\/vc_row][vc_row full_width=&#8221;stretch_row&#8221; css=&#8221;.vc_custom_1554895255746{background-position: center !important;background-repeat: no-repeat !important;background-size: cover !important;}&#8221;][vc_column][lab_heading title_tag=&#8221;H1&#8243; title=&#8221;FAQ&#8221; css=&#8221;.vc_custom_1620788209841{margin-top: 0px !important;margin-right: 20px !important;margin-bottom: 20px !important;margin-left: 0px !important;padding-top: 20px !important;padding-right: 20px !important;padding-bottom: 20px !important;padding-left: 20px !important;background-image: url(https:\/\/editionstoutechose.fr\/wp-content\/uploads\/2021\/05\/Fond1_abstract-1850416_1920.jpg?id=2512) !important;background-position: center !important;background-repeat: no-repeat !important;background-size: cover !important;}&#8221;]<span style=\"color: #000000;\"><strong>Cz\u0119sto zadawane pytania<\/strong><\/span>[\/lab_heading][vc_row_inner][vc_column_inner css=&#8221;.vc_custom_1632151906867{margin-bottom: -20px !important;padding-bottom: 0px !important;}&#8221;][vc_column_text]<\/p>\n<h2>Les \u00c9ditions Toute Chose?<\/h2>\n<p><strong>\u00c9ditions Tout Chose<\/strong> powsta\u0142o \u2014 w formie tej witryny wydawniczej \u2014 w maju 2021 roku. Jej ambicj\u0105 jest promowanie wysokiej jako\u015bci ksi\u0105\u017cki cyfrowej i jej papierowego odpowiednika (je\u015bli istnieje). Za\u0142o\u017cycielem <strong>Les \u00c9ditions Tout Chose<\/strong> jest <strong>Tomasz Cichawa<\/strong> , tak\u017ce autor i artysta.[\/vc_column_text][\/vc_column_inner][\/vc_row_inner][\/vc_column][\/vc_row][vc_row full_width=&#8221;stretch_row&#8221; content_placement=&#8221;middle&#8221; css=&#8221;.vc_custom_1554895486856{background-position: center !important;background-repeat: no-repeat !important;background-size: cover !important;}&#8221;][vc_column css=&#8221;.vc_custom_1555589738300{padding-right: 60px !important;}&#8221; offset=&#8221;vc_hidden-sm vc_hidden-xs&#8221;][vc_column_text]<\/p>\n<h2>Czym jest <span style=\"color: #800000;\">kolekcja Bel <span style=\"color: #000000;\">eBook<\/span><\/span>?<\/h2>\n<p>Kolekcja <span style=\"color: #800000;\"><strong>Bel eBook<\/strong><\/span> obejmuje <strong>ksi\u0105\u017cki cyfrowe<\/strong> <strong>ilustrowane<\/strong> oryginalnymi dzie\u0142ami oraz ikonografi\u0105 narodowego i \u015bwiatowego dziedzictwa wizualnego. Przeczytaj ten artyku\u0142, aby dowiedzie\u0107 si\u0119 wi\u0119cej: <a href=\"http:\/\/editionstoutechose.fr\/collection-bel-ebook-mode-demploi\/\" target=\"_blank\" rel=\"noopener\">http:\/\/editionstoutechose.fr\/collection-bel-ebook-mode-demploi\/<\/a>[\/vc_column_text][vc_column_text]<\/p>\n<h2>Jaki katalog?<\/h2>\n<p>Znajdziesz tam: <strong>powie\u015b\u0107,<\/strong> <strong>opowiadanie, poezj\u0119 wsp\u00f3\u0142czesnych autor\u00f3w oraz<\/strong> <strong>poezj\u0119 klasyczn\u0105<\/strong> . Nasze wybory s\u0105 <strong>czysto subiektywne<\/strong> .<\/p>\n<p>Publikujemy teksty <strong>autor\u00f3w<\/strong> francuskich i <strong>polskich<\/strong> .[\/vc_column_text][vc_column_text]<\/p>\n<h2>Gdzie kupi\u0107 nasze tytu\u0142y?<\/h2>\n<p>Przede wszystkim na naszej stronie!<br \/>\nNasz <strong>katalog cyfrowy<\/strong> jest zarz\u0105dzany przez dystrybutora <strong>IMMAT\u00c9RIEL<\/strong> , z sieci\u0105 ponad 100 sprzedawc\u00f3w.<\/p>\n<p><img loading=\"lazy\" decoding=\"async\" class=\"wp-image-4314 size-full aligncenter\" src=\"https:\/\/editionstoutechose.fr\/wp-content\/uploads\/2022\/10\/Logos_diff_bannie%CC%80re.jpg\" alt=\"Les \u00c9ditions Toute Chose \u2022 rozpowszechnianie\" width=\"747\" height=\"78\"><\/p>\n<p>Nos <strong>ouvrages imprim\u00e9s<\/strong> sont pr\u00e9sents dans DILICOM, le fichier interprofessionnel du livre, servant de base de donn\u00e9es de r\u00e9f\u00e9rence pour les libraires, permettant de commander le livre. <strong>Notre r\u00e9f\u00e9rence Dilicom : 3019007667809<\/strong>.[\/vc_column_text][vc_column_text]<\/p>\n<h2>Jestem autorem \/ autork\u0105. Czy mog\u0119 zaproponowa\u0107 m\u00f3j tekst?<\/h2>\n<p>Aktualnie nie przyjmujemy r\u0119kopis\u00f3w w j\u0119zyku polskim. Merci de consulter la rubrique <strong>MANUSCRITS<\/strong> ci-dessous.[\/vc_column_text][vc_column_text]<\/p>\n<h2>Ka\u017cde inne pytanie&#8230;<\/h2>\n<p>Wy\u015blij nam wiadomo\u015b\u0107 ze strony <a href=\"http:\/\/editionstoutechose.fr\/contact\/\" target=\"_blank\" rel=\"noopener\"><strong>KONTAKT<\/strong><\/a> .[\/vc_column_text][\/vc_column][\/vc_row][vc_row full_width=&#8221;stretch_row&#8221; css=&#8221;.vc_custom_1554722437515{background-color: #f3f0ef !important;}&#8221;][vc_column][vc_row_inner][vc_column_inner width=&#8221;2\/3&#8243;][vc_column_text]<\/p>\n<h2><span style=\"color: #000000;\">R\u0119kopisy<\/span><\/h2>\n<p>[\/vc_column_text][vc_column_text]<\/p>\n<div class=\"wpb_text_column wpb_content_element post-formatting \">\n<div class=\"wpb_wrapper\"><\/div>\n<p class=\"wpb_wrapper\"><span style=\"color: #000000;\">Przeczytamy Twoje r\u0119kopisy <strong>powie\u015bci, opowiada\u0144, poezji<\/strong> &#8230;<br \/>\n<strong>Nie publikujemy<\/strong> : fantasy, polar, thriller, literatury dla m\u0142odzie\u017cy, teatr, komiks.<br \/>\n<\/span><\/p>\n<hr>\n<h5><strong>Wysy\u0142ka i formatowanie<\/strong> <em>(w celu u\u0142atwienia naszej pracy)<\/em><strong><br \/>\n<\/strong><\/h5>\n<ul>\n<li><span style=\"color: #0000ff;\"><strong>Wy\u0142\u0105cznie w formie cyfrowej, poczt\u0105 elektroniczn\u0105<\/strong><\/span> <em>(nie przyjmujemy r\u0119kopis\u00f3w papierowych)<\/em> na adres: <strong>manuscripts@editionstoutechose.fr<\/strong><\/li>\n<li>Formats de fichiers accept\u00e9s : <strong>.odt .doc(x) .pdf<br \/>\n<\/strong><\/li>\n<li>Czcionki: preferowana czcionka <strong>Times New Roman 14p<\/strong> lub <strong>Verdana 12p<\/strong> .<\/li>\n<li>W tytule e-maila podaj: AUTOR \u2022 TYTU\u0141 \u2022 GATUNEK, np. <em>Charles Baudelaire \u2022 \u201eLes Fleurs du mal\u201d \u2022 Poezja<\/em><\/li>\n<li>Merci de joindre \u00e0 votre manuscrit <em>(sur la m\u00eame page)<\/em> : un <strong>r\u00e9sum\u00e9<\/strong> <em>(textes en prose)<\/em> et <strong>quelques mots de pr\u00e9sentation<\/strong>. Pami\u0119taj, aby poda\u0107 <strong>swoje dane kontaktowe na ok\u0142adce r\u0119kopisu<\/strong> .<\/li>\n<\/ul>\n<hr>\n<h5><strong>Odpowied\u017a<\/strong><\/h5>\n<p>Je\u015bli nie otrzymasz od nas wiadomo\u015bci w ci\u0105gu maksymalnie <strong>2 miesi\u0119cy<\/strong> (poezja) lub <strong>3 miesi\u0119cy<\/strong> (proza), uwa\u017caj, \u017ce Tw\u00f3j tekst nie zosta\u0142 wybrany. Z zasady <strong>nie wysy\u0142amy odpowiedzi<\/strong> e-mailem. Z g\u00f3ry prosimy o zrozumienie.<\/p>\n<\/div>\n<p>[\/vc_column_text][\/vc_column_inner][vc_column_inner width=&#8221;1\/3&#8243;][vc_images_carousel images=&#8221;3008,2402,2729,2428,3922,2313&#8243; img_size=&#8221;400&#215;600&#8243; speed=&#8221;3500&#8243; autoplay=&#8221;yes&#8221; wrap=&#8221;yes&#8221; css_animation=&#8221;none&#8221;][\/vc_column_inner][\/vc_row_inner][\/vc_column][\/vc_row][vc_row][vc_column][vc_column_text]<\/p><\/blockquote>\n<p>[\/vc_column_text][\/vc_column][\/vc_row]<\/p>\n<\/div>","protected":false},"excerpt":{"rendered":"<p>[vc_row][vc_column][vc_column_text] [\/vc_column_text][\/vc_column][\/vc_row][vc_row full_width=&#8221;stretch_row_content_no_spaces&#8221;][vc_column][\/vc_column][\/vc_row][vc_row full_width=&#8221;stretch_row&#8221; css=&#8221;.vc_custom_1554895255746{background-position: center !important;background-repeat: no-repeat !important;background-size: cover !important;}&#8221;][vc_column][lab_heading title_tag=&#8221;H1&#8243; title=&#8221;FAQ&#8221; css=&#8221;.vc_custom_1620788209841{margin-top: 0px !important;margin-right: 20px !important;margin-bottom: 20px !important;margin-left: 0px !important;padding-top: 20px !important;padding-right: 20px !important;padding-bottom: 20px !important;padding-left: 20px !important;background-image: url(https:\/\/editionstoutechose.fr\/wp-content\/uploads\/2021\/05\/Fond1_abstract-1850416_1920.jpg?id=2512) !important;background-position: center !important;background-repeat: no-repeat !important;background-size: cover !important;}&#8221;]Cz\u0119sto zadawane pytania[\/lab_heading][vc_row_inner][vc_column_inner css=&#8221;.vc_custom_1632151906867{margin-bottom: -20px !important;padding-bottom: 0px !important;}&#8221;][vc_column_text] Les \u00c9ditions Toute Chose? \u00c9ditions Tout Chose powsta\u0142o \u2014 w&hellip;<\/p>\n","protected":false},"author":1,"featured_media":0,"parent":0,"menu_order":23,"comment_status":"closed","ping_status":"closed","template":"","meta":{"_acf_changed":false,"footnotes":""},"class_list":["post-3388","page","type-page","status-publish","hentry"],"acf":[],"yoast_head":"<!-- This site is optimized with the Yoast SEO plugin v27.3 - https:\/\/yoast.com\/product\/yoast-seo-wordpress\/ -->\n<title>FAQ Cz\u0119sto zadawane pytania \u2022 Les \u00c9ditions Tout Chose<\/title>\n<meta name=\"description\" content=\"FAQ \u2022 Foire aux questions des \u00c9ditions Toute Chose \u2022 Conditions de soumission des manuscrits\" \/>\n<meta name=\"robots\" content=\"index, follow, max-snippet:-1, max-image-preview:large, max-video-preview:-1\" \/>\n<link rel=\"canonical\" href=\"https:\/\/editionstoutechose.fr\/pl\/faq\/\" \/>\n<meta property=\"og:locale\" content=\"pl_PL\" \/>\n<meta property=\"og:type\" content=\"article\" \/>\n<meta property=\"og:title\" content=\"FAQ Cz\u0119sto zadawane pytania \u2022 Les \u00c9ditions Tout Chose\" \/>\n<meta property=\"og:description\" content=\"FAQ \u2022 Foire aux questions des \u00c9ditions Toute Chose \u2022 Conditions de soumission des manuscrits\" \/>\n<meta property=\"og:url\" content=\"https:\/\/editionstoutechose.fr\/pl\/faq\/\" \/>\n<meta property=\"og:site_name\" content=\"Les \u00c9ditions Toute Chose\" \/>\n<meta property=\"article:modified_time\" content=\"2022-12-15T11:57:00+00:00\" \/>\n<meta property=\"og:image\" content=\"https:\/\/editionstoutechose.fr\/wp-content\/uploads\/2022\/10\/Logos_diff_bannie%CC%80re.jpg\" \/>\n<script type=\"application\/ld+json\" class=\"yoast-schema-graph\">{\"@context\":\"https:\\\/\\\/schema.org\",\"@graph\":[{\"@type\":\"WebPage\",\"@id\":\"https:\\\/\\\/editionstoutechose.fr\\\/pl\\\/faq\\\/\",\"url\":\"https:\\\/\\\/editionstoutechose.fr\\\/pl\\\/faq\\\/\",\"name\":\"FAQ Cz\u0119sto zadawane pytania \u2022 Les \u00c9ditions Tout Chose\",\"isPartOf\":{\"@id\":\"https:\\\/\\\/editionstoutechose.fr\\\/pl\\\/#website\"},\"primaryImageOfPage\":{\"@id\":\"https:\\\/\\\/editionstoutechose.fr\\\/pl\\\/faq\\\/#primaryimage\"},\"image\":{\"@id\":\"https:\\\/\\\/editionstoutechose.fr\\\/pl\\\/faq\\\/#primaryimage\"},\"thumbnailUrl\":\"https:\\\/\\\/editionstoutechose.fr\\\/wp-content\\\/uploads\\\/2022\\\/10\\\/Logos_diff_bannie%CC%80re.jpg\",\"datePublished\":\"2019-02-28T13:11:43+00:00\",\"dateModified\":\"2022-12-15T11:57:00+00:00\",\"description\":\"FAQ \u2022 Foire aux questions des \u00c9ditions Toute Chose \u2022 Conditions de soumission des manuscrits\",\"inLanguage\":\"pl-PL\",\"potentialAction\":[{\"@type\":\"ReadAction\",\"target\":[\"https:\\\/\\\/editionstoutechose.fr\\\/pl\\\/faq\\\/\"]}]},{\"@type\":\"ImageObject\",\"inLanguage\":\"pl-PL\",\"@id\":\"https:\\\/\\\/editionstoutechose.fr\\\/pl\\\/faq\\\/#primaryimage\",\"url\":\"https:\\\/\\\/editionstoutechose.fr\\\/wp-content\\\/uploads\\\/2022\\\/10\\\/Logos_diff_bannie%CC%80re.jpg\",\"contentUrl\":\"https:\\\/\\\/editionstoutechose.fr\\\/wp-content\\\/uploads\\\/2022\\\/10\\\/Logos_diff_bannie%CC%80re.jpg\"},{\"@type\":\"WebSite\",\"@id\":\"https:\\\/\\\/editionstoutechose.fr\\\/pl\\\/#website\",\"url\":\"https:\\\/\\\/editionstoutechose.fr\\\/pl\\\/\",\"name\":\"Les \u00c9ditions Toute Chose\",\"description\":\"\",\"potentialAction\":[{\"@type\":\"SearchAction\",\"target\":{\"@type\":\"EntryPoint\",\"urlTemplate\":\"https:\\\/\\\/editionstoutechose.fr\\\/pl\\\/?s={search_term_string}\"},\"query-input\":{\"@type\":\"PropertyValueSpecification\",\"valueRequired\":true,\"valueName\":\"search_term_string\"}}],\"inLanguage\":\"pl-PL\"}]}<\/script>\n<!-- \/ Yoast SEO plugin. -->","yoast_head_json":{"title":"FAQ Cz\u0119sto zadawane pytania \u2022 Les \u00c9ditions Tout Chose","description":"FAQ \u2022 Foire aux questions des \u00c9ditions Toute Chose \u2022 Conditions de soumission des manuscrits","robots":{"index":"index","follow":"follow","max-snippet":"max-snippet:-1","max-image-preview":"max-image-preview:large","max-video-preview":"max-video-preview:-1"},"canonical":"https:\/\/editionstoutechose.fr\/pl\/faq\/","og_locale":"pl_PL","og_type":"article","og_title":"FAQ Cz\u0119sto zadawane pytania \u2022 Les \u00c9ditions Tout Chose","og_description":"FAQ \u2022 Foire aux questions des \u00c9ditions Toute Chose \u2022 Conditions de soumission des manuscrits","og_url":"https:\/\/editionstoutechose.fr\/pl\/faq\/","og_site_name":"Les \u00c9ditions Toute Chose","article_modified_time":"2022-12-15T11:57:00+00:00","og_image":[{"url":"https:\/\/editionstoutechose.fr\/wp-content\/uploads\/2022\/10\/Logos_diff_bannie%CC%80re.jpg","type":"","width":"","height":""}],"schema":{"@context":"https:\/\/schema.org","@graph":[{"@type":"WebPage","@id":"https:\/\/editionstoutechose.fr\/pl\/faq\/","url":"https:\/\/editionstoutechose.fr\/pl\/faq\/","name":"FAQ Cz\u0119sto zadawane pytania \u2022 Les \u00c9ditions Tout Chose","isPartOf":{"@id":"https:\/\/editionstoutechose.fr\/pl\/#website"},"primaryImageOfPage":{"@id":"https:\/\/editionstoutechose.fr\/pl\/faq\/#primaryimage"},"image":{"@id":"https:\/\/editionstoutechose.fr\/pl\/faq\/#primaryimage"},"thumbnailUrl":"https:\/\/editionstoutechose.fr\/wp-content\/uploads\/2022\/10\/Logos_diff_bannie%CC%80re.jpg","datePublished":"2019-02-28T13:11:43+00:00","dateModified":"2022-12-15T11:57:00+00:00","description":"FAQ \u2022 Foire aux questions des \u00c9ditions Toute Chose \u2022 Conditions de soumission des manuscrits","inLanguage":"pl-PL","potentialAction":[{"@type":"ReadAction","target":["https:\/\/editionstoutechose.fr\/pl\/faq\/"]}]},{"@type":"ImageObject","inLanguage":"pl-PL","@id":"https:\/\/editionstoutechose.fr\/pl\/faq\/#primaryimage","url":"https:\/\/editionstoutechose.fr\/wp-content\/uploads\/2022\/10\/Logos_diff_bannie%CC%80re.jpg","contentUrl":"https:\/\/editionstoutechose.fr\/wp-content\/uploads\/2022\/10\/Logos_diff_bannie%CC%80re.jpg"},{"@type":"WebSite","@id":"https:\/\/editionstoutechose.fr\/pl\/#website","url":"https:\/\/editionstoutechose.fr\/pl\/","name":"Les \u00c9ditions Toute Chose","description":"","potentialAction":[{"@type":"SearchAction","target":{"@type":"EntryPoint","urlTemplate":"https:\/\/editionstoutechose.fr\/pl\/?s={search_term_string}"},"query-input":{"@type":"PropertyValueSpecification","valueRequired":true,"valueName":"search_term_string"}}],"inLanguage":"pl-PL"}]}},"_links":{"self":[{"href":"https:\/\/editionstoutechose.fr\/pl\/wp-json\/wp\/v2\/pages\/3388","targetHints":{"allow":["GET"]}}],"collection":[{"href":"https:\/\/editionstoutechose.fr\/pl\/wp-json\/wp\/v2\/pages"}],"about":[{"href":"https:\/\/editionstoutechose.fr\/pl\/wp-json\/wp\/v2\/types\/page"}],"author":[{"embeddable":true,"href":"https:\/\/editionstoutechose.fr\/pl\/wp-json\/wp\/v2\/users\/1"}],"replies":[{"embeddable":true,"href":"https:\/\/editionstoutechose.fr\/pl\/wp-json\/wp\/v2\/comments?post=3388"}],"version-history":[{"count":0,"href":"https:\/\/editionstoutechose.fr\/pl\/wp-json\/wp\/v2\/pages\/3388\/revisions"}],"wp:attachment":[{"href":"https:\/\/editionstoutechose.fr\/pl\/wp-json\/wp\/v2\/media?parent=3388"}],"curies":[{"name":"wp","href":"https:\/\/api.w.org\/{rel}","templated":true}]}}