{"id":3752,"date":"2022-05-11T21:29:56","date_gmt":"2022-05-11T19:29:56","guid":{"rendered":"https:\/\/editionstoutechose.fr\/?page_id=3752"},"modified":"2022-05-11T22:14:33","modified_gmt":"2022-05-11T20:14:33","slug":"nota-prawna","status":"publish","type":"page","link":"https:\/\/editionstoutechose.fr\/pl\/nota-prawna\/","title":{"rendered":"Nota prawna"},"content":{"rendered":"\n<p><strong>NOTA PRAWNA<\/strong><br><br>Les \u00c9ditions Tout Chose to francuska witryna wydawnicza specjalizuj\u0105ca si\u0119 w tworzeniu, sprzeda\u017cy i promocji ksi\u0105\u017cek cyfrowych lub e-book\u00f3w oraz ksi\u0105\u017cek drukowanych.<br>Forma prawna: mikroprzedsi\u0119biorstwo w imieniu Pana Tomasza Cichawy<br>Adres pocztowy: 4 rue du Moulin Joly, 75011 Pary\u017c<br>Numer SIRET 832 307 359 00014<br>VAT nie ma zastosowania, art. 293 B Kodeksu Podatkowego<br>Adres strony internetowej: https:\/\/editionstoutechose.fr (hostowanej przez francusk\u0105 firm\u0119 OVHcloud z siedzib\u0105 w Roubaix).<br>Kontaktowy adres e-mail: contact@editionstoutechose.fr<\/p>\n","protected":false},"excerpt":{"rendered":"<p>NOTA PRAWNA Les \u00c9ditions Tout Chose to francuska witryna wydawnicza specjalizuj\u0105ca si\u0119 w tworzeniu, sprzeda\u017cy i promocji ksi\u0105\u017cek cyfrowych lub e-book\u00f3w oraz ksi\u0105\u017cek drukowanych.Forma prawna: mikroprzedsi\u0119biorstwo w imieniu Pana Tomasza CichawyAdres pocztowy: 4 rue du Moulin Joly, 75011 Pary\u017cNumer SIRET 832 307 359 00014VAT nie ma zastosowania, art. 293 B Kodeksu PodatkowegoAdres strony internetowej: https:\/\/editionstoutechose.fr&hellip;<\/p>\n","protected":false},"author":1,"featured_media":0,"parent":0,"menu_order":7,"comment_status":"closed","ping_status":"closed","template":"","meta":{"_acf_changed":false,"footnotes":""},"class_list":["post-3752","page","type-page","status-publish","hentry"],"acf":[],"yoast_head":"<!-- This site is optimized with the Yoast SEO plugin v27.3 - https:\/\/yoast.com\/product\/yoast-seo-wordpress\/ -->\n<title>Informacje prawne \u2022 Tout Chose Editions<\/title>\n<meta name=\"description\" content=\"Informacje prawne \u2022 \u00c9ditions Tout Chose specjalizuje si\u0119 w tworzeniu, sprzeda\u017cy i promocji e-book\u00f3w i ksi\u0105\u017cek drukowanych.\" \/>\n<meta name=\"robots\" content=\"index, follow, max-snippet:-1, max-image-preview:large, max-video-preview:-1\" \/>\n<link rel=\"canonical\" href=\"https:\/\/editionstoutechose.fr\/pl\/nota-prawna\/\" \/>\n<meta property=\"og:locale\" content=\"pl_PL\" \/>\n<meta property=\"og:type\" content=\"article\" \/>\n<meta property=\"og:title\" content=\"Informacje prawne \u2022 Tout Chose Editions\" \/>\n<meta property=\"og:description\" content=\"Informacje prawne \u2022 \u00c9ditions Tout Chose specjalizuje si\u0119 w tworzeniu, sprzeda\u017cy i promocji e-book\u00f3w i ksi\u0105\u017cek drukowanych.\" \/>\n<meta property=\"og:url\" content=\"https:\/\/editionstoutechose.fr\/pl\/nota-prawna\/\" \/>\n<meta property=\"og:site_name\" content=\"Les \u00c9ditions Toute Chose\" \/>\n<meta property=\"article:modified_time\" content=\"2022-05-11T20:14:33+00:00\" \/>\n<script type=\"application\/ld+json\" class=\"yoast-schema-graph\">{\"@context\":\"https:\\\/\\\/schema.org\",\"@graph\":[{\"@type\":\"WebPage\",\"@id\":\"https:\\\/\\\/editionstoutechose.fr\\\/pl\\\/nota-prawna\\\/\",\"url\":\"https:\\\/\\\/editionstoutechose.fr\\\/pl\\\/nota-prawna\\\/\",\"name\":\"Informacje prawne \u2022 Tout Chose Editions\",\"isPartOf\":{\"@id\":\"https:\\\/\\\/editionstoutechose.fr\\\/pl\\\/#website\"},\"datePublished\":\"2022-05-11T19:29:56+00:00\",\"dateModified\":\"2022-05-11T20:14:33+00:00\",\"description\":\"Informacje prawne \u2022 \u00c9ditions Tout Chose specjalizuje si\u0119 w tworzeniu, sprzeda\u017cy i promocji e-book\u00f3w i ksi\u0105\u017cek drukowanych.\",\"inLanguage\":\"pl-PL\",\"potentialAction\":[{\"@type\":\"ReadAction\",\"target\":[\"https:\\\/\\\/editionstoutechose.fr\\\/pl\\\/nota-prawna\\\/\"]}]},{\"@type\":\"WebSite\",\"@id\":\"https:\\\/\\\/editionstoutechose.fr\\\/pl\\\/#website\",\"url\":\"https:\\\/\\\/editionstoutechose.fr\\\/pl\\\/\",\"name\":\"Les \u00c9ditions Toute Chose\",\"description\":\"\",\"potentialAction\":[{\"@type\":\"SearchAction\",\"target\":{\"@type\":\"EntryPoint\",\"urlTemplate\":\"https:\\\/\\\/editionstoutechose.fr\\\/pl\\\/?s={search_term_string}\"},\"query-input\":{\"@type\":\"PropertyValueSpecification\",\"valueRequired\":true,\"valueName\":\"search_term_string\"}}],\"inLanguage\":\"pl-PL\"}]}<\/script>\n<!-- \/ Yoast SEO plugin. -->","yoast_head_json":{"title":"Informacje prawne \u2022 Tout Chose Editions","description":"Informacje prawne \u2022 \u00c9ditions Tout Chose specjalizuje si\u0119 w tworzeniu, sprzeda\u017cy i promocji e-book\u00f3w i ksi\u0105\u017cek drukowanych.","robots":{"index":"index","follow":"follow","max-snippet":"max-snippet:-1","max-image-preview":"max-image-preview:large","max-video-preview":"max-video-preview:-1"},"canonical":"https:\/\/editionstoutechose.fr\/pl\/nota-prawna\/","og_locale":"pl_PL","og_type":"article","og_title":"Informacje prawne \u2022 Tout Chose Editions","og_description":"Informacje prawne \u2022 \u00c9ditions Tout Chose specjalizuje si\u0119 w tworzeniu, sprzeda\u017cy i promocji e-book\u00f3w i ksi\u0105\u017cek drukowanych.","og_url":"https:\/\/editionstoutechose.fr\/pl\/nota-prawna\/","og_site_name":"Les \u00c9ditions Toute Chose","article_modified_time":"2022-05-11T20:14:33+00:00","schema":{"@context":"https:\/\/schema.org","@graph":[{"@type":"WebPage","@id":"https:\/\/editionstoutechose.fr\/pl\/nota-prawna\/","url":"https:\/\/editionstoutechose.fr\/pl\/nota-prawna\/","name":"Informacje prawne \u2022 Tout Chose Editions","isPartOf":{"@id":"https:\/\/editionstoutechose.fr\/pl\/#website"},"datePublished":"2022-05-11T19:29:56+00:00","dateModified":"2022-05-11T20:14:33+00:00","description":"Informacje prawne \u2022 \u00c9ditions Tout Chose specjalizuje si\u0119 w tworzeniu, sprzeda\u017cy i promocji e-book\u00f3w i ksi\u0105\u017cek drukowanych.","inLanguage":"pl-PL","potentialAction":[{"@type":"ReadAction","target":["https:\/\/editionstoutechose.fr\/pl\/nota-prawna\/"]}]},{"@type":"WebSite","@id":"https:\/\/editionstoutechose.fr\/pl\/#website","url":"https:\/\/editionstoutechose.fr\/pl\/","name":"Les \u00c9ditions Toute Chose","description":"","potentialAction":[{"@type":"SearchAction","target":{"@type":"EntryPoint","urlTemplate":"https:\/\/editionstoutechose.fr\/pl\/?s={search_term_string}"},"query-input":{"@type":"PropertyValueSpecification","valueRequired":true,"valueName":"search_term_string"}}],"inLanguage":"pl-PL"}]}},"_links":{"self":[{"href":"https:\/\/editionstoutechose.fr\/pl\/wp-json\/wp\/v2\/pages\/3752","targetHints":{"allow":["GET"]}}],"collection":[{"href":"https:\/\/editionstoutechose.fr\/pl\/wp-json\/wp\/v2\/pages"}],"about":[{"href":"https:\/\/editionstoutechose.fr\/pl\/wp-json\/wp\/v2\/types\/page"}],"author":[{"embeddable":true,"href":"https:\/\/editionstoutechose.fr\/pl\/wp-json\/wp\/v2\/users\/1"}],"replies":[{"embeddable":true,"href":"https:\/\/editionstoutechose.fr\/pl\/wp-json\/wp\/v2\/comments?post=3752"}],"version-history":[{"count":0,"href":"https:\/\/editionstoutechose.fr\/pl\/wp-json\/wp\/v2\/pages\/3752\/revisions"}],"wp:attachment":[{"href":"https:\/\/editionstoutechose.fr\/pl\/wp-json\/wp\/v2\/media?parent=3752"}],"curies":[{"name":"wp","href":"https:\/\/api.w.org\/{rel}","templated":true}]}}