{"id":3937,"date":"2022-06-04T14:36:34","date_gmt":"2022-06-04T12:36:34","guid":{"rendered":"https:\/\/editionstoutechose.fr\/?page_id=3937"},"modified":"2022-07-28T21:49:22","modified_gmt":"2022-07-28T19:49:22","slug":"polityka-prywatnosci-i-ogolne-warunki-sprzedazy","status":"publish","type":"page","link":"https:\/\/editionstoutechose.fr\/pl\/polityka-prywatnosci-i-ogolne-warunki-sprzedazy\/","title":{"rendered":"Polityka Prywatno\u015bci i Og\u00f3lne Warunki Sprzeda\u017cy"},"content":{"rendered":"\n<h1 class=\"has-vivid-purple-color has-text-color wp-block-heading\">Polityka prywatno\u015bci i Og\u00f3lne Warunki Sprzeda\u017cy<\/h1>\n\n<h2 class=\"wp-block-heading\">1. <strong>O nas<\/strong><\/h2>\n\n<p><strong>Les \u00c9ditions Tout Chose<\/strong> to francuska wizyt\u00f3wka wydawnicza specjalizuj\u0105ca si\u0119 w tworzeniu, sprzeda\u017cy i promocji ksi\u0105\u017cek cyfrowych lub e-book\u00f3w oraz ksi\u0105\u017cek drukowanych.<br\/><strong>Forma prawna<\/strong> : mikroprzedsi\u0119biorstwo w imieniu Pana Tomasza Cichawy<br\/><strong>Adres:<\/strong> 4 rue du Moulin Joly, 75011 Pary\u017c<br\/><strong>SIRET numer<\/strong> 832 307 359 00014<br\/><strong>VAT<\/strong> nie ma zastosowania, art. 293 B francuskiego Kodeksu Podatkowego<br\/>Adres strony <strong>internetowej<\/strong> : https:\/\/editionstoutechose.fr (Strona jest obs\u0142ugiwana przez francusk\u0105 firm\u0119 OVHcloud z siedzib\u0105 w Roubaix.)<br\/><strong>Kontaktowy adres e-mail<\/strong> : contact@editionstoutechose.fr<\/p>\n\n<h2 class=\"wp-block-heading\"><strong>2. Zbieranie informacji<\/strong><\/h2>\n<p>Zbieramy informacje, gdy rejestrujesz si\u0119 na naszej stronie, logujesz si\u0119 na swoje konto, dokonujesz zakupu, bierzesz udzia\u0142 w konkursie i\/lub si\u0119 wylogujesz. Gromadzone informacje obejmuj\u0105 imi\u0119 i nazwisko, adres e-mail i\/lub informacje o karcie kredytowej.<\/p>\n\n<p><strong class=\"privacy-policy-tutorial\"><\/strong>Kiedy zostawiasz komentarz na naszej stronie, zbierane s\u0105 dane wpisane w formularzu komentarza, ale tak\u017ce Tw\u00f3j adres IP i agent u\u017cytkownika Twojej przegl\u0105darki, aby pom\u00f3c nam wykry\u0107 niechciane komentarze.<br\/>Zanonimizowany ci\u0105g znak\u00f3w utworzony na podstawie Twojego adresu e-mail (zwany r\u00f3wnie\u017c hashem) mo\u017ce zosta\u0107 wys\u0142any do us\u0142ugi Gravatar w celu sprawdzenia, czy jej u\u017cywasz. Klauzule poufno\u015bci us\u0142ugi Gravatar s\u0105 dost\u0119pne tutaj: https:\/\/automattic.com\/privacy\/. Po zatwierdzeniu Twojego komentarza, Twoje zdj\u0119cie profilowe b\u0119dzie widoczne publicznie obok Twojego komentarza.<\/p>\n\n<p>Podczas Twojej wizyty na stronie \u015bledzimy:<\/p>\n\n<ul class=\"wp-block-list\"><li>Produkty, kt\u00f3re ogl\u0105da\u0142e\u015b: u\u017cywamy ich na przyk\u0142ad do wy\u015bwietlania produkt\u00f3w, kt\u00f3re ostatnio ogl\u0105da\u0142e\u015b<\/li><li>Lokalizacja, adres IP i typ przegl\u0105darki: u\u017cywamy ich do szacowania podatk\u00f3w i koszt\u00f3w wysy\u0142ki (je\u015bli dotyczy).<\/li><li>Adres wysy\u0142ki: Przed z\u0142o\u017ceniem zam\u00f3wienia poprosimy Ci\u0119 o podanie go w celu oszacowania koszt\u00f3w wysy\u0142ki (je\u015bli dotyczy) oraz w celu wys\u0142ania zam\u00f3wienia do Ciebie.<\/li><\/ul>\n<p>Podczas zakup\u00f3w na naszej stronie internetowej poprosimy Ci\u0119 o podanie informacji, w tym imienia i nazwiska, adresu rozliczeniowego, adresu dostawy, adresu e-mail, numeru telefonu, danych karty p\u0142atniczej\/kredytowej i ewentualnie danych konta, takich jak nazwa u\u017cytkownika i has\u0142o. Informacje te b\u0119d\u0105 wykorzystywane do:<\/p>\n\n<ul class=\"wp-block-list\"><li>Wysy\u0142ania informacji o koncie i zam\u00f3wieniu<\/li><li>Odpowiedzi na zapytania, w tym zwroty i reklamacje<\/li><li>Procesowania p\u0142atno\u015bci i zapobiegania oszustwom<\/li><li>Skonfiguruj swoje konto w naszym sklepie<\/li><li>Przestrzegaj wszelkich zobowi\u0105za\u0144 prawnych<\/li><li>Ulepszanie naszej oferty sklepowej<\/li><li>Wysy\u0142amy Ci wiadomo\u015bci marketingowe, je\u015bli zdecydujesz si\u0119 je otrzymywa\u0107<\/li><\/ul>\n<p>Je\u015bli utworzysz konto, przechowujemy Twoje imi\u0119 i nazwisko, adres, adres e-mail i numer telefonu, kt\u00f3re b\u0119d\u0105 u\u017cywane do wst\u0119pnego wype\u0142niania potwierdzenia zam\u00f3wienia dla przysz\u0142ych zam\u00f3wie\u0144.<\/p>\n\n<p>Zasadniczo przechowujemy Twoje dane tak d\u0142ugo, jak potrzebujemy ich do cel\u00f3w, w kt\u00f3rych je zbieramy i wykorzystujemy, i nie jeste\u015bmy prawnie zobowi\u0105zani do dalszego ich przechowywania. Na przyk\u0142ad przechowujemy informacje o zam\u00f3wieniach przez 3 lata w celach ksi\u0119gowych. Obejmuje to Twoje imi\u0119 i nazwisko, adres e-mail oraz adresy rozliczeniowe i dostawy.<\/p>\n\n<h2 class=\"wp-block-heading\"><strong>3. Media<\/strong><\/h2>\n\n<p>Je\u015bli przesy\u0142asz obrazy na stron\u0119, radzimy unika\u0107 przesy\u0142ania obraz\u00f3w zawieraj\u0105cych dane EXIF ze wsp\u00f3\u0142rz\u0119dnymi GPS. Odwiedzaj\u0105cy witryn\u0119 mog\u0105 pobra\u0107 i wyodr\u0119bni\u0107 dane o lokalizacji z tych obraz\u00f3w.<\/p>\n\n<h2 class=\"wp-block-heading\"><strong>4. U\u017cywanie i zarz\u0105dzanie <em>plikami cookies<\/em><\/strong><\/h2>\n\n<p>Je\u015bli zostawisz komentarz na naszej stronie, zostaniesz poproszony o zapisanie swojego imienia i nazwiska, adresu e-mail i witryny w plikach cookie. To tylko dla Twojej wygody, aby\u015b nie musia\u0142 wprowadza\u0107 tych informacji, je\u015bli p\u00f3\u017aniej zostawisz kolejny komentarz. Te pliki cookie wygasaj\u0105 po roku.<\/p>\n\n<p>Je\u015bli wejdziesz na stron\u0119 logowania, zostanie utworzone tymczasowe ciasteczko w celu okre\u015blenia, czy twoja przegl\u0105darka akceptuje ciasteczka. Nie zawiera \u017cadnych danych osobowych i zostanie automatycznie usuni\u0119ty po zamkni\u0119ciu przegl\u0105darki.<\/p>\n\n<p>Po zalogowaniu ustawimy kilka plik\u00f3w cookie, aby zapisa\u0107 dane logowania i preferencje ekranu. Czas \u017cycia pliku cookie po\u0142\u0105czenia wynosi dwa dni, a pliku cookie opcji ekranu jeden rok. Je\u015bli zaznaczysz \u201eZapami\u0119taj mnie\u201d, plik cookie logowania b\u0119dzie przechowywany przez dwa tygodnie. Je\u015bli wylogujesz si\u0119 ze swojego konta, plik cookie logowania zostanie usuni\u0119ty.<\/p>\n\n<p>Je\u015bli edytujesz lub opublikujesz post, w Twojej przegl\u0105darce zostanie zapisane dodatkowe ciasteczko. Ten plik cookie nie zawiera \u017cadnych danych osobowych. Pokazuje tylko identyfikator posta, kt\u00f3ry w\u0142a\u015bnie edytowa\u0142e\u015b. Wygasa po jednym dniu.<\/p>\n\n<p>U\u017cywamy plik\u00f3w cookie do \u015bledzenia zawarto\u015bci koszyka podczas przegl\u0105dania naszej witryny.<\/p>\n\n<h2 class=\"wp-block-heading\"><strong>5. Osadzone tre\u015bci z innych witryn<\/strong><\/h2>\n\n<p><strong class=\"privacy-policy-tutorial\"><\/strong>Artyku\u0142y w tej witrynie mog\u0105 zawiera\u0107 tre\u015bci importowane (np. filmy, obrazy, artyku\u0142y itp.). Tre\u015bci importowane z innych witryn zachowuj\u0105 si\u0119 tak samo, jak gdyby odwiedzaj\u0105cy by\u0142 na tej innej witrynie.<\/p>\n\n<p>Te witryny mog\u0105 gromadzi\u0107 dane o Tobie, u\u017cywa\u0107 plik\u00f3w cookie, osadza\u0107 narz\u0119dzia \u015bledz\u0105ce stron trzecich, \u015bledzi\u0107 Twoje interakcje z t\u0105 tre\u015bci\u0105 importowan\u0105, je\u015bli masz konto po\u0142\u0105czone z ich witryn\u0105.<\/p>\n\n<h2 class=\"wp-block-heading\"><strong>6. Wykorzystywanie i przekazywanie Twoich danych osobowych<\/strong><\/h2>\n\n<p>Jeste\u015bmy jedynymi w\u0142a\u015bcicielami informacji zebranych na tej stronie. Twoje dane osobowe nie b\u0119d\u0105 sprzedawane, wymieniane, przekazywane ani przekazywane innej firmie z jakiegokolwiek powodu, bez Twojej zgody, z wyj\u0105tkiem niezb\u0119dnych do realizacji \u017c\u0105dania i\/lub transakcji, takich jak wys\u0142anie zam\u00f3wienia.<\/p>\n\n<p>Wszystkie informacje, kt\u00f3re od Ciebie zbieramy, mog\u0105 by\u0107 wykorzystywane do:<br\/>\u2022 Personalizacji Twojego do\u015bwiadczenia jako u\u017cytkownika tej strony<br\/>\u2022 Dostarczenia spersonalizowanych tre\u015bci reklamowych (na przyk\u0142ad za po\u015brednictwem biuletynu informacyjnego)<br\/>\u2022 Ulepszenia naszej witryny<br\/>\u2022 Poprawienia obs\u0142ugi klienta<br\/>\u2022 Skontaktowania si\u0119 z Tob\u0105 przez e-mail<br\/>\u2022 Zarz\u0105dzanie konkursem, promocj\u0105 lub ankiet\u0105\u2026<\/p>\n\n<p>Komentarze go\u015bci mog\u0105 by\u0107 sprawdzane za pomoc\u0105 automatycznej us\u0142ugi wykrywania spamu.<\/p>\n\n<h2 class=\"wp-block-heading\"><strong>7. Czasy przechowywania Twoich danych<\/strong><\/h2>\n\n<p>Je\u015bli zostawisz komentarz lub recenzj\u0119, ich metadane zostan\u0105 zachowane bezterminowo. To automatycznie rozpoznaje i zatwierdza kolejne komentarze zamiast pozostawia\u0107 je w kolejce do moderacji.<\/p>\n\n<p>W przypadku kont, kt\u00f3re rejestruj\u0105 si\u0119 na naszej stronie (je\u015bli dotyczy), przechowujemy r\u00f3wnie\u017c dane osobowe wymienione w ich profilu. Wszystkie konta mog\u0105 w dowolnym momencie przegl\u0105da\u0107, modyfikowa\u0107 lub usuwa\u0107 swoje dane osobowe (z wyj\u0105tkiem identyfikatora). Mened\u017cerowie witryn mog\u0105 r\u00f3wnie\u017c przegl\u0105da\u0107 i edytowa\u0107 te informacje.<\/p>\n\n<h2 class=\"wp-block-heading\"><strong>8. Twoje prawa do danych<\/strong><\/h2>\n\n<p><strong class=\"privacy-policy-tutorial\"><\/strong>Je\u015bli posiadasz konto lub zostawi\u0142e\u015b komentarze na stronie, mo\u017cesz poprosi\u0107 o otrzymanie pliku zawieraj\u0105cego wszystkie dane osobowe, kt\u00f3re posiadamy o Tobie, w tym te, kt\u00f3re nam przekaza\u0142e\u015b. Mo\u017cesz r\u00f3wnie\u017c za\u017c\u0105da\u0107 usuni\u0119cia danych osobowych, kt\u00f3re Ci\u0119 dotycz\u0105. Nie uwzgl\u0119dnia to danych przechowywanych ze wzgl\u0119d\u00f3w administracyjnych, prawnych lub bezpiecze\u0144stwa.<\/p>\n\n<h1 class=\"has-vivid-purple-color has-text-color wp-block-heading\">Og\u00f3lne Warunki Sprzeda\u017cy<\/h1>\n\n<h2 class=\"wp-block-heading\"><strong>9. Cena<\/strong><\/h2>\n\n<p>9.1 &#8211; Ceny naszych produkt\u00f3w s\u0105 podane w euro, zawieraj\u0105 wszystkie podatki, z wy\u0142\u0105czeniem koszt\u00f3w przetwarzania i wysy\u0142ki. Ceny ksi\u0105\u017cek ustalane s\u0105 w \u015bcis\u0142ej zgodno\u015bci z prawem Langa 81-766 z 10 sierpnia 1981 r.<\/p>\n\n<p>9.2 &#8211; Zastrzegamy sobie prawo do zmiany cen w dowolnym momencie, ale produkty b\u0119d\u0105 fakturowane na podstawie cen obowi\u0105zuj\u0105cych w momencie rejestracji zam\u00f3wienia.<\/p>\n\n<h2 class=\"wp-block-heading\"><strong>10. Zam\u00f3wienie<\/strong><\/h2>\n\n<p>Informacje o zam\u00f3wieniu b\u0119d\u0105 przedmiotem potwierdzenia zawieraj\u0105cego te informacje umowne najp\u00f3\u017aniej w momencie dostawy.<\/p>\n\n<h2 class=\"wp-block-heading\"><strong>11. Zatwierdzenie<\/strong><\/h2>\n\n<p>O\u015bwiadczasz, \u017ce przeczyta\u0142e\u015b i zaakceptowa\u0142e\u015b niniejsze Og\u00f3lne Warunki Sprzeda\u017cy przed z\u0142o\u017ceniem zam\u00f3wienia. Zatwierdzenie Twojego zam\u00f3wienia oznacza zatem akceptacj\u0119 niniejszych Og\u00f3lnych Warunk\u00f3w Sprzeda\u017cy. O ile nie zostanie udowodnione inaczej, dane zarejestrowane przez nasz Sklep Internetowy stanowi\u0105 dow\u00f3d wszystkich transakcji dokonywanych przez Sklep i jego Klient\u00f3w.<\/p>\n\n<h2 class=\"wp-block-heading\"><strong>12. Dost\u0119pno\u015b\u0107<\/strong><\/h2>\n\n<p>Nasze oferty produktowe i ceny obowi\u0105zuj\u0105 tak d\u0142ugo, jak s\u0105 widoczne na stronie, w ramach dost\u0119pnych stan\u00f3w magazynowych.<br\/>W tym kontek\u015bcie przy sk\u0142adaniu zam\u00f3wienia przekazywane s\u0105 Pa\u0144stwu wskaz\u00f3wki dotycz\u0105ce dost\u0119pno\u015bci produkt\u00f3w. W przypadku niedost\u0119pno\u015bci produktu po z\u0142o\u017ceniu zam\u00f3wienia, poinformujemy Ci\u0119 po otrzymaniu informacji od dostawc\u00f3w. Twoje zam\u00f3wienie zostanie automatycznie anulowane i otrzymasz natychmiastowy zwrot pieni\u0119dzy, je\u015bli Twoje konto bankowe zosta\u0142o obci\u0105\u017cone.<\/p>\n\n<h2 class=\"wp-block-heading\"><strong>13. Koszty wysy\u0142ki i dostawy<\/strong><\/h2>\n\n<p>Koszty wysy\u0142ki obejmuj\u0105 dop\u0142at\u0119 do koszt\u00f3w przygotowania zam\u00f3wienia, opakowania i koszt\u00f3w wysy\u0142ki. S\u0105 one rycza\u0142towe i powi\u0105zane z kwot\u0105 zam\u00f3wienia.<\/p>\n\n<p>Produkty s\u0105 dostarczane na adres dostawy, kt\u00f3ry widnieje na Twoim koncie. Terminy dostawy wskazane w koszyku liczone s\u0105 od dnia wys\u0142ania towaru. Czas dostawy zale\u017cy zasadniczo od wybranego trybu i miejsca wysy\u0142ki.<br\/>Francja: \u015arednio 2 dni robocze.<br\/>Unia Europejska: \u015brednio od 3 do 7 dni roboczych.<br\/>Mi\u0119dzynarodowe: \u015brednio od 5 do 14 dni w zale\u017cno\u015bci od miejsca docelowego.<\/p>\n\n<h2 class=\"wp-block-heading\"><strong>14. P\u0142atno\u015b\u0107 i bezpiecze\u0144stwo<\/strong><\/h2>\n\n<p>14.1 Zatwierdzenie zam\u00f3wienia oznacza obowi\u0105zek zap\u0142aty wskazanej ceny. P\u0142atno\u015bci za zakupy mo\u017cna dokona\u0107 za pomoc\u0105 metod p\u0142atno\u015bci oferowanych przez nasz Sklep Internetowy.<\/p>\n\n<p>14.2 Nasza strona jest zabezpieczona protoko\u0142em bezpiecze\u0144stwa HTTP <strong>S<\/strong> i certyfikatem SSL Let&#8217;s Encrypt.<br\/>Jako platformy p\u0142atnicze oferujemy PayPal, Stripe i Stripe Przelewy24 (dla polskich klient\u00f3w).<br\/>Polityka prywatno\u015bci PayPal: <a href=\"https:\/\/www.paypal.com\/webapps\/mpp\/ua\/privacy-full\" target=\"_blank\" rel=\"noreferrer noopener\">https:\/\/www.paypal.com\/webapps\/mpp\/ua\/privacy-full<\/a><br\/>Polityka prywatno\u015bci Stripe: <a href=\"https:\/\/stripe.com\/fr\/privacy\" target=\"_blank\" rel=\"noreferrer noopener\">https:\/\/stripe.com\/en\/privacy<\/a><\/p>\n\n<h2 class=\"wp-block-heading\"><strong>15. Prawo do odst\u0105pienia od umowy<\/strong><\/h2>\n\n<p>15.1 &#8211; Masz 14 dni na odst\u0105pienie od zam\u00f3wienia, kt\u00f3re Ci nie odpowiada, bez konieczno\u015bci uzasadnienia przyczyny. Termin 14 dni biegnie od otrzymania zam\u00f3wienia przez Klienta lub wskazan\u0105 przez niego osob\u0119 trzeci\u0105 inn\u0105 ni\u017c przewo\u017anik. Nale\u017cy skorzysta\u0107 z poni\u017cszego formularza i odes\u0142a\u0107 go poczt\u0105 na adres <strong>Les \u00c9ditions Tout Chose, 4 rue du Moulin Joly, 75011 Paris<\/strong> lub poczt\u0105 elektroniczn\u0105 (e-mail) na adres <strong>boutique@editionstoutechose.fr<\/strong> :<br\/><br\/>Nazwisko Imi\u0119 :<br\/>Adres zamieszkania :<br\/><em>Adres e<\/em> -mail Twojego konta:<br\/>Niniejszym informuj\u0119 o moim wycofaniu si\u0119 z poni\u017cszego zam\u00f3wienia<br\/>Numer zam\u00f3wienia, data zam\u00f3wienia, data odbioru:<br\/>Opis zam\u00f3wienia:<br\/>Data :<br\/>Podpis<br\/><br\/>Masz 14 dni od wys\u0142ania formularza odst\u0105pienia na zwrot produkt\u00f3w do nas. Koszty zwrotu b\u0119d\u0105 wtedy na Tw\u00f3j koszt. Tylko cena zakupionego produktu(\u00f3w) i koszty wysy\u0142ki zostan\u0105 zwr\u00f3cone.<\/p>\n\n<p>15.2 &#8211; Zwroty musz\u0105 by\u0107 wykonane w oryginalnym stanie i kompletne (dane produkty nie by\u0142y u\u017cywane ani uszkodzone w \u017caden inny spos\u00f3b), umo\u017cliwiaj\u0105c ich ponowne wprowadzenie na rynek w oryginalnym stanie. W przypadku utraty warto\u015bci produktu wynikaj\u0105cej z manipulacji innych ni\u017c niezb\u0119dne do ustalenia charakteru, cech i prawid\u0142owego funkcjonowania produktu, mo\u017cesz ponie\u015b\u0107 odpowiedzialno\u015b\u0107.<\/p>\n\n<h2 class=\"wp-block-heading\"><strong>16. Reklamacje<\/strong><\/h2>\n\n<p>Aby otworzy\u0107 reklamacj\u0119, napisz do nas maila na adres: <strong>boutique@editionstoutechose.fr<\/strong>. Odpowiemy w ci\u0105gu 7 dni roboczych.<\/p>\n\n<h2 class=\"wp-block-heading\"><strong>17. Zwrot koszt\u00f3w<\/strong><\/h2>\n\n<p>Zwroty produkt\u00f3w w hipotezach, o kt\u00f3rych mowa w artykule 15, zostan\u0105 dokonane w okresie kr\u00f3tszym lub r\u00f3wnym 30 dni od otrzymania przez nas produkt\u00f3w.<br\/>Zwrot zostanie dokonany przy u\u017cyciu tych samych \u015brodk\u00f3w p\u0142atniczych, kt\u00f3re zosta\u0142y u\u017cyte do zakupu. W razie potrzeby zwrot mo\u017ce zosta\u0107 odroczony do czasu odzyskania towaru lub dowodu jego ponownego wys\u0142ania.<\/p>\n\n<h2 class=\"wp-block-heading\"><strong>18. Obowi\u0105zuj\u0105ce prawo &#8211; Spory<\/strong><\/h2>\n\n<p>Niniejsze Og\u00f3lne Warunki Sprzeda\u017cy podlegaj\u0105 prawu francuskiemu, g\u0142\u00f3wnym j\u0119zykiem niniejszych Og\u00f3lnych Warunk\u00f3w Sprzeda\u017cy jest j\u0119zyk francuski.<br\/>W przypadku sporu w\u0142a\u015bciwe b\u0119d\u0105 wy\u0142\u0105cznie s\u0105dy francuskie, po wcze\u015bniejszym wyczerpaniu rozwi\u0105za\u0144 polubownych.<br\/>W przypadku jakichkolwiek reklamacji mo\u017cesz skontaktowa\u0107 si\u0119 z nami na dane kontaktowe wskazane w art. 15.<\/p>\n\n<h2 class=\"wp-block-heading\"><strong>19. Zgoda<\/strong><\/h2>\n\n<p>Korzystaj\u0105c z naszej strony, zgadzasz si\u0119 z nasz\u0105 Polityk\u0105 prywatno\u015bci i Og\u00f3lnymi Warunkami Sprzeda\u017cy.<\/p>\n","protected":false},"excerpt":{"rendered":"<p>Polityka prywatno\u015bci i Og\u00f3lne Warunki Sprzeda\u017cy 1. O nas Les \u00c9ditions Tout Chose to francuska wizyt\u00f3wka wydawnicza specjalizuj\u0105ca si\u0119 w tworzeniu, sprzeda\u017cy i promocji ksi\u0105\u017cek cyfrowych lub e-book\u00f3w oraz ksi\u0105\u017cek drukowanych.Forma prawna : mikroprzedsi\u0119biorstwo w imieniu Pana Tomasza CichawyAdres: 4 rue du Moulin Joly, 75011 Pary\u017cSIRET numer 832 307 359 00014VAT nie ma zastosowania, art.&hellip;<\/p>\n","protected":false},"author":1,"featured_media":0,"parent":0,"menu_order":7,"comment_status":"closed","ping_status":"closed","template":"","meta":{"_acf_changed":false,"footnotes":""},"class_list":["post-3937","page","type-page","status-publish","hentry"],"acf":[],"yoast_head":"<!-- This site is optimized with the Yoast SEO plugin v27.3 - https:\/\/yoast.com\/product\/yoast-seo-wordpress\/ -->\n<title>Polityka prywatno\u015bci i Og\u00f3lne Warunki Sprzeda\u017cy<\/title>\n<meta name=\"description\" content=\"\u00c9ditions Tout Chose Polityka prywatno\u015bci i og\u00f3lne warunki sprzeda\u017cy \u2022 Sprzeda\u017c i promocja e-book\u00f3w i ksi\u0105\u017cek drukowanych\" \/>\n<meta name=\"robots\" content=\"index, follow, max-snippet:-1, max-image-preview:large, max-video-preview:-1\" \/>\n<link rel=\"canonical\" href=\"https:\/\/editionstoutechose.fr\/pl\/polityka-prywatnosci-i-ogolne-warunki-sprzedazy\/\" \/>\n<meta property=\"og:locale\" content=\"pl_PL\" \/>\n<meta property=\"og:type\" content=\"article\" \/>\n<meta property=\"og:title\" content=\"Polityka prywatno\u015bci i Og\u00f3lne Warunki Sprzeda\u017cy\" \/>\n<meta property=\"og:description\" content=\"\u00c9ditions Tout Chose Polityka prywatno\u015bci i og\u00f3lne warunki sprzeda\u017cy \u2022 Sprzeda\u017c i promocja e-book\u00f3w i ksi\u0105\u017cek drukowanych\" \/>\n<meta property=\"og:url\" content=\"https:\/\/editionstoutechose.fr\/pl\/polityka-prywatnosci-i-ogolne-warunki-sprzedazy\/\" \/>\n<meta property=\"og:site_name\" content=\"Les \u00c9ditions Toute Chose\" \/>\n<meta property=\"article:modified_time\" content=\"2022-07-28T19:49:22+00:00\" \/>\n<script type=\"application\/ld+json\" class=\"yoast-schema-graph\">{\"@context\":\"https:\\\/\\\/schema.org\",\"@graph\":[{\"@type\":\"WebPage\",\"@id\":\"https:\\\/\\\/editionstoutechose.fr\\\/pl\\\/polityka-prywatnosci-i-ogolne-warunki-sprzedazy\\\/\",\"url\":\"https:\\\/\\\/editionstoutechose.fr\\\/pl\\\/polityka-prywatnosci-i-ogolne-warunki-sprzedazy\\\/\",\"name\":\"Polityka prywatno\u015bci i Og\u00f3lne Warunki Sprzeda\u017cy\",\"isPartOf\":{\"@id\":\"https:\\\/\\\/editionstoutechose.fr\\\/pl\\\/#website\"},\"datePublished\":\"2022-06-04T12:36:34+00:00\",\"dateModified\":\"2022-07-28T19:49:22+00:00\",\"description\":\"\u00c9ditions Tout Chose Polityka prywatno\u015bci i og\u00f3lne warunki sprzeda\u017cy \u2022 Sprzeda\u017c i promocja e-book\u00f3w i ksi\u0105\u017cek drukowanych\",\"inLanguage\":\"pl-PL\",\"potentialAction\":[{\"@type\":\"ReadAction\",\"target\":[\"https:\\\/\\\/editionstoutechose.fr\\\/pl\\\/polityka-prywatnosci-i-ogolne-warunki-sprzedazy\\\/\"]}]},{\"@type\":\"WebSite\",\"@id\":\"https:\\\/\\\/editionstoutechose.fr\\\/pl\\\/#website\",\"url\":\"https:\\\/\\\/editionstoutechose.fr\\\/pl\\\/\",\"name\":\"Les \u00c9ditions Toute Chose\",\"description\":\"\",\"potentialAction\":[{\"@type\":\"SearchAction\",\"target\":{\"@type\":\"EntryPoint\",\"urlTemplate\":\"https:\\\/\\\/editionstoutechose.fr\\\/pl\\\/?s={search_term_string}\"},\"query-input\":{\"@type\":\"PropertyValueSpecification\",\"valueRequired\":true,\"valueName\":\"search_term_string\"}}],\"inLanguage\":\"pl-PL\"}]}<\/script>\n<!-- \/ Yoast SEO plugin. -->","yoast_head_json":{"title":"Polityka prywatno\u015bci i Og\u00f3lne Warunki Sprzeda\u017cy","description":"\u00c9ditions Tout Chose Polityka prywatno\u015bci i og\u00f3lne warunki sprzeda\u017cy \u2022 Sprzeda\u017c i promocja e-book\u00f3w i ksi\u0105\u017cek drukowanych","robots":{"index":"index","follow":"follow","max-snippet":"max-snippet:-1","max-image-preview":"max-image-preview:large","max-video-preview":"max-video-preview:-1"},"canonical":"https:\/\/editionstoutechose.fr\/pl\/polityka-prywatnosci-i-ogolne-warunki-sprzedazy\/","og_locale":"pl_PL","og_type":"article","og_title":"Polityka prywatno\u015bci i Og\u00f3lne Warunki Sprzeda\u017cy","og_description":"\u00c9ditions Tout Chose Polityka prywatno\u015bci i og\u00f3lne warunki sprzeda\u017cy \u2022 Sprzeda\u017c i promocja e-book\u00f3w i ksi\u0105\u017cek drukowanych","og_url":"https:\/\/editionstoutechose.fr\/pl\/polityka-prywatnosci-i-ogolne-warunki-sprzedazy\/","og_site_name":"Les \u00c9ditions Toute Chose","article_modified_time":"2022-07-28T19:49:22+00:00","schema":{"@context":"https:\/\/schema.org","@graph":[{"@type":"WebPage","@id":"https:\/\/editionstoutechose.fr\/pl\/polityka-prywatnosci-i-ogolne-warunki-sprzedazy\/","url":"https:\/\/editionstoutechose.fr\/pl\/polityka-prywatnosci-i-ogolne-warunki-sprzedazy\/","name":"Polityka prywatno\u015bci i Og\u00f3lne Warunki Sprzeda\u017cy","isPartOf":{"@id":"https:\/\/editionstoutechose.fr\/pl\/#website"},"datePublished":"2022-06-04T12:36:34+00:00","dateModified":"2022-07-28T19:49:22+00:00","description":"\u00c9ditions Tout Chose Polityka prywatno\u015bci i og\u00f3lne warunki sprzeda\u017cy \u2022 Sprzeda\u017c i promocja e-book\u00f3w i ksi\u0105\u017cek drukowanych","inLanguage":"pl-PL","potentialAction":[{"@type":"ReadAction","target":["https:\/\/editionstoutechose.fr\/pl\/polityka-prywatnosci-i-ogolne-warunki-sprzedazy\/"]}]},{"@type":"WebSite","@id":"https:\/\/editionstoutechose.fr\/pl\/#website","url":"https:\/\/editionstoutechose.fr\/pl\/","name":"Les \u00c9ditions Toute Chose","description":"","potentialAction":[{"@type":"SearchAction","target":{"@type":"EntryPoint","urlTemplate":"https:\/\/editionstoutechose.fr\/pl\/?s={search_term_string}"},"query-input":{"@type":"PropertyValueSpecification","valueRequired":true,"valueName":"search_term_string"}}],"inLanguage":"pl-PL"}]}},"_links":{"self":[{"href":"https:\/\/editionstoutechose.fr\/pl\/wp-json\/wp\/v2\/pages\/3937","targetHints":{"allow":["GET"]}}],"collection":[{"href":"https:\/\/editionstoutechose.fr\/pl\/wp-json\/wp\/v2\/pages"}],"about":[{"href":"https:\/\/editionstoutechose.fr\/pl\/wp-json\/wp\/v2\/types\/page"}],"author":[{"embeddable":true,"href":"https:\/\/editionstoutechose.fr\/pl\/wp-json\/wp\/v2\/users\/1"}],"replies":[{"embeddable":true,"href":"https:\/\/editionstoutechose.fr\/pl\/wp-json\/wp\/v2\/comments?post=3937"}],"version-history":[{"count":0,"href":"https:\/\/editionstoutechose.fr\/pl\/wp-json\/wp\/v2\/pages\/3937\/revisions"}],"wp:attachment":[{"href":"https:\/\/editionstoutechose.fr\/pl\/wp-json\/wp\/v2\/media?parent=3937"}],"curies":[{"name":"wp","href":"https:\/\/api.w.org\/{rel}","templated":true}]}}