{"id":3420,"date":"2021-09-20T15:43:38","date_gmt":"2021-09-20T13:43:38","guid":{"rendered":"https:\/\/editionstoutechose.fr\/livres\/haiku-bicephaledwuglowe-haiku\/"},"modified":"2025-12-24T00:24:45","modified_gmt":"2025-12-23T23:24:45","slug":"haiku-bicephale-dwuglowe-haiku","status":"publish","type":"product","link":"https:\/\/editionstoutechose.fr\/pl\/ksiazki\/haiku-bicephale-dwuglowe-haiku\/","title":{"rendered":"Dwug\u0142owe haiku<br>Ha\u00efku bic\u00e9phale"},"content":{"rendered":"<div class=\"wpb-content-wrapper\"><p>[vc_row][vc_column width=&#8221;1\/3&#8243;][vc_column_text]<\/p>\n<h4><span style=\"color: #000000;\"><strong>Linki<\/strong><\/span><\/h4>\n<p>Wi\u0119cej informacji na temat tego zbioru wierszy mo\u017cna znale\u017a\u0107 pod tym linkiem: <strong><a title=\"\u2022 Ha\u00efku bic\u00e9phale \/ Dwug\u0142owe haiku\" href=\"http:\/\/tomaszcichawa.fr\/haiku\" target=\"_blank\" rel=\"noopener noreferrer\">Ha\u00efku bic\u00e9phale<\/a><\/strong> <em>(na stronie autora, otworzy si\u0119 w innej zak\u0142adce)<\/em>.<\/p>\n<hr>\n<p><strong>Ha\u00efku bic\u00e9phale \u2022 Dwug\u0142owe haiku <\/strong> Tomasza Cichawy<br \/>\n<strong>Livre imprim\u00e9<\/strong> ISBN 978-2-492843-37-2<br \/>\n<strong>ePub<\/strong> ISBN 978-2-492843-38-9<br \/>\n<strong>Kindle (mobi)<\/strong> ISBN 978-2-492843-38-6[\/vc_column_text][\/vc_column][vc_column width=&#8221;1\/3&#8243;][vc_gallery interval=&#8221;3&#8243; images=&#8221;5177,5165,5171,5173,5175&#8243; img_size=&#8221;full&#8221; css=&#8221;&#8221;][\/vc_column][vc_column width=&#8221;1\/3&#8243;][\/vc_column][\/vc_row]<\/p>\n<\/div>","protected":false},"excerpt":{"rendered":"<h2><span style=\"color: #000000;\"><strong>Tomasz Cichawa<\/strong><\/span><\/h2>\n<p>Wyb\u00f3r 318 <strong>haiku dwuj\u0119zycznych<\/strong>, po polsku i po francusku. Z ilustracjami autora. 112 pages.<\/p>\n<p><em>(Wi\u0119cej informacji w opisie produktu.)<\/em><\/p>\n<p>\u2022<br \/>\n<span style=\"color: #800000;\"><strong>Disponibilit\u00e9 :<\/strong><strong> livre imprim\u00e9 et eBook<br \/>\n<\/strong><\/span><\/p>\n<hr>\n<p><strong>T\u00e9l\u00e9charger gratuitement les extraits de tous les recueils de l&#8217;auteur, regroup\u00e9s en une seule publication.<br \/>\n<\/strong><\/p>\n<p><img loading=\"lazy\" decoding=\"async\" class=\"alignnone wp-image-5119\" src=\"https:\/\/editionstoutechose.fr\/wp-content\/uploads\/2024\/04\/1600x2056_Couv_Extraits-233x300.jpg\" alt=\"Fragment\" width=\"86\" height=\"110\" srcset=\"https:\/\/editionstoutechose.fr\/wp-content\/uploads\/2024\/04\/1600x2056_Couv_Extraits-233x300.jpg 233w, https:\/\/editionstoutechose.fr\/wp-content\/uploads\/2024\/04\/1600x2056_Couv_Extraits-797x1024.jpg 797w, https:\/\/editionstoutechose.fr\/wp-content\/uploads\/2024\/04\/1600x2056_Couv_Extraits-768x987.jpg 768w, https:\/\/editionstoutechose.fr\/wp-content\/uploads\/2024\/04\/1600x2056_Couv_Extraits-1195x1536.jpg 1195w, https:\/\/editionstoutechose.fr\/wp-content\/uploads\/2024\/04\/1600x2056_Couv_Extraits-1594x2048.jpg 1594w, https:\/\/editionstoutechose.fr\/wp-content\/uploads\/2024\/04\/1600x2056_Couv_Extraits-1116x1434.jpg 1116w, https:\/\/editionstoutechose.fr\/wp-content\/uploads\/2024\/04\/1600x2056_Couv_Extraits-806x1036.jpg 806w, https:\/\/editionstoutechose.fr\/wp-content\/uploads\/2024\/04\/1600x2056_Couv_Extraits-558x717.jpg 558w, https:\/\/editionstoutechose.fr\/wp-content\/uploads\/2024\/04\/1600x2056_Couv_Extraits-655x842.jpg 655w, https:\/\/editionstoutechose.fr\/wp-content\/uploads\/2024\/04\/1600x2056_Couv_Extraits-550x707.jpg 550w, https:\/\/editionstoutechose.fr\/wp-content\/uploads\/2024\/04\/1600x2056_Couv_Extraits.jpg 1600w\" sizes=\"auto, (max-width: 86px) 100vw, 86px\" \/><a href=\"https:\/\/tomaszcichawa.fr\/wp-content\/uploads\/2024\/04\/CICHAWA_Extraits.epub\" target=\"_blank\" rel=\"noopener\"><img loading=\"lazy\" decoding=\"async\" class=\"alignnone wp-image-4301\" src=\"https:\/\/editionstoutechose.fr\/wp-content\/uploads\/2022\/10\/ePub_ico%CC%82ne-300x300.png\" alt=\"Mon accent_extrait ePub\" width=\"50\" height=\"50\"><\/a><a href=\"https:\/\/tomaszcichawa.fr\/wp-content\/uploads\/2024\/04\/CICHAWA_Extraits.mobi\" target=\"_blank\" rel=\"noopener\"><img loading=\"lazy\" decoding=\"async\" class=\"alignnone wp-image-4303\" src=\"https:\/\/editionstoutechose.fr\/wp-content\/uploads\/2022\/10\/Kindle_ico%CC%82ne-300x300.png\" alt=\"Mon accent_extrait Kindle\" width=\"50\" height=\"50\"><img loading=\"lazy\" decoding=\"async\" class=\"alignnone wp-image-4305\" src=\"https:\/\/editionstoutechose.fr\/wp-content\/uploads\/2022\/10\/PDF_ico%CC%82ne1-300x300.png\" alt=\"\" width=\"50\" height=\"50\"><\/a><\/p>\n<hr>\n","protected":false},"featured_media":5160,"template":"","meta":{"_acf_changed":false},"product_brand":[],"product_cat":[411,407,408],"product_tag":[],"class_list":{"0":"post-3420","1":"product","2":"type-product","3":"status-publish","4":"has-post-thumbnail","6":"product_cat-wszystkie-kategorie","7":"product_cat-poezja","8":"product_cat-poezja-wspolczesna","9":"product_shipping_class-livre","10":"pa_auteur-tomasz-cichawa-pl","12":"first","13":"instock","14":"shipping-taxable","15":"purchasable","16":"product-type-variable","18":"catalog-layout-default","19":"columns-xs-1"},"acf":[],"yoast_head":"<!-- This site is optimized with the Yoast SEO plugin v27.3 - https:\/\/yoast.com\/product\/yoast-seo-wordpress\/ -->\n<title>HAIKU BIC\u00c9PHALE - DWUG\u0141OWE HAIKU de Tomasz Cichawa<\/title>\n<meta name=\"description\" content=\"HAIKU BIC\u00c9PHALE - DWUG\u0141OWE HAIKU \u2022 Zbiorek Tomasza Cichawy Zdj\u0119cia utora. Kolekcja Bel eBook \u2022 Zam\u00f3w zbiorek\" \/>\n<meta name=\"robots\" content=\"index, follow, max-snippet:-1, max-image-preview:large, max-video-preview:-1\" \/>\n<link rel=\"canonical\" href=\"https:\/\/editionstoutechose.fr\/pl\/ksiazki\/haiku-bicephale-dwuglowe-haiku\/\" \/>\n<meta property=\"og:locale\" content=\"pl_PL\" \/>\n<meta property=\"og:type\" content=\"article\" \/>\n<meta property=\"og:title\" content=\"HAIKU BIC\u00c9PHALE - DWUG\u0141OWE HAIKU de Tomasz Cichawa\" \/>\n<meta property=\"og:description\" content=\"HAIKU BIC\u00c9PHALE - DWUG\u0141OWE HAIKU \u2022 Zbiorek Tomasza Cichawy Zdj\u0119cia utora. Kolekcja Bel eBook \u2022 Zam\u00f3w zbiorek\" \/>\n<meta property=\"og:url\" content=\"https:\/\/editionstoutechose.fr\/pl\/ksiazki\/haiku-bicephale-dwuglowe-haiku\/\" \/>\n<meta property=\"og:site_name\" content=\"Les \u00c9ditions Toute Chose\" \/>\n<meta property=\"article:modified_time\" content=\"2025-12-23T23:24:45+00:00\" \/>\n<meta property=\"og:image\" content=\"https:\/\/editionstoutechose.fr\/wp-content\/uploads\/2021\/09\/2285x1600_Haiku_bicephale_COUV_FACE_150dpi.jpg\" \/>\n\t<meta property=\"og:image:width\" content=\"1600\" \/>\n\t<meta property=\"og:image:height\" content=\"2285\" \/>\n\t<meta property=\"og:image:type\" content=\"image\/jpeg\" \/>\n<script type=\"application\/ld+json\" class=\"yoast-schema-graph\">{\"@context\":\"https:\\\/\\\/schema.org\",\"@graph\":[{\"@type\":\"WebPage\",\"@id\":\"https:\\\/\\\/editionstoutechose.fr\\\/pl\\\/ksiazki\\\/haiku-bicephale-dwuglowe-haiku\\\/\",\"url\":\"https:\\\/\\\/editionstoutechose.fr\\\/pl\\\/ksiazki\\\/haiku-bicephale-dwuglowe-haiku\\\/\",\"name\":\"HAIKU BIC\u00c9PHALE - DWUG\u0141OWE HAIKU de Tomasz Cichawa\",\"isPartOf\":{\"@id\":\"https:\\\/\\\/editionstoutechose.fr\\\/pl\\\/#website\"},\"primaryImageOfPage\":{\"@id\":\"https:\\\/\\\/editionstoutechose.fr\\\/pl\\\/ksiazki\\\/haiku-bicephale-dwuglowe-haiku\\\/#primaryimage\"},\"image\":{\"@id\":\"https:\\\/\\\/editionstoutechose.fr\\\/pl\\\/ksiazki\\\/haiku-bicephale-dwuglowe-haiku\\\/#primaryimage\"},\"thumbnailUrl\":\"https:\\\/\\\/editionstoutechose.fr\\\/wp-content\\\/uploads\\\/2021\\\/09\\\/2285x1600_Haiku_bicephale_COUV_FACE_150dpi.jpg\",\"datePublished\":\"2021-09-20T13:43:38+00:00\",\"dateModified\":\"2025-12-23T23:24:45+00:00\",\"description\":\"HAIKU BIC\u00c9PHALE - DWUG\u0141OWE HAIKU \u2022 Zbiorek Tomasza Cichawy Zdj\u0119cia utora. Kolekcja Bel eBook \u2022 Zam\u00f3w zbiorek\",\"breadcrumb\":{\"@id\":\"https:\\\/\\\/editionstoutechose.fr\\\/pl\\\/ksiazki\\\/haiku-bicephale-dwuglowe-haiku\\\/#breadcrumb\"},\"inLanguage\":\"pl-PL\",\"potentialAction\":[{\"@type\":\"ReadAction\",\"target\":[\"https:\\\/\\\/editionstoutechose.fr\\\/pl\\\/ksiazki\\\/haiku-bicephale-dwuglowe-haiku\\\/\"]}]},{\"@type\":\"ImageObject\",\"inLanguage\":\"pl-PL\",\"@id\":\"https:\\\/\\\/editionstoutechose.fr\\\/pl\\\/ksiazki\\\/haiku-bicephale-dwuglowe-haiku\\\/#primaryimage\",\"url\":\"https:\\\/\\\/editionstoutechose.fr\\\/wp-content\\\/uploads\\\/2021\\\/09\\\/2285x1600_Haiku_bicephale_COUV_FACE_150dpi.jpg\",\"contentUrl\":\"https:\\\/\\\/editionstoutechose.fr\\\/wp-content\\\/uploads\\\/2021\\\/09\\\/2285x1600_Haiku_bicephale_COUV_FACE_150dpi.jpg\",\"width\":1600,\"height\":2285},{\"@type\":\"BreadcrumbList\",\"@id\":\"https:\\\/\\\/editionstoutechose.fr\\\/pl\\\/ksiazki\\\/haiku-bicephale-dwuglowe-haiku\\\/#breadcrumb\",\"itemListElement\":[{\"@type\":\"ListItem\",\"position\":1,\"name\":\"Katalog\",\"item\":\"https:\\\/\\\/editionstoutechose.fr\\\/pl\\\/katalog\\\/\"},{\"@type\":\"ListItem\",\"position\":2,\"name\":\"Dwug\u0142owe haiku&lt;br&gt;Ha\u00efku bic\u00e9phale\"}]},{\"@type\":\"WebSite\",\"@id\":\"https:\\\/\\\/editionstoutechose.fr\\\/pl\\\/#website\",\"url\":\"https:\\\/\\\/editionstoutechose.fr\\\/pl\\\/\",\"name\":\"Les \u00c9ditions Toute Chose\",\"description\":\"\",\"potentialAction\":[{\"@type\":\"SearchAction\",\"target\":{\"@type\":\"EntryPoint\",\"urlTemplate\":\"https:\\\/\\\/editionstoutechose.fr\\\/pl\\\/?s={search_term_string}\"},\"query-input\":{\"@type\":\"PropertyValueSpecification\",\"valueRequired\":true,\"valueName\":\"search_term_string\"}}],\"inLanguage\":\"pl-PL\"}]}<\/script>\n<!-- \/ Yoast SEO plugin. -->","yoast_head_json":{"title":"HAIKU BIC\u00c9PHALE - DWUG\u0141OWE HAIKU de Tomasz Cichawa","description":"HAIKU BIC\u00c9PHALE - DWUG\u0141OWE HAIKU \u2022 Zbiorek Tomasza Cichawy Zdj\u0119cia utora. Kolekcja Bel eBook \u2022 Zam\u00f3w zbiorek","robots":{"index":"index","follow":"follow","max-snippet":"max-snippet:-1","max-image-preview":"max-image-preview:large","max-video-preview":"max-video-preview:-1"},"canonical":"https:\/\/editionstoutechose.fr\/pl\/ksiazki\/haiku-bicephale-dwuglowe-haiku\/","og_locale":"pl_PL","og_type":"article","og_title":"HAIKU BIC\u00c9PHALE - DWUG\u0141OWE HAIKU de Tomasz Cichawa","og_description":"HAIKU BIC\u00c9PHALE - DWUG\u0141OWE HAIKU \u2022 Zbiorek Tomasza Cichawy Zdj\u0119cia utora. Kolekcja Bel eBook \u2022 Zam\u00f3w zbiorek","og_url":"https:\/\/editionstoutechose.fr\/pl\/ksiazki\/haiku-bicephale-dwuglowe-haiku\/","og_site_name":"Les \u00c9ditions Toute Chose","article_modified_time":"2025-12-23T23:24:45+00:00","og_image":[{"width":1600,"height":2285,"url":"https:\/\/editionstoutechose.fr\/wp-content\/uploads\/2021\/09\/2285x1600_Haiku_bicephale_COUV_FACE_150dpi.jpg","type":"image\/jpeg"}],"schema":{"@context":"https:\/\/schema.org","@graph":[{"@type":"WebPage","@id":"https:\/\/editionstoutechose.fr\/pl\/ksiazki\/haiku-bicephale-dwuglowe-haiku\/","url":"https:\/\/editionstoutechose.fr\/pl\/ksiazki\/haiku-bicephale-dwuglowe-haiku\/","name":"HAIKU BIC\u00c9PHALE - DWUG\u0141OWE HAIKU de Tomasz Cichawa","isPartOf":{"@id":"https:\/\/editionstoutechose.fr\/pl\/#website"},"primaryImageOfPage":{"@id":"https:\/\/editionstoutechose.fr\/pl\/ksiazki\/haiku-bicephale-dwuglowe-haiku\/#primaryimage"},"image":{"@id":"https:\/\/editionstoutechose.fr\/pl\/ksiazki\/haiku-bicephale-dwuglowe-haiku\/#primaryimage"},"thumbnailUrl":"https:\/\/editionstoutechose.fr\/wp-content\/uploads\/2021\/09\/2285x1600_Haiku_bicephale_COUV_FACE_150dpi.jpg","datePublished":"2021-09-20T13:43:38+00:00","dateModified":"2025-12-23T23:24:45+00:00","description":"HAIKU BIC\u00c9PHALE - DWUG\u0141OWE HAIKU \u2022 Zbiorek Tomasza Cichawy Zdj\u0119cia utora. Kolekcja Bel eBook \u2022 Zam\u00f3w zbiorek","breadcrumb":{"@id":"https:\/\/editionstoutechose.fr\/pl\/ksiazki\/haiku-bicephale-dwuglowe-haiku\/#breadcrumb"},"inLanguage":"pl-PL","potentialAction":[{"@type":"ReadAction","target":["https:\/\/editionstoutechose.fr\/pl\/ksiazki\/haiku-bicephale-dwuglowe-haiku\/"]}]},{"@type":"ImageObject","inLanguage":"pl-PL","@id":"https:\/\/editionstoutechose.fr\/pl\/ksiazki\/haiku-bicephale-dwuglowe-haiku\/#primaryimage","url":"https:\/\/editionstoutechose.fr\/wp-content\/uploads\/2021\/09\/2285x1600_Haiku_bicephale_COUV_FACE_150dpi.jpg","contentUrl":"https:\/\/editionstoutechose.fr\/wp-content\/uploads\/2021\/09\/2285x1600_Haiku_bicephale_COUV_FACE_150dpi.jpg","width":1600,"height":2285},{"@type":"BreadcrumbList","@id":"https:\/\/editionstoutechose.fr\/pl\/ksiazki\/haiku-bicephale-dwuglowe-haiku\/#breadcrumb","itemListElement":[{"@type":"ListItem","position":1,"name":"Katalog","item":"https:\/\/editionstoutechose.fr\/pl\/katalog\/"},{"@type":"ListItem","position":2,"name":"Dwug\u0142owe haiku&lt;br&gt;Ha\u00efku bic\u00e9phale"}]},{"@type":"WebSite","@id":"https:\/\/editionstoutechose.fr\/pl\/#website","url":"https:\/\/editionstoutechose.fr\/pl\/","name":"Les \u00c9ditions Toute Chose","description":"","potentialAction":[{"@type":"SearchAction","target":{"@type":"EntryPoint","urlTemplate":"https:\/\/editionstoutechose.fr\/pl\/?s={search_term_string}"},"query-input":{"@type":"PropertyValueSpecification","valueRequired":true,"valueName":"search_term_string"}}],"inLanguage":"pl-PL"}]}},"_links":{"self":[{"href":"https:\/\/editionstoutechose.fr\/pl\/wp-json\/wp\/v2\/product\/3420","targetHints":{"allow":["GET"]}}],"collection":[{"href":"https:\/\/editionstoutechose.fr\/pl\/wp-json\/wp\/v2\/product"}],"about":[{"href":"https:\/\/editionstoutechose.fr\/pl\/wp-json\/wp\/v2\/types\/product"}],"wp:featuredmedia":[{"embeddable":true,"href":"https:\/\/editionstoutechose.fr\/pl\/wp-json\/wp\/v2\/media\/5160"}],"wp:attachment":[{"href":"https:\/\/editionstoutechose.fr\/pl\/wp-json\/wp\/v2\/media?parent=3420"}],"wp:term":[{"taxonomy":"product_brand","embeddable":true,"href":"https:\/\/editionstoutechose.fr\/pl\/wp-json\/wp\/v2\/product_brand?post=3420"},{"taxonomy":"product_cat","embeddable":true,"href":"https:\/\/editionstoutechose.fr\/pl\/wp-json\/wp\/v2\/product_cat?post=3420"},{"taxonomy":"product_tag","embeddable":true,"href":"https:\/\/editionstoutechose.fr\/pl\/wp-json\/wp\/v2\/product_tag?post=3420"}],"curies":[{"name":"wp","href":"https:\/\/api.w.org\/{rel}","templated":true}]}}