{"id":3425,"date":"2021-08-24T20:46:17","date_gmt":"2021-08-24T18:46:17","guid":{"rendered":"https:\/\/editionstoutechose.fr\/livres\/postface\/"},"modified":"2025-12-23T21:42:03","modified_gmt":"2025-12-23T20:42:03","slug":"postface","status":"publish","type":"product","link":"https:\/\/editionstoutechose.fr\/pl\/ksiazki\/postface\/","title":{"rendered":"POSTFACE"},"content":{"rendered":"<div class=\"wpb-content-wrapper\"><p>[vc_row][vc_column][vc_column_text]<\/p>\n<p style=\"text-align: left;\">[\/vc_column_text][\/vc_column][\/vc_row][vc_row][vc_column width=&#8221;1\/3&#8243;][vc_column_text]<strong>POSTFACE<\/strong> de Dominique Biteau et Tomasz Celner<em><br \/>\n<\/em> <strong>ePub<\/strong> ISBN 978-2-492843-09-9<br \/>\n<strong>Kindle<\/strong> ISBN 978-2-492843-10-5<br \/>\n<strong>Livre imprim\u00e9<\/strong> ISBN 978-2-492843-11-2<\/p>\n<hr>\n<p>Les vignettes illustrant ce livre sont des d\u00e9tails d&#8217;estampes <em>Geometria et Perspectiva<\/em> de Lorenz St\u00f6er (XVIe s.)<br \/>\n<em>(Cliquez sur l&#8217;image pour les agrandir\u2026)<\/em>[\/vc_column_text][\/vc_column][vc_column width=&#8221;1\/3&#8243;][vc_gallery interval=&#8221;3&#8243; images=&#8221;3305,3306,3307&#8243; img_size=&#8221;medium&#8221;][\/vc_column][vc_column width=&#8221;1\/3&#8243;][\/vc_column][\/vc_row]<\/p>\n<\/div>","protected":false},"excerpt":{"rendered":"<h2><span style=\"color: #000000;\">de Dominique Biteau et Tomasz Celner<\/span><\/h2>\n<p>ELLE est avocate, LUI est artiste-peintre. Chocia\u017c ich zwi\u0105zek zostaje przerwany przez \u015bmier\u0107 m\u0119\u017cczyzny, para kontynuuje rozmow\u0119 przez 52 tygodnie, podczas gdy op\u0142akuj\u0105 si\u0119.<br \/>\nOtwiera to bohaterom drog\u0119 do wspomnie\u0144 i refleksji nad ich rozbitymi \u015bwiatami.<\/p>\n<hr>\n<p><span style=\"color: #000080;\">Przeczytaj tyln\u0105 ok\u0142adk\u0119 i odkryj fragmenty powie\u015bci na <a style=\"color: #000080;\" href=\"https:\/\/editionstoutechose.fr\/pl\/postface-de-dominique-biteau-et-tomasz-celner\/\" target=\"_blank\" rel=\"noopener\"><strong>DEDYKOWANEJ STRONIE<\/strong><\/a> naszego bloga.<\/span><br \/>\n&#8211;<br \/>\n<span style=\"color: #333333;\"><strong>Dost\u0119pno\u015b\u0107: eBook <\/strong><em>(Kindle, ePub)<\/em> et <strong>livre imprim\u00e9<br \/>\n<\/strong>Wybierz poni\u017cej wersj\u0119 i format.<\/span><\/p>\n<hr>\n<p><strong>T\u00e9l\u00e9charger le d\u00e9but du livre<\/strong><\/p>\n<p><a href=\"https:\/\/editionstoutechose.fr\/wp-content\/uploads\/2024\/07\/POSTFACE_Extrait.epub\"><img loading=\"lazy\" decoding=\"async\" class=\"alignnone wp-image-4301\" src=\"https:\/\/editionstoutechose.fr\/wp-content\/uploads\/2022\/10\/ePub_ico%CC%82ne-300x300.png\" alt=\"Pos\u0142owie_fragment ePub\" width=\"50\" height=\"50\"><\/a><a href=\"https:\/\/editionstoutechose.fr\/wp-content\/uploads\/2024\/07\/POSTFACE_Extrait.mobi\"><img loading=\"lazy\" decoding=\"async\" class=\"alignnone wp-image-4303\" src=\"https:\/\/editionstoutechose.fr\/wp-content\/uploads\/2022\/10\/Kindle_ico%CC%82ne-300x300.png\" alt=\"Postface_fragment Kindle\" width=\"50\" height=\"50\"><\/a><a href=\"https:\/\/editionstoutechose.fr\/wp-content\/uploads\/2021\/10\/Postface_Extrait.pdf\"><img loading=\"lazy\" decoding=\"async\" class=\"alignnone wp-image-4305\" src=\"https:\/\/editionstoutechose.fr\/wp-content\/uploads\/2022\/10\/PDF_ico%CC%82ne1-300x300.png\" alt=\"Postface_fragment PDF\" width=\"50\" height=\"50\"><\/a><\/p>\n<hr>\n","protected":false},"featured_media":3907,"template":"","meta":{"_acf_changed":false},"product_brand":[],"product_cat":[411,410],"product_tag":[],"class_list":{"0":"post-3425","1":"product","2":"type-product","3":"status-publish","4":"has-post-thumbnail","6":"product_cat-wszystkie-kategorie","7":"product_cat-powiesc","8":"product_shipping_class-livre-fr-pl","9":"pa_auteur-dominique-biteau-pl","10":"pa_auteur-tomasz-celner-pl","12":"first","13":"instock","14":"shipping-taxable","15":"purchasable","16":"product-type-variable","18":"catalog-layout-default","19":"columns-xs-1"},"acf":[],"yoast_head":"<!-- This site is optimized with the Yoast SEO plugin v27.3 - https:\/\/yoast.com\/product\/yoast-seo-wordpress\/ -->\n<title>POSTFACE de D.Biteau et T.Celner \u2022 roman<\/title>\n<meta name=\"description\" content=\"POSTFACE. Roman. ELLE est avocate, LUI est peintre. Leur relation cesse \u00e0 la mort de l\u2019homme, mais le couple continue \u00e0 dialoguer.\" \/>\n<meta name=\"robots\" content=\"index, follow, max-snippet:-1, max-image-preview:large, max-video-preview:-1\" \/>\n<link rel=\"canonical\" href=\"https:\/\/editionstoutechose.fr\/pl\/ksiazki\/postface\/\" \/>\n<meta property=\"og:locale\" content=\"pl_PL\" \/>\n<meta property=\"og:type\" content=\"article\" \/>\n<meta property=\"og:title\" content=\"POSTFACE de D.Biteau et T.Celner \u2022 roman\" \/>\n<meta property=\"og:description\" content=\"POSTFACE. Roman. ELLE est avocate, LUI est peintre. Leur relation cesse \u00e0 la mort de l\u2019homme, mais le couple continue \u00e0 dialoguer.\" \/>\n<meta property=\"og:url\" content=\"https:\/\/editionstoutechose.fr\/pl\/ksiazki\/postface\/\" \/>\n<meta property=\"og:site_name\" content=\"Les \u00c9ditions Toute Chose\" \/>\n<meta property=\"article:modified_time\" content=\"2025-12-23T20:42:03+00:00\" \/>\n<meta property=\"og:image\" content=\"https:\/\/editionstoutechose.fr\/wp-content\/uploads\/2022\/06\/1400x2240_Postface_light.jpg\" \/>\n\t<meta property=\"og:image:width\" content=\"1400\" \/>\n\t<meta property=\"og:image:height\" content=\"2240\" \/>\n\t<meta property=\"og:image:type\" content=\"image\/jpeg\" \/>\n<script type=\"application\/ld+json\" class=\"yoast-schema-graph\">{\"@context\":\"https:\\\/\\\/schema.org\",\"@graph\":[{\"@type\":\"WebPage\",\"@id\":\"https:\\\/\\\/editionstoutechose.fr\\\/pl\\\/ksiazki\\\/postface\\\/\",\"url\":\"https:\\\/\\\/editionstoutechose.fr\\\/pl\\\/ksiazki\\\/postface\\\/\",\"name\":\"POSTFACE de D.Biteau et T.Celner \u2022 roman\",\"isPartOf\":{\"@id\":\"https:\\\/\\\/editionstoutechose.fr\\\/pl\\\/#website\"},\"primaryImageOfPage\":{\"@id\":\"https:\\\/\\\/editionstoutechose.fr\\\/pl\\\/ksiazki\\\/postface\\\/#primaryimage\"},\"image\":{\"@id\":\"https:\\\/\\\/editionstoutechose.fr\\\/pl\\\/ksiazki\\\/postface\\\/#primaryimage\"},\"thumbnailUrl\":\"https:\\\/\\\/editionstoutechose.fr\\\/wp-content\\\/uploads\\\/2022\\\/06\\\/1400x2240_Postface_light.jpg\",\"datePublished\":\"2021-08-24T18:46:17+00:00\",\"dateModified\":\"2025-12-23T20:42:03+00:00\",\"description\":\"POSTFACE. Roman. ELLE est avocate, LUI est peintre. Leur relation cesse \u00e0 la mort de l\u2019homme, mais le couple continue \u00e0 dialoguer.\",\"breadcrumb\":{\"@id\":\"https:\\\/\\\/editionstoutechose.fr\\\/pl\\\/ksiazki\\\/postface\\\/#breadcrumb\"},\"inLanguage\":\"pl-PL\",\"potentialAction\":[{\"@type\":\"ReadAction\",\"target\":[\"https:\\\/\\\/editionstoutechose.fr\\\/pl\\\/ksiazki\\\/postface\\\/\"]}]},{\"@type\":\"ImageObject\",\"inLanguage\":\"pl-PL\",\"@id\":\"https:\\\/\\\/editionstoutechose.fr\\\/pl\\\/ksiazki\\\/postface\\\/#primaryimage\",\"url\":\"https:\\\/\\\/editionstoutechose.fr\\\/wp-content\\\/uploads\\\/2022\\\/06\\\/1400x2240_Postface_light.jpg\",\"contentUrl\":\"https:\\\/\\\/editionstoutechose.fr\\\/wp-content\\\/uploads\\\/2022\\\/06\\\/1400x2240_Postface_light.jpg\",\"width\":1400,\"height\":2240,\"caption\":\"Postface_couverture\"},{\"@type\":\"BreadcrumbList\",\"@id\":\"https:\\\/\\\/editionstoutechose.fr\\\/pl\\\/ksiazki\\\/postface\\\/#breadcrumb\",\"itemListElement\":[{\"@type\":\"ListItem\",\"position\":1,\"name\":\"Katalog\",\"item\":\"https:\\\/\\\/editionstoutechose.fr\\\/pl\\\/katalog\\\/\"},{\"@type\":\"ListItem\",\"position\":2,\"name\":\"POSTFACE\"}]},{\"@type\":\"WebSite\",\"@id\":\"https:\\\/\\\/editionstoutechose.fr\\\/pl\\\/#website\",\"url\":\"https:\\\/\\\/editionstoutechose.fr\\\/pl\\\/\",\"name\":\"Les \u00c9ditions Toute Chose\",\"description\":\"\",\"potentialAction\":[{\"@type\":\"SearchAction\",\"target\":{\"@type\":\"EntryPoint\",\"urlTemplate\":\"https:\\\/\\\/editionstoutechose.fr\\\/pl\\\/?s={search_term_string}\"},\"query-input\":{\"@type\":\"PropertyValueSpecification\",\"valueRequired\":true,\"valueName\":\"search_term_string\"}}],\"inLanguage\":\"pl-PL\"}]}<\/script>\n<!-- \/ Yoast SEO plugin. -->","yoast_head_json":{"title":"POSTFACE de D.Biteau et T.Celner \u2022 roman","description":"POSTFACE. Roman. ELLE est avocate, LUI est peintre. Leur relation cesse \u00e0 la mort de l\u2019homme, mais le couple continue \u00e0 dialoguer.","robots":{"index":"index","follow":"follow","max-snippet":"max-snippet:-1","max-image-preview":"max-image-preview:large","max-video-preview":"max-video-preview:-1"},"canonical":"https:\/\/editionstoutechose.fr\/pl\/ksiazki\/postface\/","og_locale":"pl_PL","og_type":"article","og_title":"POSTFACE de D.Biteau et T.Celner \u2022 roman","og_description":"POSTFACE. Roman. ELLE est avocate, LUI est peintre. Leur relation cesse \u00e0 la mort de l\u2019homme, mais le couple continue \u00e0 dialoguer.","og_url":"https:\/\/editionstoutechose.fr\/pl\/ksiazki\/postface\/","og_site_name":"Les \u00c9ditions Toute Chose","article_modified_time":"2025-12-23T20:42:03+00:00","og_image":[{"width":1400,"height":2240,"url":"https:\/\/editionstoutechose.fr\/wp-content\/uploads\/2022\/06\/1400x2240_Postface_light.jpg","type":"image\/jpeg"}],"schema":{"@context":"https:\/\/schema.org","@graph":[{"@type":"WebPage","@id":"https:\/\/editionstoutechose.fr\/pl\/ksiazki\/postface\/","url":"https:\/\/editionstoutechose.fr\/pl\/ksiazki\/postface\/","name":"POSTFACE de D.Biteau et T.Celner \u2022 roman","isPartOf":{"@id":"https:\/\/editionstoutechose.fr\/pl\/#website"},"primaryImageOfPage":{"@id":"https:\/\/editionstoutechose.fr\/pl\/ksiazki\/postface\/#primaryimage"},"image":{"@id":"https:\/\/editionstoutechose.fr\/pl\/ksiazki\/postface\/#primaryimage"},"thumbnailUrl":"https:\/\/editionstoutechose.fr\/wp-content\/uploads\/2022\/06\/1400x2240_Postface_light.jpg","datePublished":"2021-08-24T18:46:17+00:00","dateModified":"2025-12-23T20:42:03+00:00","description":"POSTFACE. Roman. ELLE est avocate, LUI est peintre. Leur relation cesse \u00e0 la mort de l\u2019homme, mais le couple continue \u00e0 dialoguer.","breadcrumb":{"@id":"https:\/\/editionstoutechose.fr\/pl\/ksiazki\/postface\/#breadcrumb"},"inLanguage":"pl-PL","potentialAction":[{"@type":"ReadAction","target":["https:\/\/editionstoutechose.fr\/pl\/ksiazki\/postface\/"]}]},{"@type":"ImageObject","inLanguage":"pl-PL","@id":"https:\/\/editionstoutechose.fr\/pl\/ksiazki\/postface\/#primaryimage","url":"https:\/\/editionstoutechose.fr\/wp-content\/uploads\/2022\/06\/1400x2240_Postface_light.jpg","contentUrl":"https:\/\/editionstoutechose.fr\/wp-content\/uploads\/2022\/06\/1400x2240_Postface_light.jpg","width":1400,"height":2240,"caption":"Postface_couverture"},{"@type":"BreadcrumbList","@id":"https:\/\/editionstoutechose.fr\/pl\/ksiazki\/postface\/#breadcrumb","itemListElement":[{"@type":"ListItem","position":1,"name":"Katalog","item":"https:\/\/editionstoutechose.fr\/pl\/katalog\/"},{"@type":"ListItem","position":2,"name":"POSTFACE"}]},{"@type":"WebSite","@id":"https:\/\/editionstoutechose.fr\/pl\/#website","url":"https:\/\/editionstoutechose.fr\/pl\/","name":"Les \u00c9ditions Toute Chose","description":"","potentialAction":[{"@type":"SearchAction","target":{"@type":"EntryPoint","urlTemplate":"https:\/\/editionstoutechose.fr\/pl\/?s={search_term_string}"},"query-input":{"@type":"PropertyValueSpecification","valueRequired":true,"valueName":"search_term_string"}}],"inLanguage":"pl-PL"}]}},"_links":{"self":[{"href":"https:\/\/editionstoutechose.fr\/pl\/wp-json\/wp\/v2\/product\/3425","targetHints":{"allow":["GET"]}}],"collection":[{"href":"https:\/\/editionstoutechose.fr\/pl\/wp-json\/wp\/v2\/product"}],"about":[{"href":"https:\/\/editionstoutechose.fr\/pl\/wp-json\/wp\/v2\/types\/product"}],"wp:featuredmedia":[{"embeddable":true,"href":"https:\/\/editionstoutechose.fr\/pl\/wp-json\/wp\/v2\/media\/3907"}],"wp:attachment":[{"href":"https:\/\/editionstoutechose.fr\/pl\/wp-json\/wp\/v2\/media?parent=3425"}],"wp:term":[{"taxonomy":"product_brand","embeddable":true,"href":"https:\/\/editionstoutechose.fr\/pl\/wp-json\/wp\/v2\/product_brand?post=3425"},{"taxonomy":"product_cat","embeddable":true,"href":"https:\/\/editionstoutechose.fr\/pl\/wp-json\/wp\/v2\/product_cat?post=3425"},{"taxonomy":"product_tag","embeddable":true,"href":"https:\/\/editionstoutechose.fr\/pl\/wp-json\/wp\/v2\/product_tag?post=3425"}],"curies":[{"name":"wp","href":"https:\/\/api.w.org\/{rel}","templated":true}]}}