{"id":3432,"date":"2021-06-26T17:44:34","date_gmt":"2021-06-26T15:44:34","guid":{"rendered":"https:\/\/editionstoutechose.fr\/livres\/histoire-pour-dimitrius\/"},"modified":"2025-12-24T00:35:08","modified_gmt":"2025-12-23T23:35:08","slug":"histoire-pour-dimitrius","status":"publish","type":"product","link":"https:\/\/editionstoutechose.fr\/pl\/ksiazki\/histoire-pour-dimitrius\/","title":{"rendered":"Histoire pour Dimitrius"},"content":{"rendered":"<div class=\"wpb-content-wrapper\"><p>[vc_row][vc_column][vc_column_text]<\/p>\n<p style=\"text-align: left;\">[\/vc_column_text][\/vc_column][\/vc_row][vc_row][vc_column width=&#8221;1\/3&#8243;][vc_column_text css=&#8221;.vc_custom_1632078303896{padding-right: 10px !important;padding-bottom: 10px !important;padding-left: 10px !important;background-color: #e8e8e8 !important;}&#8221;]<span style=\"color: #000000;\"><em><br \/>\n<\/em><strong>Histoire pour Dimitrius<\/strong> de Gabrielle Sapelier<em><br \/>\n<\/em> <strong>ePub<\/strong> ISBN 978-2-492843-07-5<br \/>\n<strong>Kindle<\/strong> ISBN 978-2-492843-08-2<br \/>\n<strong>Livre imprim\u00e9<\/strong> ISBN 978-2-492843-06-8<br \/>\n<\/span><\/p>\n<hr>\n<p style=\"text-align: left;\"><span style=\"color: #000000;\"><em>Cliquez sur les images pour les agrandir\u2026<\/em><\/span><\/p>\n<p>[\/vc_column_text][\/vc_column][vc_column width=&#8221;1\/3&#8243;][vc_gallery interval=&#8221;3&#8243; images=&#8221;3286,3284,3285&#8243; img_size=&#8221;medium&#8221;][\/vc_column][vc_column width=&#8221;1\/3&#8243;][\/vc_column][\/vc_row]<\/p>\n<\/div>","protected":false},"excerpt":{"rendered":"<h2><span style=\"color: #000000;\"><strong>de Gabrielle Sapelier<\/strong><\/span><\/h2>\n<p>\u00c0 la suite d\u2019un accident de v\u00e9lo \u00e0 l\u2019\u00e2ge de 22 ans, o\u00f9 sa t\u00eate heurte violemment un rocher, Darie Coopens commence \u00e0 souffrir de troubles d\u00e9pressifs. Le p\u00e8re, figure autoritaire de la famille, homme \u00e0 la froideur des vents du Nord, n\u2019est pas un p\u00e8re aimant. Il d\u00e9cide d\u2019\u00e9loigner sa fille et la place dans des institutions psychiatriques frontali\u00e8res fran\u00e7aises et belges.<\/p>\n<p><strong>Histoire pour Dimitrius<\/strong> est un r\u00e9cit autobiographique, ancr\u00e9 dans les ann\u00e9es 70-80, o\u00f9 Gabrielle Sapelier remonte le courant de sa vie en proie \u00e0 la d\u00e9pression. Ce roman est publi\u00e9 \u00e0 titre posthume.<\/p>\n<hr>\n<p><span style=\"color: #000080;\">Lisez le d\u00e9but de la pr\u00e9face du livre et d\u00e9couvrez les extraits du roman sur la <a style=\"color: #000080;\" href=\"https:\/\/editionstoutechose.fr\/histoire-pour-dimitrius-de-gabrielle-sapelier\/\" target=\"_blank\" rel=\"noopener\"><strong>PAGE D\u00c9DI\u00c9E<\/strong><\/a> de notre blog.<br \/>\n\u2022<br \/>\n<\/span><strong>Disponibilit\u00e9 : eBook <\/strong><em>(Kindle, ePub)<\/em> et<strong>livre imprim\u00e9<br \/>\n<\/strong>Faites votre choix de version et de format ci-dessous.<\/p>\n","protected":false},"featured_media":3911,"template":"","meta":{"_acf_changed":false},"product_brand":[],"product_cat":[411,410],"product_tag":[],"class_list":{"0":"post-3432","1":"product","2":"type-product","3":"status-publish","4":"has-post-thumbnail","6":"product_cat-wszystkie-kategorie","7":"product_cat-powiesc","8":"product_shipping_class-livre","9":"pa_auteur-gabrielle-sapelier-pl","11":"first","12":"instock","13":"shipping-taxable","14":"purchasable","15":"product-type-variable","17":"catalog-layout-default","18":"columns-xs-1"},"acf":[],"yoast_head":"<!-- This site is optimized with the Yoast SEO plugin v27.3 - https:\/\/yoast.com\/product\/yoast-seo-wordpress\/ -->\n<title>HISTOIRE POUR DIMITRIUS de Gabrielle Sapelier \u2022 roman<\/title>\n<meta name=\"description\" content=\"HISTOIRE POUR DIMITRIUS. Darie qui souffre de troubles d\u00e9pressifs, conte sa r\u00e9volte et son espoir. Une histoire vraie. Roman posthume.\" \/>\n<meta name=\"robots\" content=\"index, follow, max-snippet:-1, max-image-preview:large, max-video-preview:-1\" \/>\n<link rel=\"canonical\" href=\"https:\/\/editionstoutechose.fr\/pl\/ksiazki\/histoire-pour-dimitrius\/\" \/>\n<meta property=\"og:locale\" content=\"pl_PL\" \/>\n<meta property=\"og:type\" content=\"article\" \/>\n<meta property=\"og:title\" content=\"HISTOIRE POUR DIMITRIUS de Gabrielle Sapelier \u2022 roman\" \/>\n<meta property=\"og:description\" content=\"HISTOIRE POUR DIMITRIUS. Darie qui souffre de troubles d\u00e9pressifs, conte sa r\u00e9volte et son espoir. Une histoire vraie. Roman posthume.\" \/>\n<meta property=\"og:url\" content=\"https:\/\/editionstoutechose.fr\/pl\/ksiazki\/histoire-pour-dimitrius\/\" \/>\n<meta property=\"og:site_name\" content=\"Les \u00c9ditions Toute Chose\" \/>\n<meta property=\"article:modified_time\" content=\"2025-12-23T23:35:08+00:00\" \/>\n<meta property=\"og:image\" content=\"https:\/\/editionstoutechose.fr\/wp-content\/uploads\/2022\/06\/Dimitrius_couverture_2100x1313.jpg\" \/>\n\t<meta property=\"og:image:width\" content=\"1313\" \/>\n\t<meta property=\"og:image:height\" content=\"2100\" \/>\n\t<meta property=\"og:image:type\" content=\"image\/jpeg\" \/>\n<script type=\"application\/ld+json\" class=\"yoast-schema-graph\">{\"@context\":\"https:\\\/\\\/schema.org\",\"@graph\":[{\"@type\":\"WebPage\",\"@id\":\"https:\\\/\\\/editionstoutechose.fr\\\/pl\\\/ksiazki\\\/histoire-pour-dimitrius\\\/\",\"url\":\"https:\\\/\\\/editionstoutechose.fr\\\/pl\\\/ksiazki\\\/histoire-pour-dimitrius\\\/\",\"name\":\"HISTOIRE POUR DIMITRIUS de Gabrielle Sapelier \u2022 roman\",\"isPartOf\":{\"@id\":\"https:\\\/\\\/editionstoutechose.fr\\\/pl\\\/#website\"},\"primaryImageOfPage\":{\"@id\":\"https:\\\/\\\/editionstoutechose.fr\\\/pl\\\/ksiazki\\\/histoire-pour-dimitrius\\\/#primaryimage\"},\"image\":{\"@id\":\"https:\\\/\\\/editionstoutechose.fr\\\/pl\\\/ksiazki\\\/histoire-pour-dimitrius\\\/#primaryimage\"},\"thumbnailUrl\":\"https:\\\/\\\/editionstoutechose.fr\\\/wp-content\\\/uploads\\\/2022\\\/06\\\/Dimitrius_couverture_2100x1313.jpg\",\"datePublished\":\"2021-06-26T15:44:34+00:00\",\"dateModified\":\"2025-12-23T23:35:08+00:00\",\"description\":\"HISTOIRE POUR DIMITRIUS. Darie qui souffre de troubles d\u00e9pressifs, conte sa r\u00e9volte et son espoir. Une histoire vraie. Roman posthume.\",\"breadcrumb\":{\"@id\":\"https:\\\/\\\/editionstoutechose.fr\\\/pl\\\/ksiazki\\\/histoire-pour-dimitrius\\\/#breadcrumb\"},\"inLanguage\":\"pl-PL\",\"potentialAction\":[{\"@type\":\"ReadAction\",\"target\":[\"https:\\\/\\\/editionstoutechose.fr\\\/pl\\\/ksiazki\\\/histoire-pour-dimitrius\\\/\"]}]},{\"@type\":\"ImageObject\",\"inLanguage\":\"pl-PL\",\"@id\":\"https:\\\/\\\/editionstoutechose.fr\\\/pl\\\/ksiazki\\\/histoire-pour-dimitrius\\\/#primaryimage\",\"url\":\"https:\\\/\\\/editionstoutechose.fr\\\/wp-content\\\/uploads\\\/2022\\\/06\\\/Dimitrius_couverture_2100x1313.jpg\",\"contentUrl\":\"https:\\\/\\\/editionstoutechose.fr\\\/wp-content\\\/uploads\\\/2022\\\/06\\\/Dimitrius_couverture_2100x1313.jpg\",\"width\":1313,\"height\":2100,\"caption\":\"Dimitrius_couverture\"},{\"@type\":\"BreadcrumbList\",\"@id\":\"https:\\\/\\\/editionstoutechose.fr\\\/pl\\\/ksiazki\\\/histoire-pour-dimitrius\\\/#breadcrumb\",\"itemListElement\":[{\"@type\":\"ListItem\",\"position\":1,\"name\":\"Katalog\",\"item\":\"https:\\\/\\\/editionstoutechose.fr\\\/pl\\\/katalog\\\/\"},{\"@type\":\"ListItem\",\"position\":2,\"name\":\"Histoire pour Dimitrius\"}]},{\"@type\":\"WebSite\",\"@id\":\"https:\\\/\\\/editionstoutechose.fr\\\/pl\\\/#website\",\"url\":\"https:\\\/\\\/editionstoutechose.fr\\\/pl\\\/\",\"name\":\"Les \u00c9ditions Toute Chose\",\"description\":\"\",\"potentialAction\":[{\"@type\":\"SearchAction\",\"target\":{\"@type\":\"EntryPoint\",\"urlTemplate\":\"https:\\\/\\\/editionstoutechose.fr\\\/pl\\\/?s={search_term_string}\"},\"query-input\":{\"@type\":\"PropertyValueSpecification\",\"valueRequired\":true,\"valueName\":\"search_term_string\"}}],\"inLanguage\":\"pl-PL\"}]}<\/script>\n<!-- \/ Yoast SEO plugin. -->","yoast_head_json":{"title":"HISTOIRE POUR DIMITRIUS de Gabrielle Sapelier \u2022 roman","description":"HISTOIRE POUR DIMITRIUS. Darie qui souffre de troubles d\u00e9pressifs, conte sa r\u00e9volte et son espoir. Une histoire vraie. Roman posthume.","robots":{"index":"index","follow":"follow","max-snippet":"max-snippet:-1","max-image-preview":"max-image-preview:large","max-video-preview":"max-video-preview:-1"},"canonical":"https:\/\/editionstoutechose.fr\/pl\/ksiazki\/histoire-pour-dimitrius\/","og_locale":"pl_PL","og_type":"article","og_title":"HISTOIRE POUR DIMITRIUS de Gabrielle Sapelier \u2022 roman","og_description":"HISTOIRE POUR DIMITRIUS. Darie qui souffre de troubles d\u00e9pressifs, conte sa r\u00e9volte et son espoir. Une histoire vraie. Roman posthume.","og_url":"https:\/\/editionstoutechose.fr\/pl\/ksiazki\/histoire-pour-dimitrius\/","og_site_name":"Les \u00c9ditions Toute Chose","article_modified_time":"2025-12-23T23:35:08+00:00","og_image":[{"width":1313,"height":2100,"url":"https:\/\/editionstoutechose.fr\/wp-content\/uploads\/2022\/06\/Dimitrius_couverture_2100x1313.jpg","type":"image\/jpeg"}],"schema":{"@context":"https:\/\/schema.org","@graph":[{"@type":"WebPage","@id":"https:\/\/editionstoutechose.fr\/pl\/ksiazki\/histoire-pour-dimitrius\/","url":"https:\/\/editionstoutechose.fr\/pl\/ksiazki\/histoire-pour-dimitrius\/","name":"HISTOIRE POUR DIMITRIUS de Gabrielle Sapelier \u2022 roman","isPartOf":{"@id":"https:\/\/editionstoutechose.fr\/pl\/#website"},"primaryImageOfPage":{"@id":"https:\/\/editionstoutechose.fr\/pl\/ksiazki\/histoire-pour-dimitrius\/#primaryimage"},"image":{"@id":"https:\/\/editionstoutechose.fr\/pl\/ksiazki\/histoire-pour-dimitrius\/#primaryimage"},"thumbnailUrl":"https:\/\/editionstoutechose.fr\/wp-content\/uploads\/2022\/06\/Dimitrius_couverture_2100x1313.jpg","datePublished":"2021-06-26T15:44:34+00:00","dateModified":"2025-12-23T23:35:08+00:00","description":"HISTOIRE POUR DIMITRIUS. Darie qui souffre de troubles d\u00e9pressifs, conte sa r\u00e9volte et son espoir. Une histoire vraie. Roman posthume.","breadcrumb":{"@id":"https:\/\/editionstoutechose.fr\/pl\/ksiazki\/histoire-pour-dimitrius\/#breadcrumb"},"inLanguage":"pl-PL","potentialAction":[{"@type":"ReadAction","target":["https:\/\/editionstoutechose.fr\/pl\/ksiazki\/histoire-pour-dimitrius\/"]}]},{"@type":"ImageObject","inLanguage":"pl-PL","@id":"https:\/\/editionstoutechose.fr\/pl\/ksiazki\/histoire-pour-dimitrius\/#primaryimage","url":"https:\/\/editionstoutechose.fr\/wp-content\/uploads\/2022\/06\/Dimitrius_couverture_2100x1313.jpg","contentUrl":"https:\/\/editionstoutechose.fr\/wp-content\/uploads\/2022\/06\/Dimitrius_couverture_2100x1313.jpg","width":1313,"height":2100,"caption":"Dimitrius_couverture"},{"@type":"BreadcrumbList","@id":"https:\/\/editionstoutechose.fr\/pl\/ksiazki\/histoire-pour-dimitrius\/#breadcrumb","itemListElement":[{"@type":"ListItem","position":1,"name":"Katalog","item":"https:\/\/editionstoutechose.fr\/pl\/katalog\/"},{"@type":"ListItem","position":2,"name":"Histoire pour Dimitrius"}]},{"@type":"WebSite","@id":"https:\/\/editionstoutechose.fr\/pl\/#website","url":"https:\/\/editionstoutechose.fr\/pl\/","name":"Les \u00c9ditions Toute Chose","description":"","potentialAction":[{"@type":"SearchAction","target":{"@type":"EntryPoint","urlTemplate":"https:\/\/editionstoutechose.fr\/pl\/?s={search_term_string}"},"query-input":{"@type":"PropertyValueSpecification","valueRequired":true,"valueName":"search_term_string"}}],"inLanguage":"pl-PL"}]}},"_links":{"self":[{"href":"https:\/\/editionstoutechose.fr\/pl\/wp-json\/wp\/v2\/product\/3432","targetHints":{"allow":["GET"]}}],"collection":[{"href":"https:\/\/editionstoutechose.fr\/pl\/wp-json\/wp\/v2\/product"}],"about":[{"href":"https:\/\/editionstoutechose.fr\/pl\/wp-json\/wp\/v2\/types\/product"}],"wp:featuredmedia":[{"embeddable":true,"href":"https:\/\/editionstoutechose.fr\/pl\/wp-json\/wp\/v2\/media\/3911"}],"wp:attachment":[{"href":"https:\/\/editionstoutechose.fr\/pl\/wp-json\/wp\/v2\/media?parent=3432"}],"wp:term":[{"taxonomy":"product_brand","embeddable":true,"href":"https:\/\/editionstoutechose.fr\/pl\/wp-json\/wp\/v2\/product_brand?post=3432"},{"taxonomy":"product_cat","embeddable":true,"href":"https:\/\/editionstoutechose.fr\/pl\/wp-json\/wp\/v2\/product_cat?post=3432"},{"taxonomy":"product_tag","embeddable":true,"href":"https:\/\/editionstoutechose.fr\/pl\/wp-json\/wp\/v2\/product_tag?post=3432"}],"curies":[{"name":"wp","href":"https:\/\/api.w.org\/{rel}","templated":true}]}}