{"id":3436,"date":"2021-05-04T15:21:39","date_gmt":"2021-05-04T13:21:39","guid":{"rendered":"https:\/\/editionstoutechose.fr\/livres\/une-plume-de-femme\/"},"modified":"2022-08-18T16:32:00","modified_gmt":"2022-08-18T14:32:00","slug":"une-plume-de-femme-de-marceline-desbordes-valmore","status":"publish","type":"product","link":"https:\/\/editionstoutechose.fr\/pl\/ksiazki\/une-plume-de-femme-de-marceline-desbordes-valmore\/","title":{"rendered":"Une plume de femme"},"content":{"rendered":"<div class=\"wpb-content-wrapper\"><p>[vc_row][vc_column width=&#8221;1\/3&#8243;][vc_column_text css=&#8221;.vc_custom_1632078477761{padding-top: 10px !important;padding-right: 10px !important;padding-bottom: 10px !important;padding-left: 10px !important;background-color: #e8e8e8 !important;}&#8221;]<span style=\"color: #000000;\"><strong>Une plume de femme<\/strong> de Marceline Desbordes-Valmore<em><br \/>\n<\/em><\/span><span style=\"color: #000000;\"><strong>ePub<\/strong> ISBN 978-2-492843-03-7<br \/>\n<strong>Kindle<\/strong> ISBN 978-2-492843-04-4<br \/>\n<strong>PDF<\/strong> ISBN 978-2-492843-05-1<em><br \/>\n<\/em><\/span><\/p>\n<hr>\n<p style=\"text-align: left;\"><span style=\"color: #000000;\"><em>Cliquez sur les images pour les agrandir\u2026<\/em><\/span><\/p>\n<p>[\/vc_column_text][\/vc_column][vc_column width=&#8221;1\/3&#8243;][vc_gallery interval=&#8221;3&#8243; images=&#8221;2387,2385&#8243; img_size=&#8221;full&#8221;][\/vc_column][vc_column width=&#8221;1\/3&#8243;][\/vc_column][\/vc_row]<\/p>\n<\/div>","protected":false},"excerpt":{"rendered":"<h2><span style=\"color: #000000;\"><strong>de Marceline Desbordes-Valmore<\/strong><\/span><\/h2>\n<p>Cette publication, illustr\u00e9e, r\u00e9unit trois po\u00e8mes en prose de <b>Marceline Desbordes-Valmore<\/b> (1786-1859) :<br \/>\n&#8222;Une plume de femme&#8221;<br \/>\n&#8222;L&#8217;avenir d&#8217;une vieille femme&#8221;<br \/>\n&#8222;\u00c9dith (Le Lord des \u00eeles)&#8221;<br \/>\nEn annexe : la chronologie de la vie de la po\u00e8te.<\/p>\n<p>\u2022<em> Extrait d\u2019\u00c9DITH :<\/em><br \/>\n<em>&#8222;Votre amour reste noble, car il sera muet comme s&#8217;il br\u00fblait sur un tombeau ; vous en cacherez les larmes dans un sourire de fiert\u00e9 ; et ce sera bien fait, \u00c9dith, car une femme ne doit jamais se plaindre de n&#8217;\u00eatre point aim\u00e9e. C&#8217;est l&#8217;apprendre \u00e0 sa rivale heureuse : c&#8217;est l&#8217;attrister si elle est bonne ; c&#8217;est troubler sa s\u00e9curit\u00e9 si elle peut devenir jalouse ; c&#8217;est la couronner d&#8217;un orgueil triomphant si l&#8217;orgueil fait le fond de sa joie, \u00e0 elle que n&#8217;a pas saintement humili\u00e9e la honte de n&#8217;\u00eatre point aim\u00e9e.&#8221;<\/em><\/p>\n<hr>\n<p>Lisez <strong>la pr\u00e9face<\/strong> du livre sur <strong><a href=\"http:\/\/editionstoutechose.fr\/une-plume-de-femme-de-marceline-desbordes-valmore\/\" target=\"_blank\" rel=\"noopener\">cette page de notre blog<\/a><\/strong>.<br \/>\n\u2022<br \/>\n<strong>Versions : eBook <\/strong><em>(Kindle <\/em>ou<em> ePub)<\/em> et <strong>PDF<\/strong> offert avec chaque t\u00e9l\u00e9chargement<strong>.<br \/>\n<\/strong><\/p>\n","protected":false},"featured_media":3921,"template":"","meta":{"_acf_changed":false},"product_brand":[],"product_cat":[411,407,409],"product_tag":[],"class_list":{"0":"post-3436","1":"product","2":"type-product","3":"status-publish","4":"has-post-thumbnail","6":"product_cat-wszystkie-kategorie","7":"product_cat-poezja","8":"product_cat-poezja-klasyczna","9":"product_shipping_class-livre-fr-pl","10":"pa_auteur-marceline-desbordes-valmore-pl","12":"first","13":"instock","14":"shipping-taxable","15":"purchasable","16":"product-type-variable","18":"catalog-layout-default","19":"columns-xs-1"},"acf":[],"yoast_head":"<!-- This site is optimized with the Yoast SEO plugin v27.3 - https:\/\/yoast.com\/product\/yoast-seo-wordpress\/ -->\n<title>UNE PLUME DE FEMME de Marceline Desbordes-Valmore<\/title>\n<meta name=\"description\" content=\"UNE PLUME DE FEMME de Marceline Desbordes-Valmore \u2022 Trois po\u00e8mes en prose \u2022 eBook avec illustrations \u2022 Collection Bel eBook\" \/>\n<meta name=\"robots\" content=\"index, follow, max-snippet:-1, max-image-preview:large, max-video-preview:-1\" \/>\n<link rel=\"canonical\" href=\"https:\/\/editionstoutechose.fr\/pl\/ksiazki\/une-plume-de-femme-de-marceline-desbordes-valmore\/\" \/>\n<meta property=\"og:locale\" content=\"pl_PL\" \/>\n<meta property=\"og:type\" content=\"article\" \/>\n<meta property=\"og:title\" content=\"UNE PLUME DE FEMME de Marceline Desbordes-Valmore\" \/>\n<meta property=\"og:description\" content=\"UNE PLUME DE FEMME de Marceline Desbordes-Valmore \u2022 Trois po\u00e8mes en prose \u2022 eBook avec illustrations \u2022 Collection Bel eBook\" \/>\n<meta property=\"og:url\" content=\"https:\/\/editionstoutechose.fr\/pl\/ksiazki\/une-plume-de-femme-de-marceline-desbordes-valmore\/\" \/>\n<meta property=\"og:site_name\" content=\"Les \u00c9ditions Toute Chose\" \/>\n<meta property=\"article:modified_time\" content=\"2022-08-18T14:32:00+00:00\" \/>\n<meta property=\"og:image\" content=\"https:\/\/editionstoutechose.fr\/wp-content\/uploads\/2022\/06\/Plume-de-femme_couverture_1200x1920.jpg\" \/>\n\t<meta property=\"og:image:width\" content=\"1200\" \/>\n\t<meta property=\"og:image:height\" content=\"1920\" \/>\n\t<meta property=\"og:image:type\" content=\"image\/jpeg\" \/>\n<script type=\"application\/ld+json\" class=\"yoast-schema-graph\">{\"@context\":\"https:\\\/\\\/schema.org\",\"@graph\":[{\"@type\":\"WebPage\",\"@id\":\"https:\\\/\\\/editionstoutechose.fr\\\/pl\\\/ksiazki\\\/une-plume-de-femme-de-marceline-desbordes-valmore\\\/\",\"url\":\"https:\\\/\\\/editionstoutechose.fr\\\/pl\\\/ksiazki\\\/une-plume-de-femme-de-marceline-desbordes-valmore\\\/\",\"name\":\"UNE PLUME DE FEMME de Marceline Desbordes-Valmore\",\"isPartOf\":{\"@id\":\"https:\\\/\\\/editionstoutechose.fr\\\/pl\\\/#website\"},\"primaryImageOfPage\":{\"@id\":\"https:\\\/\\\/editionstoutechose.fr\\\/pl\\\/ksiazki\\\/une-plume-de-femme-de-marceline-desbordes-valmore\\\/#primaryimage\"},\"image\":{\"@id\":\"https:\\\/\\\/editionstoutechose.fr\\\/pl\\\/ksiazki\\\/une-plume-de-femme-de-marceline-desbordes-valmore\\\/#primaryimage\"},\"thumbnailUrl\":\"https:\\\/\\\/editionstoutechose.fr\\\/wp-content\\\/uploads\\\/2022\\\/06\\\/Plume-de-femme_couverture_1200x1920.jpg\",\"datePublished\":\"2021-05-04T13:21:39+00:00\",\"dateModified\":\"2022-08-18T14:32:00+00:00\",\"description\":\"UNE PLUME DE FEMME de Marceline Desbordes-Valmore \u2022 Trois po\u00e8mes en prose \u2022 eBook avec illustrations \u2022 Collection Bel eBook\",\"breadcrumb\":{\"@id\":\"https:\\\/\\\/editionstoutechose.fr\\\/pl\\\/ksiazki\\\/une-plume-de-femme-de-marceline-desbordes-valmore\\\/#breadcrumb\"},\"inLanguage\":\"pl-PL\",\"potentialAction\":[{\"@type\":\"ReadAction\",\"target\":[\"https:\\\/\\\/editionstoutechose.fr\\\/pl\\\/ksiazki\\\/une-plume-de-femme-de-marceline-desbordes-valmore\\\/\"]}]},{\"@type\":\"ImageObject\",\"inLanguage\":\"pl-PL\",\"@id\":\"https:\\\/\\\/editionstoutechose.fr\\\/pl\\\/ksiazki\\\/une-plume-de-femme-de-marceline-desbordes-valmore\\\/#primaryimage\",\"url\":\"https:\\\/\\\/editionstoutechose.fr\\\/wp-content\\\/uploads\\\/2022\\\/06\\\/Plume-de-femme_couverture_1200x1920.jpg\",\"contentUrl\":\"https:\\\/\\\/editionstoutechose.fr\\\/wp-content\\\/uploads\\\/2022\\\/06\\\/Plume-de-femme_couverture_1200x1920.jpg\",\"width\":1200,\"height\":1920,\"caption\":\"Une plume de femme_couverture\"},{\"@type\":\"BreadcrumbList\",\"@id\":\"https:\\\/\\\/editionstoutechose.fr\\\/pl\\\/ksiazki\\\/une-plume-de-femme-de-marceline-desbordes-valmore\\\/#breadcrumb\",\"itemListElement\":[{\"@type\":\"ListItem\",\"position\":1,\"name\":\"Katalog\",\"item\":\"https:\\\/\\\/editionstoutechose.fr\\\/pl\\\/katalog\\\/\"},{\"@type\":\"ListItem\",\"position\":2,\"name\":\"Une plume de femme\"}]},{\"@type\":\"WebSite\",\"@id\":\"https:\\\/\\\/editionstoutechose.fr\\\/pl\\\/#website\",\"url\":\"https:\\\/\\\/editionstoutechose.fr\\\/pl\\\/\",\"name\":\"Les \u00c9ditions Toute Chose\",\"description\":\"\",\"potentialAction\":[{\"@type\":\"SearchAction\",\"target\":{\"@type\":\"EntryPoint\",\"urlTemplate\":\"https:\\\/\\\/editionstoutechose.fr\\\/pl\\\/?s={search_term_string}\"},\"query-input\":{\"@type\":\"PropertyValueSpecification\",\"valueRequired\":true,\"valueName\":\"search_term_string\"}}],\"inLanguage\":\"pl-PL\"}]}<\/script>\n<!-- \/ Yoast SEO plugin. -->","yoast_head_json":{"title":"UNE PLUME DE FEMME de Marceline Desbordes-Valmore","description":"UNE PLUME DE FEMME de Marceline Desbordes-Valmore \u2022 Trois po\u00e8mes en prose \u2022 eBook avec illustrations \u2022 Collection Bel eBook","robots":{"index":"index","follow":"follow","max-snippet":"max-snippet:-1","max-image-preview":"max-image-preview:large","max-video-preview":"max-video-preview:-1"},"canonical":"https:\/\/editionstoutechose.fr\/pl\/ksiazki\/une-plume-de-femme-de-marceline-desbordes-valmore\/","og_locale":"pl_PL","og_type":"article","og_title":"UNE PLUME DE FEMME de Marceline Desbordes-Valmore","og_description":"UNE PLUME DE FEMME de Marceline Desbordes-Valmore \u2022 Trois po\u00e8mes en prose \u2022 eBook avec illustrations \u2022 Collection Bel eBook","og_url":"https:\/\/editionstoutechose.fr\/pl\/ksiazki\/une-plume-de-femme-de-marceline-desbordes-valmore\/","og_site_name":"Les \u00c9ditions Toute Chose","article_modified_time":"2022-08-18T14:32:00+00:00","og_image":[{"width":1200,"height":1920,"url":"https:\/\/editionstoutechose.fr\/wp-content\/uploads\/2022\/06\/Plume-de-femme_couverture_1200x1920.jpg","type":"image\/jpeg"}],"schema":{"@context":"https:\/\/schema.org","@graph":[{"@type":"WebPage","@id":"https:\/\/editionstoutechose.fr\/pl\/ksiazki\/une-plume-de-femme-de-marceline-desbordes-valmore\/","url":"https:\/\/editionstoutechose.fr\/pl\/ksiazki\/une-plume-de-femme-de-marceline-desbordes-valmore\/","name":"UNE PLUME DE FEMME de Marceline Desbordes-Valmore","isPartOf":{"@id":"https:\/\/editionstoutechose.fr\/pl\/#website"},"primaryImageOfPage":{"@id":"https:\/\/editionstoutechose.fr\/pl\/ksiazki\/une-plume-de-femme-de-marceline-desbordes-valmore\/#primaryimage"},"image":{"@id":"https:\/\/editionstoutechose.fr\/pl\/ksiazki\/une-plume-de-femme-de-marceline-desbordes-valmore\/#primaryimage"},"thumbnailUrl":"https:\/\/editionstoutechose.fr\/wp-content\/uploads\/2022\/06\/Plume-de-femme_couverture_1200x1920.jpg","datePublished":"2021-05-04T13:21:39+00:00","dateModified":"2022-08-18T14:32:00+00:00","description":"UNE PLUME DE FEMME de Marceline Desbordes-Valmore \u2022 Trois po\u00e8mes en prose \u2022 eBook avec illustrations \u2022 Collection Bel eBook","breadcrumb":{"@id":"https:\/\/editionstoutechose.fr\/pl\/ksiazki\/une-plume-de-femme-de-marceline-desbordes-valmore\/#breadcrumb"},"inLanguage":"pl-PL","potentialAction":[{"@type":"ReadAction","target":["https:\/\/editionstoutechose.fr\/pl\/ksiazki\/une-plume-de-femme-de-marceline-desbordes-valmore\/"]}]},{"@type":"ImageObject","inLanguage":"pl-PL","@id":"https:\/\/editionstoutechose.fr\/pl\/ksiazki\/une-plume-de-femme-de-marceline-desbordes-valmore\/#primaryimage","url":"https:\/\/editionstoutechose.fr\/wp-content\/uploads\/2022\/06\/Plume-de-femme_couverture_1200x1920.jpg","contentUrl":"https:\/\/editionstoutechose.fr\/wp-content\/uploads\/2022\/06\/Plume-de-femme_couverture_1200x1920.jpg","width":1200,"height":1920,"caption":"Une plume de femme_couverture"},{"@type":"BreadcrumbList","@id":"https:\/\/editionstoutechose.fr\/pl\/ksiazki\/une-plume-de-femme-de-marceline-desbordes-valmore\/#breadcrumb","itemListElement":[{"@type":"ListItem","position":1,"name":"Katalog","item":"https:\/\/editionstoutechose.fr\/pl\/katalog\/"},{"@type":"ListItem","position":2,"name":"Une plume de femme"}]},{"@type":"WebSite","@id":"https:\/\/editionstoutechose.fr\/pl\/#website","url":"https:\/\/editionstoutechose.fr\/pl\/","name":"Les \u00c9ditions Toute Chose","description":"","potentialAction":[{"@type":"SearchAction","target":{"@type":"EntryPoint","urlTemplate":"https:\/\/editionstoutechose.fr\/pl\/?s={search_term_string}"},"query-input":{"@type":"PropertyValueSpecification","valueRequired":true,"valueName":"search_term_string"}}],"inLanguage":"pl-PL"}]}},"_links":{"self":[{"href":"https:\/\/editionstoutechose.fr\/pl\/wp-json\/wp\/v2\/product\/3436","targetHints":{"allow":["GET"]}}],"collection":[{"href":"https:\/\/editionstoutechose.fr\/pl\/wp-json\/wp\/v2\/product"}],"about":[{"href":"https:\/\/editionstoutechose.fr\/pl\/wp-json\/wp\/v2\/types\/product"}],"wp:featuredmedia":[{"embeddable":true,"href":"https:\/\/editionstoutechose.fr\/pl\/wp-json\/wp\/v2\/media\/3921"}],"wp:attachment":[{"href":"https:\/\/editionstoutechose.fr\/pl\/wp-json\/wp\/v2\/media?parent=3436"}],"wp:term":[{"taxonomy":"product_brand","embeddable":true,"href":"https:\/\/editionstoutechose.fr\/pl\/wp-json\/wp\/v2\/product_brand?post=3436"},{"taxonomy":"product_cat","embeddable":true,"href":"https:\/\/editionstoutechose.fr\/pl\/wp-json\/wp\/v2\/product_cat?post=3436"},{"taxonomy":"product_tag","embeddable":true,"href":"https:\/\/editionstoutechose.fr\/pl\/wp-json\/wp\/v2\/product_tag?post=3436"}],"curies":[{"name":"wp","href":"https:\/\/api.w.org\/{rel}","templated":true}]}}