{"id":3437,"date":"2021-04-24T21:19:24","date_gmt":"2021-04-24T19:19:24","guid":{"rendered":"https:\/\/editionstoutechose.fr\/livres\/les-chimeres\/"},"modified":"2022-12-17T01:02:28","modified_gmt":"2022-12-17T00:02:28","slug":"les-chimeres-de-gerard-de-nerval","status":"publish","type":"product","link":"https:\/\/editionstoutechose.fr\/pl\/ksiazki\/les-chimeres-de-gerard-de-nerval\/","title":{"rendered":"Les Chim\u00e8res"},"content":{"rendered":"<div class=\"wpb-content-wrapper\"><p>[vc_row][vc_column width=&#8221;1\/3&#8243;][vc_column_text css=&#8221;.vc_custom_1632078863392{padding-right: 10px !important;padding-bottom: 10px !important;padding-left: 10px !important;background-color: #e8e8e8 !important;}&#8221;]<span style=\"color: #000000;\"><em><br \/>\n<\/em><strong>Les Chim\u00e8res<\/strong> de G\u00e9rard de Nerval<em><br \/>\n<\/em><\/span><span style=\"color: #000000;\"><strong>ePub<\/strong> ISBN 978-2-492843-00-6<br \/>\n<strong>Kindle<\/strong> ISBN 978-2-492843-01-3<br \/>\n<\/span><\/p>\n<hr>\n<p style=\"text-align: left;\"><span style=\"color: #000000;\"><em>Cliquez sur les images pour les agrandir\u2026<\/em><\/span><\/p>\n<p>[\/vc_column_text][\/vc_column][vc_column width=&#8221;1\/3&#8243;][vc_gallery interval=&#8221;3&#8243; images=&#8221;4289,4291,4293,4295,4297&#8243; img_size=&#8221;full&#8221;][\/vc_column][vc_column width=&#8221;1\/3&#8243;][\/vc_column][\/vc_row]<\/p>\n<\/div>","protected":false},"excerpt":{"rendered":"<h2><strong><span style=\"color: #000000;\">de G\u00e9rard de Nerval<\/span><\/strong><\/h2>\n<p><strong>Les Chim\u00e8res<\/strong> furent compos\u00e9s entre 1843 et 1854. Nous publions la <strong>version d\u00e9finitive<\/strong> de sonnets, parus \u00e0 la suite du recueil de nouvelles <em>Filles du feu <\/em> (janvier 1854).<br \/>\nLa pr\u00e9sente \u00e9dition comprend \u00e9galement des <strong>variantes<\/strong> de certains sonnets et permet ainsi un regard complet sur ce <strong>chef-d&#8217;\u0153uvre<\/strong> de la po\u00e9sie romantique fran\u00e7aise.<br \/>\n\u00c0 travers cet eBoquin de la <strong>Collection Bel eBook<\/strong>, des illustrations accompagnent lecteur au cours de l&#8217;\u00e9tude des textes et commentent, en quelque sorte, son parcours.<br \/>\nUne chronologie de la vie de G\u00e9rard de Nerval compl\u00e8te cet ouvrage num\u00e9rique de qualit\u00e9.<\/p>\n<p><strong>Lisez la pr\u00e9face<\/strong> du livre et consultez les images sur <strong><a href=\"https:\/\/editionstoutechose.fr\/sonnets-de-gerard-de-nerval\/\" target=\"_blank\" rel=\"noopener\">cette page de notre blog<\/a><\/strong>.<br \/>\n\u2022<br \/>\n<strong>Versions : eBook <\/strong><em>(Kindle <\/em>ou<em> ePub)<\/em>.<strong><br \/>\n<\/strong><\/p>\n","protected":false},"featured_media":4265,"template":"","meta":{"_acf_changed":false},"product_brand":[],"product_cat":[411,407,409],"product_tag":[],"class_list":{"0":"post-3437","1":"product","2":"type-product","3":"status-publish","4":"has-post-thumbnail","6":"product_cat-wszystkie-kategorie","7":"product_cat-poezja","8":"product_cat-poezja-klasyczna","9":"product_shipping_class-livre-fr-pl","10":"pa_auteur-gerard-de-nerval-pl","12":"first","13":"instock","14":"shipping-taxable","15":"purchasable","16":"product-type-variable","18":"catalog-layout-default","19":"columns-xs-1"},"acf":[],"yoast_head":"<!-- This site is optimized with the Yoast SEO plugin v27.3 - https:\/\/yoast.com\/product\/yoast-seo-wordpress\/ -->\n<title>LES CHIM\u00c8RES de G\u00e9rard de Nerval \u2022 Collection Bel eBook<\/title>\n<meta name=\"description\" content=\"LES CHIM\u00c8RES de G\u00e9rard de Nerval \u2022 eBook \u2022 Texte int\u00e9gral avec variantes \u2022 Avec illustrations \u2022 Collection Bel eBook \u2022 Superbe publication !\" \/>\n<meta name=\"robots\" content=\"index, follow, max-snippet:-1, max-image-preview:large, max-video-preview:-1\" \/>\n<link rel=\"canonical\" href=\"https:\/\/editionstoutechose.fr\/pl\/ksiazki\/les-chimeres-de-gerard-de-nerval\/\" \/>\n<meta property=\"og:locale\" content=\"pl_PL\" \/>\n<meta property=\"og:type\" content=\"article\" \/>\n<meta property=\"og:title\" content=\"LES CHIM\u00c8RES de G\u00e9rard de Nerval \u2022 Collection Bel eBook\" \/>\n<meta property=\"og:description\" content=\"LES CHIM\u00c8RES de G\u00e9rard de Nerval \u2022 eBook \u2022 Texte int\u00e9gral avec variantes \u2022 Avec illustrations \u2022 Collection Bel eBook \u2022 Superbe publication !\" \/>\n<meta property=\"og:url\" content=\"https:\/\/editionstoutechose.fr\/pl\/ksiazki\/les-chimeres-de-gerard-de-nerval\/\" \/>\n<meta property=\"og:site_name\" content=\"Les \u00c9ditions Toute Chose\" \/>\n<meta property=\"article:modified_time\" content=\"2022-12-17T00:02:28+00:00\" \/>\n<meta property=\"og:image\" content=\"https:\/\/editionstoutechose.fr\/wp-content\/uploads\/2022\/10\/LesChime\u0300res_couverture_2100x1300.jpg\" \/>\n\t<meta property=\"og:image:width\" content=\"1313\" \/>\n\t<meta property=\"og:image:height\" content=\"2100\" \/>\n\t<meta property=\"og:image:type\" content=\"image\/jpeg\" \/>\n<script type=\"application\/ld+json\" class=\"yoast-schema-graph\">{\"@context\":\"https:\\\/\\\/schema.org\",\"@graph\":[{\"@type\":\"WebPage\",\"@id\":\"https:\\\/\\\/editionstoutechose.fr\\\/pl\\\/ksiazki\\\/les-chimeres-de-gerard-de-nerval\\\/\",\"url\":\"https:\\\/\\\/editionstoutechose.fr\\\/pl\\\/ksiazki\\\/les-chimeres-de-gerard-de-nerval\\\/\",\"name\":\"LES CHIM\u00c8RES de G\u00e9rard de Nerval \u2022 Collection Bel eBook\",\"isPartOf\":{\"@id\":\"https:\\\/\\\/editionstoutechose.fr\\\/pl\\\/#website\"},\"primaryImageOfPage\":{\"@id\":\"https:\\\/\\\/editionstoutechose.fr\\\/pl\\\/ksiazki\\\/les-chimeres-de-gerard-de-nerval\\\/#primaryimage\"},\"image\":{\"@id\":\"https:\\\/\\\/editionstoutechose.fr\\\/pl\\\/ksiazki\\\/les-chimeres-de-gerard-de-nerval\\\/#primaryimage\"},\"thumbnailUrl\":\"https:\\\/\\\/editionstoutechose.fr\\\/wp-content\\\/uploads\\\/2022\\\/10\\\/LesChime\u0300res_couverture_2100x1300.jpg\",\"datePublished\":\"2021-04-24T19:19:24+00:00\",\"dateModified\":\"2022-12-17T00:02:28+00:00\",\"description\":\"LES CHIM\u00c8RES de G\u00e9rard de Nerval \u2022 eBook \u2022 Texte int\u00e9gral avec variantes \u2022 Avec illustrations \u2022 Collection Bel eBook \u2022 Superbe publication !\",\"breadcrumb\":{\"@id\":\"https:\\\/\\\/editionstoutechose.fr\\\/pl\\\/ksiazki\\\/les-chimeres-de-gerard-de-nerval\\\/#breadcrumb\"},\"inLanguage\":\"pl-PL\",\"potentialAction\":[{\"@type\":\"ReadAction\",\"target\":[\"https:\\\/\\\/editionstoutechose.fr\\\/pl\\\/ksiazki\\\/les-chimeres-de-gerard-de-nerval\\\/\"]}]},{\"@type\":\"ImageObject\",\"inLanguage\":\"pl-PL\",\"@id\":\"https:\\\/\\\/editionstoutechose.fr\\\/pl\\\/ksiazki\\\/les-chimeres-de-gerard-de-nerval\\\/#primaryimage\",\"url\":\"https:\\\/\\\/editionstoutechose.fr\\\/wp-content\\\/uploads\\\/2022\\\/10\\\/LesChime\u0300res_couverture_2100x1300.jpg\",\"contentUrl\":\"https:\\\/\\\/editionstoutechose.fr\\\/wp-content\\\/uploads\\\/2022\\\/10\\\/LesChime\u0300res_couverture_2100x1300.jpg\",\"width\":1313,\"height\":2100,\"caption\":\"Les Chim\u00e8res Gerard de Nerval\"},{\"@type\":\"BreadcrumbList\",\"@id\":\"https:\\\/\\\/editionstoutechose.fr\\\/pl\\\/ksiazki\\\/les-chimeres-de-gerard-de-nerval\\\/#breadcrumb\",\"itemListElement\":[{\"@type\":\"ListItem\",\"position\":1,\"name\":\"Katalog\",\"item\":\"https:\\\/\\\/editionstoutechose.fr\\\/pl\\\/katalog\\\/\"},{\"@type\":\"ListItem\",\"position\":2,\"name\":\"Les Chim\u00e8res\"}]},{\"@type\":\"WebSite\",\"@id\":\"https:\\\/\\\/editionstoutechose.fr\\\/pl\\\/#website\",\"url\":\"https:\\\/\\\/editionstoutechose.fr\\\/pl\\\/\",\"name\":\"Les \u00c9ditions Toute Chose\",\"description\":\"\",\"potentialAction\":[{\"@type\":\"SearchAction\",\"target\":{\"@type\":\"EntryPoint\",\"urlTemplate\":\"https:\\\/\\\/editionstoutechose.fr\\\/pl\\\/?s={search_term_string}\"},\"query-input\":{\"@type\":\"PropertyValueSpecification\",\"valueRequired\":true,\"valueName\":\"search_term_string\"}}],\"inLanguage\":\"pl-PL\"}]}<\/script>\n<!-- \/ Yoast SEO plugin. -->","yoast_head_json":{"title":"LES CHIM\u00c8RES de G\u00e9rard de Nerval \u2022 Collection Bel eBook","description":"LES CHIM\u00c8RES de G\u00e9rard de Nerval \u2022 eBook \u2022 Texte int\u00e9gral avec variantes \u2022 Avec illustrations \u2022 Collection Bel eBook \u2022 Superbe publication !","robots":{"index":"index","follow":"follow","max-snippet":"max-snippet:-1","max-image-preview":"max-image-preview:large","max-video-preview":"max-video-preview:-1"},"canonical":"https:\/\/editionstoutechose.fr\/pl\/ksiazki\/les-chimeres-de-gerard-de-nerval\/","og_locale":"pl_PL","og_type":"article","og_title":"LES CHIM\u00c8RES de G\u00e9rard de Nerval \u2022 Collection Bel eBook","og_description":"LES CHIM\u00c8RES de G\u00e9rard de Nerval \u2022 eBook \u2022 Texte int\u00e9gral avec variantes \u2022 Avec illustrations \u2022 Collection Bel eBook \u2022 Superbe publication !","og_url":"https:\/\/editionstoutechose.fr\/pl\/ksiazki\/les-chimeres-de-gerard-de-nerval\/","og_site_name":"Les \u00c9ditions Toute Chose","article_modified_time":"2022-12-17T00:02:28+00:00","og_image":[{"width":1313,"height":2100,"url":"https:\/\/editionstoutechose.fr\/wp-content\/uploads\/2022\/10\/LesChime\u0300res_couverture_2100x1300.jpg","type":"image\/jpeg"}],"schema":{"@context":"https:\/\/schema.org","@graph":[{"@type":"WebPage","@id":"https:\/\/editionstoutechose.fr\/pl\/ksiazki\/les-chimeres-de-gerard-de-nerval\/","url":"https:\/\/editionstoutechose.fr\/pl\/ksiazki\/les-chimeres-de-gerard-de-nerval\/","name":"LES CHIM\u00c8RES de G\u00e9rard de Nerval \u2022 Collection Bel eBook","isPartOf":{"@id":"https:\/\/editionstoutechose.fr\/pl\/#website"},"primaryImageOfPage":{"@id":"https:\/\/editionstoutechose.fr\/pl\/ksiazki\/les-chimeres-de-gerard-de-nerval\/#primaryimage"},"image":{"@id":"https:\/\/editionstoutechose.fr\/pl\/ksiazki\/les-chimeres-de-gerard-de-nerval\/#primaryimage"},"thumbnailUrl":"https:\/\/editionstoutechose.fr\/wp-content\/uploads\/2022\/10\/LesChime\u0300res_couverture_2100x1300.jpg","datePublished":"2021-04-24T19:19:24+00:00","dateModified":"2022-12-17T00:02:28+00:00","description":"LES CHIM\u00c8RES de G\u00e9rard de Nerval \u2022 eBook \u2022 Texte int\u00e9gral avec variantes \u2022 Avec illustrations \u2022 Collection Bel eBook \u2022 Superbe publication !","breadcrumb":{"@id":"https:\/\/editionstoutechose.fr\/pl\/ksiazki\/les-chimeres-de-gerard-de-nerval\/#breadcrumb"},"inLanguage":"pl-PL","potentialAction":[{"@type":"ReadAction","target":["https:\/\/editionstoutechose.fr\/pl\/ksiazki\/les-chimeres-de-gerard-de-nerval\/"]}]},{"@type":"ImageObject","inLanguage":"pl-PL","@id":"https:\/\/editionstoutechose.fr\/pl\/ksiazki\/les-chimeres-de-gerard-de-nerval\/#primaryimage","url":"https:\/\/editionstoutechose.fr\/wp-content\/uploads\/2022\/10\/LesChime\u0300res_couverture_2100x1300.jpg","contentUrl":"https:\/\/editionstoutechose.fr\/wp-content\/uploads\/2022\/10\/LesChime\u0300res_couverture_2100x1300.jpg","width":1313,"height":2100,"caption":"Les Chim\u00e8res Gerard de Nerval"},{"@type":"BreadcrumbList","@id":"https:\/\/editionstoutechose.fr\/pl\/ksiazki\/les-chimeres-de-gerard-de-nerval\/#breadcrumb","itemListElement":[{"@type":"ListItem","position":1,"name":"Katalog","item":"https:\/\/editionstoutechose.fr\/pl\/katalog\/"},{"@type":"ListItem","position":2,"name":"Les Chim\u00e8res"}]},{"@type":"WebSite","@id":"https:\/\/editionstoutechose.fr\/pl\/#website","url":"https:\/\/editionstoutechose.fr\/pl\/","name":"Les \u00c9ditions Toute Chose","description":"","potentialAction":[{"@type":"SearchAction","target":{"@type":"EntryPoint","urlTemplate":"https:\/\/editionstoutechose.fr\/pl\/?s={search_term_string}"},"query-input":{"@type":"PropertyValueSpecification","valueRequired":true,"valueName":"search_term_string"}}],"inLanguage":"pl-PL"}]}},"_links":{"self":[{"href":"https:\/\/editionstoutechose.fr\/pl\/wp-json\/wp\/v2\/product\/3437","targetHints":{"allow":["GET"]}}],"collection":[{"href":"https:\/\/editionstoutechose.fr\/pl\/wp-json\/wp\/v2\/product"}],"about":[{"href":"https:\/\/editionstoutechose.fr\/pl\/wp-json\/wp\/v2\/types\/product"}],"wp:featuredmedia":[{"embeddable":true,"href":"https:\/\/editionstoutechose.fr\/pl\/wp-json\/wp\/v2\/media\/4265"}],"wp:attachment":[{"href":"https:\/\/editionstoutechose.fr\/pl\/wp-json\/wp\/v2\/media?parent=3437"}],"wp:term":[{"taxonomy":"product_brand","embeddable":true,"href":"https:\/\/editionstoutechose.fr\/pl\/wp-json\/wp\/v2\/product_brand?post=3437"},{"taxonomy":"product_cat","embeddable":true,"href":"https:\/\/editionstoutechose.fr\/pl\/wp-json\/wp\/v2\/product_cat?post=3437"},{"taxonomy":"product_tag","embeddable":true,"href":"https:\/\/editionstoutechose.fr\/pl\/wp-json\/wp\/v2\/product_tag?post=3437"}],"curies":[{"name":"wp","href":"https:\/\/api.w.org\/{rel}","templated":true}]}}