{"id":3439,"date":"2021-03-04T20:45:01","date_gmt":"2021-03-04T19:45:01","guid":{"rendered":"https:\/\/editionstoutechose.fr\/livres\/instantanes\/"},"modified":"2025-12-24T00:35:30","modified_gmt":"2025-12-23T23:35:30","slug":"instantanes","status":"publish","type":"product","link":"https:\/\/editionstoutechose.fr\/pl\/ksiazki\/instantanes\/","title":{"rendered":"instantan\u00e9s"},"content":{"rendered":"<div class=\"wpb-content-wrapper\"><p>[vc_row][vc_column width=&#8221;1\/3&#8243;][vc_column_text css=&#8221;.vc_custom_1632145138253{padding-top: 10px !important;padding-right: 10px !important;padding-bottom: 10px !important;padding-left: 10px !important;background-color: #e8e8e8 !important;}&#8221;]<br \/>\n<strong>INSTANTAN\u00c9S<\/strong> de Tomasz Cichawa<br \/>\n<strong>ePub<\/strong> ISBN 978-2-9574337-6-6<br \/>\n<strong>Kindle Amazon<\/strong> ISBN 978-2-9574337-7-3<br \/>\n<strong>Livre imprim\u00e9<\/strong> ISBN 978-2-9543577-4-4<br \/>\n[\/vc_column_text][\/vc_column][vc_column width=&#8221;1\/3&#8243;][vc_gallery interval=&#8221;3&#8243; images=&#8221;3207,3206,3205&#8243; img_size=&#8221;full&#8221;][\/vc_column][vc_column width=&#8221;1\/3&#8243;][\/vc_column][\/vc_row]<\/p>\n<\/div>","protected":false},"excerpt":{"rendered":"<h2><span style=\"color: #000000;\"><strong>Tomasz Cichawa<\/strong><\/span><\/h2>\n<p><strong>INSTANTAN\u00c9S<\/strong><span style=\"color: #000000;\"> est un r<\/span>ecueil de 27 po\u00e8mes <strong>po\u00e8mes<\/strong> (2010 \u2013 2014). Illustr\u00e9s avec les dessins de l&#8217;auteur.<\/p>\n<p>Consultez <a href=\"http:\/\/tomaszcichawa.fr\/instantanes\/\" target=\"_blank\" rel=\"noopener\">la page de <strong>pr\u00e9sentation<\/strong> du recueil<\/a> sur le site de l&#8217;auteur. Vid\u00e9os.<br \/>\n\u2022<br \/>\n<span style=\"color: #800000;\"><span style=\"color: #000000;\"><strong>Dost\u0119pno\u015b\u0107: eBook <\/strong><em>(Kindle, ePub)<\/em> i<\/span><strong><span style=\"color: #000000;\"> ksi\u0105\u017cka drukowana<\/span><br \/>\n<\/strong>Wybierz wersj\u0119 i format poni\u017cej.<\/span><\/p>\n<hr>\n<p><strong>T\u00e9l\u00e9charger gratuitement les extraits de tous les recueils de l&#8217;auteur, regroup\u00e9s en une seule publication.<br \/>\n<\/strong><\/p>\n<p><img loading=\"lazy\" decoding=\"async\" class=\"alignnone wp-image-5119\" src=\"https:\/\/editionstoutechose.fr\/wp-content\/uploads\/2024\/04\/1600x2056_Couv_Extraits-233x300.jpg\" alt=\"Fragment\" width=\"86\" height=\"110\" srcset=\"https:\/\/editionstoutechose.fr\/wp-content\/uploads\/2024\/04\/1600x2056_Couv_Extraits-233x300.jpg 233w, https:\/\/editionstoutechose.fr\/wp-content\/uploads\/2024\/04\/1600x2056_Couv_Extraits-797x1024.jpg 797w, https:\/\/editionstoutechose.fr\/wp-content\/uploads\/2024\/04\/1600x2056_Couv_Extraits-768x987.jpg 768w, https:\/\/editionstoutechose.fr\/wp-content\/uploads\/2024\/04\/1600x2056_Couv_Extraits-1195x1536.jpg 1195w, https:\/\/editionstoutechose.fr\/wp-content\/uploads\/2024\/04\/1600x2056_Couv_Extraits-1594x2048.jpg 1594w, https:\/\/editionstoutechose.fr\/wp-content\/uploads\/2024\/04\/1600x2056_Couv_Extraits-1116x1434.jpg 1116w, https:\/\/editionstoutechose.fr\/wp-content\/uploads\/2024\/04\/1600x2056_Couv_Extraits-806x1036.jpg 806w, https:\/\/editionstoutechose.fr\/wp-content\/uploads\/2024\/04\/1600x2056_Couv_Extraits-558x717.jpg 558w, https:\/\/editionstoutechose.fr\/wp-content\/uploads\/2024\/04\/1600x2056_Couv_Extraits-655x842.jpg 655w, https:\/\/editionstoutechose.fr\/wp-content\/uploads\/2024\/04\/1600x2056_Couv_Extraits-550x707.jpg 550w, https:\/\/editionstoutechose.fr\/wp-content\/uploads\/2024\/04\/1600x2056_Couv_Extraits.jpg 1600w\" sizes=\"auto, (max-width: 86px) 100vw, 86px\" \/><a href=\"https:\/\/editionstoutechose.fr\/wp-content\/uploads\/2025\/12\/CICHAWA_Extraits.epub\" target=\"_blank\" rel=\"noopener\"><img loading=\"lazy\" decoding=\"async\" class=\"alignnone wp-image-4301\" src=\"https:\/\/editionstoutechose.fr\/wp-content\/uploads\/2022\/10\/ePub_ico%CC%82ne-300x300.png\" alt=\"Cichawa_extraits ePub\" width=\"50\" height=\"50\"><\/a><a href=\"https:\/\/editionstoutechose.fr\/wp-content\/uploads\/2025\/12\/CICHAWA_Extraits.mobi\" target=\"_blank\" rel=\"noopener\"><img loading=\"lazy\" decoding=\"async\" class=\"alignnone wp-image-4303\" src=\"https:\/\/editionstoutechose.fr\/wp-content\/uploads\/2022\/10\/Kindle_ico%CC%82ne-300x300.png\" alt=\"Cichawa_extraits Kindle\" width=\"50\" height=\"50\"><\/a><a href=\"https:\/\/editionstoutechose.fr\/wp-content\/uploads\/2025\/12\/CICHAWA_Extraits.pdf\" target=\"_blank\" rel=\"noopener\"><img loading=\"lazy\" decoding=\"async\" class=\"alignnone wp-image-4305\" src=\"https:\/\/editionstoutechose.fr\/wp-content\/uploads\/2022\/10\/PDF_ico%CC%82ne1-300x300.png\" alt=\"Cichawa_extraits PDF\" width=\"50\" height=\"50\"><\/a><\/p>\n<hr>\n","protected":false},"featured_media":4263,"template":"","meta":{"_acf_changed":false},"product_brand":[],"product_cat":[411,407,408],"product_tag":[],"class_list":{"0":"post-3439","1":"product","2":"type-product","3":"status-publish","4":"has-post-thumbnail","6":"product_cat-wszystkie-kategorie","7":"product_cat-poezja","8":"product_cat-poezja-wspolczesna","9":"product_shipping_class-livre","10":"pa_auteur-tomasz-cichawa-pl","12":"first","13":"instock","14":"shipping-taxable","15":"purchasable","16":"product-type-variable","18":"catalog-layout-default","19":"columns-xs-1"},"acf":[],"yoast_head":"<!-- This site is optimized with the Yoast SEO plugin v27.3 - https:\/\/yoast.com\/product\/yoast-seo-wordpress\/ -->\n<title>INSTANTAN\u00c9S \u2022 Recueil de po\u00e8mes de Tomasz Cichawa<\/title>\n<meta name=\"description\" content=\"INSTANTAN\u00c9S Wiersze i proza poetycka Tomasza Cichawy - Zdj\u0119cia autora Kolekcja Bel eBook - Zam\u00f3w kolekcj\u0119 - ePub - Kindle\" \/>\n<meta name=\"robots\" content=\"index, follow, max-snippet:-1, max-image-preview:large, max-video-preview:-1\" \/>\n<link rel=\"canonical\" href=\"https:\/\/editionstoutechose.fr\/pl\/ksiazki\/instantanes\/\" \/>\n<meta property=\"og:locale\" content=\"pl_PL\" \/>\n<meta property=\"og:type\" content=\"article\" \/>\n<meta property=\"og:title\" content=\"INSTANTAN\u00c9S \u2022 Recueil de po\u00e8mes de Tomasz Cichawa\" \/>\n<meta property=\"og:description\" content=\"INSTANTAN\u00c9S Wiersze i proza poetycka Tomasza Cichawy - Zdj\u0119cia autora Kolekcja Bel eBook - Zam\u00f3w kolekcj\u0119 - ePub - Kindle\" \/>\n<meta property=\"og:url\" content=\"https:\/\/editionstoutechose.fr\/pl\/ksiazki\/instantanes\/\" \/>\n<meta property=\"og:site_name\" content=\"Les \u00c9ditions Toute Chose\" \/>\n<meta property=\"article:modified_time\" content=\"2025-12-23T23:35:30+00:00\" \/>\n<meta property=\"og:image\" content=\"https:\/\/editionstoutechose.fr\/wp-content\/uploads\/2022\/02\/Instantane\u0301s_Couverture_2400x1549.jpg\" \/>\n\t<meta property=\"og:image:width\" content=\"1549\" \/>\n\t<meta property=\"og:image:height\" content=\"2400\" \/>\n\t<meta property=\"og:image:type\" content=\"image\/jpeg\" \/>\n<script type=\"application\/ld+json\" class=\"yoast-schema-graph\">{\"@context\":\"https:\\\/\\\/schema.org\",\"@graph\":[{\"@type\":\"WebPage\",\"@id\":\"https:\\\/\\\/editionstoutechose.fr\\\/pl\\\/ksiazki\\\/instantanes\\\/\",\"url\":\"https:\\\/\\\/editionstoutechose.fr\\\/pl\\\/ksiazki\\\/instantanes\\\/\",\"name\":\"INSTANTAN\u00c9S \u2022 Recueil de po\u00e8mes de Tomasz Cichawa\",\"isPartOf\":{\"@id\":\"https:\\\/\\\/editionstoutechose.fr\\\/pl\\\/#website\"},\"primaryImageOfPage\":{\"@id\":\"https:\\\/\\\/editionstoutechose.fr\\\/pl\\\/ksiazki\\\/instantanes\\\/#primaryimage\"},\"image\":{\"@id\":\"https:\\\/\\\/editionstoutechose.fr\\\/pl\\\/ksiazki\\\/instantanes\\\/#primaryimage\"},\"thumbnailUrl\":\"https:\\\/\\\/editionstoutechose.fr\\\/wp-content\\\/uploads\\\/2022\\\/02\\\/Instantane\u0301s_Couverture_2400x1549.jpg\",\"datePublished\":\"2021-03-04T19:45:01+00:00\",\"dateModified\":\"2025-12-23T23:35:30+00:00\",\"description\":\"INSTANTAN\u00c9S Wiersze i proza poetycka Tomasza Cichawy - Zdj\u0119cia autora Kolekcja Bel eBook - Zam\u00f3w kolekcj\u0119 - ePub - Kindle\",\"breadcrumb\":{\"@id\":\"https:\\\/\\\/editionstoutechose.fr\\\/pl\\\/ksiazki\\\/instantanes\\\/#breadcrumb\"},\"inLanguage\":\"pl-PL\",\"potentialAction\":[{\"@type\":\"ReadAction\",\"target\":[\"https:\\\/\\\/editionstoutechose.fr\\\/pl\\\/ksiazki\\\/instantanes\\\/\"]}]},{\"@type\":\"ImageObject\",\"inLanguage\":\"pl-PL\",\"@id\":\"https:\\\/\\\/editionstoutechose.fr\\\/pl\\\/ksiazki\\\/instantanes\\\/#primaryimage\",\"url\":\"https:\\\/\\\/editionstoutechose.fr\\\/wp-content\\\/uploads\\\/2022\\\/02\\\/Instantane\u0301s_Couverture_2400x1549.jpg\",\"contentUrl\":\"https:\\\/\\\/editionstoutechose.fr\\\/wp-content\\\/uploads\\\/2022\\\/02\\\/Instantane\u0301s_Couverture_2400x1549.jpg\",\"width\":1549,\"height\":2400,\"caption\":\"INSTANTAN\u00c9S po\u00e9sies\"},{\"@type\":\"BreadcrumbList\",\"@id\":\"https:\\\/\\\/editionstoutechose.fr\\\/pl\\\/ksiazki\\\/instantanes\\\/#breadcrumb\",\"itemListElement\":[{\"@type\":\"ListItem\",\"position\":1,\"name\":\"Katalog\",\"item\":\"https:\\\/\\\/editionstoutechose.fr\\\/pl\\\/katalog\\\/\"},{\"@type\":\"ListItem\",\"position\":2,\"name\":\"instantan\u00e9s\"}]},{\"@type\":\"WebSite\",\"@id\":\"https:\\\/\\\/editionstoutechose.fr\\\/pl\\\/#website\",\"url\":\"https:\\\/\\\/editionstoutechose.fr\\\/pl\\\/\",\"name\":\"Les \u00c9ditions Toute Chose\",\"description\":\"\",\"potentialAction\":[{\"@type\":\"SearchAction\",\"target\":{\"@type\":\"EntryPoint\",\"urlTemplate\":\"https:\\\/\\\/editionstoutechose.fr\\\/pl\\\/?s={search_term_string}\"},\"query-input\":{\"@type\":\"PropertyValueSpecification\",\"valueRequired\":true,\"valueName\":\"search_term_string\"}}],\"inLanguage\":\"pl-PL\"}]}<\/script>\n<!-- \/ Yoast SEO plugin. -->","yoast_head_json":{"title":"INSTANTAN\u00c9S \u2022 Recueil de po\u00e8mes de Tomasz Cichawa","description":"INSTANTAN\u00c9S Wiersze i proza poetycka Tomasza Cichawy - Zdj\u0119cia autora Kolekcja Bel eBook - Zam\u00f3w kolekcj\u0119 - ePub - Kindle","robots":{"index":"index","follow":"follow","max-snippet":"max-snippet:-1","max-image-preview":"max-image-preview:large","max-video-preview":"max-video-preview:-1"},"canonical":"https:\/\/editionstoutechose.fr\/pl\/ksiazki\/instantanes\/","og_locale":"pl_PL","og_type":"article","og_title":"INSTANTAN\u00c9S \u2022 Recueil de po\u00e8mes de Tomasz Cichawa","og_description":"INSTANTAN\u00c9S Wiersze i proza poetycka Tomasza Cichawy - Zdj\u0119cia autora Kolekcja Bel eBook - Zam\u00f3w kolekcj\u0119 - ePub - Kindle","og_url":"https:\/\/editionstoutechose.fr\/pl\/ksiazki\/instantanes\/","og_site_name":"Les \u00c9ditions Toute Chose","article_modified_time":"2025-12-23T23:35:30+00:00","og_image":[{"width":1549,"height":2400,"url":"https:\/\/editionstoutechose.fr\/wp-content\/uploads\/2022\/02\/Instantane\u0301s_Couverture_2400x1549.jpg","type":"image\/jpeg"}],"schema":{"@context":"https:\/\/schema.org","@graph":[{"@type":"WebPage","@id":"https:\/\/editionstoutechose.fr\/pl\/ksiazki\/instantanes\/","url":"https:\/\/editionstoutechose.fr\/pl\/ksiazki\/instantanes\/","name":"INSTANTAN\u00c9S \u2022 Recueil de po\u00e8mes de Tomasz Cichawa","isPartOf":{"@id":"https:\/\/editionstoutechose.fr\/pl\/#website"},"primaryImageOfPage":{"@id":"https:\/\/editionstoutechose.fr\/pl\/ksiazki\/instantanes\/#primaryimage"},"image":{"@id":"https:\/\/editionstoutechose.fr\/pl\/ksiazki\/instantanes\/#primaryimage"},"thumbnailUrl":"https:\/\/editionstoutechose.fr\/wp-content\/uploads\/2022\/02\/Instantane\u0301s_Couverture_2400x1549.jpg","datePublished":"2021-03-04T19:45:01+00:00","dateModified":"2025-12-23T23:35:30+00:00","description":"INSTANTAN\u00c9S Wiersze i proza poetycka Tomasza Cichawy - Zdj\u0119cia autora Kolekcja Bel eBook - Zam\u00f3w kolekcj\u0119 - ePub - Kindle","breadcrumb":{"@id":"https:\/\/editionstoutechose.fr\/pl\/ksiazki\/instantanes\/#breadcrumb"},"inLanguage":"pl-PL","potentialAction":[{"@type":"ReadAction","target":["https:\/\/editionstoutechose.fr\/pl\/ksiazki\/instantanes\/"]}]},{"@type":"ImageObject","inLanguage":"pl-PL","@id":"https:\/\/editionstoutechose.fr\/pl\/ksiazki\/instantanes\/#primaryimage","url":"https:\/\/editionstoutechose.fr\/wp-content\/uploads\/2022\/02\/Instantane\u0301s_Couverture_2400x1549.jpg","contentUrl":"https:\/\/editionstoutechose.fr\/wp-content\/uploads\/2022\/02\/Instantane\u0301s_Couverture_2400x1549.jpg","width":1549,"height":2400,"caption":"INSTANTAN\u00c9S po\u00e9sies"},{"@type":"BreadcrumbList","@id":"https:\/\/editionstoutechose.fr\/pl\/ksiazki\/instantanes\/#breadcrumb","itemListElement":[{"@type":"ListItem","position":1,"name":"Katalog","item":"https:\/\/editionstoutechose.fr\/pl\/katalog\/"},{"@type":"ListItem","position":2,"name":"instantan\u00e9s"}]},{"@type":"WebSite","@id":"https:\/\/editionstoutechose.fr\/pl\/#website","url":"https:\/\/editionstoutechose.fr\/pl\/","name":"Les \u00c9ditions Toute Chose","description":"","potentialAction":[{"@type":"SearchAction","target":{"@type":"EntryPoint","urlTemplate":"https:\/\/editionstoutechose.fr\/pl\/?s={search_term_string}"},"query-input":{"@type":"PropertyValueSpecification","valueRequired":true,"valueName":"search_term_string"}}],"inLanguage":"pl-PL"}]}},"_links":{"self":[{"href":"https:\/\/editionstoutechose.fr\/pl\/wp-json\/wp\/v2\/product\/3439","targetHints":{"allow":["GET"]}}],"collection":[{"href":"https:\/\/editionstoutechose.fr\/pl\/wp-json\/wp\/v2\/product"}],"about":[{"href":"https:\/\/editionstoutechose.fr\/pl\/wp-json\/wp\/v2\/types\/product"}],"wp:featuredmedia":[{"embeddable":true,"href":"https:\/\/editionstoutechose.fr\/pl\/wp-json\/wp\/v2\/media\/4263"}],"wp:attachment":[{"href":"https:\/\/editionstoutechose.fr\/pl\/wp-json\/wp\/v2\/media?parent=3439"}],"wp:term":[{"taxonomy":"product_brand","embeddable":true,"href":"https:\/\/editionstoutechose.fr\/pl\/wp-json\/wp\/v2\/product_brand?post=3439"},{"taxonomy":"product_cat","embeddable":true,"href":"https:\/\/editionstoutechose.fr\/pl\/wp-json\/wp\/v2\/product_cat?post=3439"},{"taxonomy":"product_tag","embeddable":true,"href":"https:\/\/editionstoutechose.fr\/pl\/wp-json\/wp\/v2\/product_tag?post=3439"}],"curies":[{"name":"wp","href":"https:\/\/api.w.org\/{rel}","templated":true}]}}