{"id":3443,"date":"2019-04-16T14:13:48","date_gmt":"2019-04-16T12:13:48","guid":{"rendered":"https:\/\/editionstoutechose.fr\/livres\/otium\/"},"modified":"2025-12-24T00:33:16","modified_gmt":"2025-12-23T23:33:16","slug":"otium","status":"publish","type":"product","link":"https:\/\/editionstoutechose.fr\/pl\/ksiazki\/otium\/","title":{"rendered":"otium"},"content":{"rendered":"<div class=\"wpb-content-wrapper\"><p>[vc_row][vc_column width=&#8221;1\/3&#8243;][vc_column_text]<\/p>\n<h4><span style=\"color: #000000;\"><strong>Linki<\/strong><\/span><\/h4>\n<p><em>(renvoyant sur le site de l&#8217;auteur, s&#8217;ouvriront dans de nouveaux onglets)<\/em> :<\/p>\n<p>\u2022 Consultez la <strong><a href=\"http:\/\/tomaszcichawa.fr\/otium-poesies\/\" target=\"_blank\" rel=\"noopener\">page de pr\u00e9sentation<\/a><\/strong> du recueil. Vid\u00e9o.<\/p>\n<p>\u2022 <a href=\"http:\/\/tomaszcichawa.fr\/empreintes\/\" target=\"_blank\" rel=\"noopener\">Les <strong>photos<\/strong> de la s\u00e9rie &#8222;Empreintes&#8221;<\/a> (version couleur).<\/p>\n<hr>\n<p><strong>OTIUM de Tomasz Cichawa<br \/>\nePub<\/strong> ISBN 978-2-9574337-4-2<br \/>\n<strong>Kindle Amazon<\/strong> ISBN 978-2-9574337-5-9<br \/>\n<strong>Livre imprim\u00e9<\/strong> ISBN 978-2-9543577-6-8<\/p>\n<p>[\/vc_column_text][\/vc_column][vc_column width=&#8221;1\/3&#8243;][vc_gallery interval=&#8221;3&#8243; images=&#8221;3210,3209,3208&#8243; img_size=&#8221;full&#8221;][\/vc_column][vc_column width=&#8221;1\/3&#8243;][\/vc_column][\/vc_row]<\/p>\n<\/div>","protected":false},"excerpt":{"rendered":"<h2><span style=\"color: #000000;\"><strong>Tomasz Cichawa<\/strong><\/span><\/h2>\n<p><strong>OTIUM<\/strong> Recueil de <strong>po\u00e8mes<\/strong> et de <strong>proses po\u00e9tiques<\/strong>. Illustr\u00e9 avec les <strong>photographies<\/strong> de l&#8217;auteur (s\u00e9rie &#8222;Empreintes&#8221;).<\/p>\n<p><em><b>Otium<\/b><\/em> est un concept latin venant de la Rome antique, signifiant le temps de repos que l\u2019on s\u2019accorde pour paresser, philosopher, \u00e9tudier, contempler, pratiquer des arts, \u00e9crire la po\u00e9sie, se retirer du monde&#8230;<\/p>\n<p><em>(Wi\u0119cej informacji w opisie produktu.)<\/em><\/p>\n<p>\u2022<br \/>\n<span style=\"color: #800000;\"><strong>Dost\u0119pno\u015b\u0107: eBook <\/strong><em>(Kindle, ePub)<\/em> et <strong>livre imprim\u00e9<br \/>\n<\/strong>Wybierz poni\u017cej wersj\u0119 i format.<\/span><\/p>\n<hr>\n<p><strong>T\u00e9l\u00e9charger gratuitement les extraits de tous les recueils de l&#8217;auteur, regroup\u00e9s en une seule publication.<br \/>\n<\/strong><\/p>\n<p><img loading=\"lazy\" decoding=\"async\" class=\"alignnone wp-image-5119\" src=\"https:\/\/editionstoutechose.fr\/wp-content\/uploads\/2024\/04\/1600x2056_Couv_Extraits-233x300.jpg\" alt=\"Fragment\" width=\"86\" height=\"110\" srcset=\"https:\/\/editionstoutechose.fr\/wp-content\/uploads\/2024\/04\/1600x2056_Couv_Extraits-233x300.jpg 233w, https:\/\/editionstoutechose.fr\/wp-content\/uploads\/2024\/04\/1600x2056_Couv_Extraits-797x1024.jpg 797w, https:\/\/editionstoutechose.fr\/wp-content\/uploads\/2024\/04\/1600x2056_Couv_Extraits-768x987.jpg 768w, https:\/\/editionstoutechose.fr\/wp-content\/uploads\/2024\/04\/1600x2056_Couv_Extraits-1195x1536.jpg 1195w, https:\/\/editionstoutechose.fr\/wp-content\/uploads\/2024\/04\/1600x2056_Couv_Extraits-1594x2048.jpg 1594w, https:\/\/editionstoutechose.fr\/wp-content\/uploads\/2024\/04\/1600x2056_Couv_Extraits-1116x1434.jpg 1116w, https:\/\/editionstoutechose.fr\/wp-content\/uploads\/2024\/04\/1600x2056_Couv_Extraits-806x1036.jpg 806w, https:\/\/editionstoutechose.fr\/wp-content\/uploads\/2024\/04\/1600x2056_Couv_Extraits-558x717.jpg 558w, https:\/\/editionstoutechose.fr\/wp-content\/uploads\/2024\/04\/1600x2056_Couv_Extraits-655x842.jpg 655w, https:\/\/editionstoutechose.fr\/wp-content\/uploads\/2024\/04\/1600x2056_Couv_Extraits-550x707.jpg 550w, https:\/\/editionstoutechose.fr\/wp-content\/uploads\/2024\/04\/1600x2056_Couv_Extraits.jpg 1600w\" sizes=\"auto, (max-width: 86px) 100vw, 86px\" \/><a href=\"https:\/\/editionstoutechose.fr\/wp-content\/uploads\/2025\/12\/CICHAWA_Extraits.epub\" target=\"_blank\" rel=\"noopener\"><img loading=\"lazy\" decoding=\"async\" class=\"alignnone wp-image-4301\" src=\"https:\/\/editionstoutechose.fr\/wp-content\/uploads\/2022\/10\/ePub_ico%CC%82ne-300x300.png\" alt=\"Cichawa_extraits ePub\" width=\"50\" height=\"50\"><\/a><a href=\"https:\/\/editionstoutechose.fr\/wp-content\/uploads\/2025\/12\/CICHAWA_Extraits.mobi\" target=\"_blank\" rel=\"noopener\"><img loading=\"lazy\" decoding=\"async\" class=\"alignnone wp-image-4303\" src=\"https:\/\/editionstoutechose.fr\/wp-content\/uploads\/2022\/10\/Kindle_ico%CC%82ne-300x300.png\" alt=\"Cichawa_extraits Kindle\" width=\"50\" height=\"50\"><\/a><a href=\"https:\/\/editionstoutechose.fr\/wp-content\/uploads\/2025\/12\/CICHAWA_Extraits.pdf\" target=\"_blank\" rel=\"noopener\"><img loading=\"lazy\" decoding=\"async\" class=\"alignnone wp-image-4305\" src=\"https:\/\/editionstoutechose.fr\/wp-content\/uploads\/2022\/10\/PDF_ico%CC%82ne1-300x300.png\" alt=\"Cichawa_extraits PDF\" width=\"50\" height=\"50\"><\/a><\/p>\n<hr>\n","protected":false},"featured_media":3919,"template":"","meta":{"_acf_changed":false},"product_brand":[],"product_cat":[411,407,408],"product_tag":[],"class_list":{"0":"post-3443","1":"product","2":"type-product","3":"status-publish","4":"has-post-thumbnail","6":"product_cat-wszystkie-kategorie","7":"product_cat-poezja","8":"product_cat-poezja-wspolczesna","9":"product_shipping_class-livre","10":"pa_auteur-tomasz-cichawa-pl","12":"first","13":"instock","14":"shipping-taxable","15":"purchasable","16":"product-type-variable","18":"catalog-layout-default","19":"columns-xs-1"},"acf":[],"yoast_head":"<!-- This site is optimized with the Yoast SEO plugin v27.3 - https:\/\/yoast.com\/product\/yoast-seo-wordpress\/ -->\n<title>OTIUM \u2022 Recueil de po\u00e8mes de Tomasz Cichawa \u2022 Coll. Bel eBook<\/title>\n<meta name=\"description\" content=\"OTIUM Po\u00e8mes et prose po\u00e9tique de Tomasz Cichawa. Zdj\u0119cia utora. Kolekcja Bel eBook - Zam\u00f3w tomik - ePub - Kindle\" \/>\n<meta name=\"robots\" content=\"index, follow, max-snippet:-1, max-image-preview:large, max-video-preview:-1\" \/>\n<link rel=\"canonical\" href=\"https:\/\/editionstoutechose.fr\/pl\/ksiazki\/otium\/\" \/>\n<meta property=\"og:locale\" content=\"pl_PL\" \/>\n<meta property=\"og:type\" content=\"article\" \/>\n<meta property=\"og:title\" content=\"OTIUM \u2022 Recueil de po\u00e8mes de Tomasz Cichawa \u2022 Coll. Bel eBook\" \/>\n<meta property=\"og:description\" content=\"OTIUM Po\u00e8mes et prose po\u00e9tique de Tomasz Cichawa. Zdj\u0119cia utora. Kolekcja Bel eBook - Zam\u00f3w tomik - ePub - Kindle\" \/>\n<meta property=\"og:url\" content=\"https:\/\/editionstoutechose.fr\/pl\/ksiazki\/otium\/\" \/>\n<meta property=\"og:site_name\" content=\"Les \u00c9ditions Toute Chose\" \/>\n<meta property=\"article:modified_time\" content=\"2025-12-23T23:33:16+00:00\" \/>\n<meta property=\"og:image\" content=\"https:\/\/editionstoutechose.fr\/wp-content\/uploads\/2022\/06\/Otium_couverture_1700x2550.jpg\" \/>\n\t<meta property=\"og:image:width\" content=\"1700\" \/>\n\t<meta property=\"og:image:height\" content=\"2550\" \/>\n\t<meta property=\"og:image:type\" content=\"image\/jpeg\" \/>\n<script type=\"application\/ld+json\" class=\"yoast-schema-graph\">{\"@context\":\"https:\\\/\\\/schema.org\",\"@graph\":[{\"@type\":\"WebPage\",\"@id\":\"https:\\\/\\\/editionstoutechose.fr\\\/pl\\\/ksiazki\\\/otium\\\/\",\"url\":\"https:\\\/\\\/editionstoutechose.fr\\\/pl\\\/ksiazki\\\/otium\\\/\",\"name\":\"OTIUM \u2022 Recueil de po\u00e8mes de Tomasz Cichawa \u2022 Coll. Bel eBook\",\"isPartOf\":{\"@id\":\"https:\\\/\\\/editionstoutechose.fr\\\/pl\\\/#website\"},\"primaryImageOfPage\":{\"@id\":\"https:\\\/\\\/editionstoutechose.fr\\\/pl\\\/ksiazki\\\/otium\\\/#primaryimage\"},\"image\":{\"@id\":\"https:\\\/\\\/editionstoutechose.fr\\\/pl\\\/ksiazki\\\/otium\\\/#primaryimage\"},\"thumbnailUrl\":\"https:\\\/\\\/editionstoutechose.fr\\\/wp-content\\\/uploads\\\/2022\\\/06\\\/Otium_couverture_1700x2550.jpg\",\"datePublished\":\"2019-04-16T12:13:48+00:00\",\"dateModified\":\"2025-12-23T23:33:16+00:00\",\"description\":\"OTIUM Po\u00e8mes et prose po\u00e9tique de Tomasz Cichawa. Zdj\u0119cia utora. Kolekcja Bel eBook - Zam\u00f3w tomik - ePub - Kindle\",\"breadcrumb\":{\"@id\":\"https:\\\/\\\/editionstoutechose.fr\\\/pl\\\/ksiazki\\\/otium\\\/#breadcrumb\"},\"inLanguage\":\"pl-PL\",\"potentialAction\":[{\"@type\":\"ReadAction\",\"target\":[\"https:\\\/\\\/editionstoutechose.fr\\\/pl\\\/ksiazki\\\/otium\\\/\"]}]},{\"@type\":\"ImageObject\",\"inLanguage\":\"pl-PL\",\"@id\":\"https:\\\/\\\/editionstoutechose.fr\\\/pl\\\/ksiazki\\\/otium\\\/#primaryimage\",\"url\":\"https:\\\/\\\/editionstoutechose.fr\\\/wp-content\\\/uploads\\\/2022\\\/06\\\/Otium_couverture_1700x2550.jpg\",\"contentUrl\":\"https:\\\/\\\/editionstoutechose.fr\\\/wp-content\\\/uploads\\\/2022\\\/06\\\/Otium_couverture_1700x2550.jpg\",\"width\":1700,\"height\":2550,\"caption\":\"Otium_couverture\"},{\"@type\":\"BreadcrumbList\",\"@id\":\"https:\\\/\\\/editionstoutechose.fr\\\/pl\\\/ksiazki\\\/otium\\\/#breadcrumb\",\"itemListElement\":[{\"@type\":\"ListItem\",\"position\":1,\"name\":\"Katalog\",\"item\":\"https:\\\/\\\/editionstoutechose.fr\\\/pl\\\/katalog\\\/\"},{\"@type\":\"ListItem\",\"position\":2,\"name\":\"otium\"}]},{\"@type\":\"WebSite\",\"@id\":\"https:\\\/\\\/editionstoutechose.fr\\\/pl\\\/#website\",\"url\":\"https:\\\/\\\/editionstoutechose.fr\\\/pl\\\/\",\"name\":\"Les \u00c9ditions Toute Chose\",\"description\":\"\",\"potentialAction\":[{\"@type\":\"SearchAction\",\"target\":{\"@type\":\"EntryPoint\",\"urlTemplate\":\"https:\\\/\\\/editionstoutechose.fr\\\/pl\\\/?s={search_term_string}\"},\"query-input\":{\"@type\":\"PropertyValueSpecification\",\"valueRequired\":true,\"valueName\":\"search_term_string\"}}],\"inLanguage\":\"pl-PL\"}]}<\/script>\n<!-- \/ Yoast SEO plugin. -->","yoast_head_json":{"title":"OTIUM \u2022 Recueil de po\u00e8mes de Tomasz Cichawa \u2022 Coll. Bel eBook","description":"OTIUM Po\u00e8mes et prose po\u00e9tique de Tomasz Cichawa. Zdj\u0119cia utora. Kolekcja Bel eBook - Zam\u00f3w tomik - ePub - Kindle","robots":{"index":"index","follow":"follow","max-snippet":"max-snippet:-1","max-image-preview":"max-image-preview:large","max-video-preview":"max-video-preview:-1"},"canonical":"https:\/\/editionstoutechose.fr\/pl\/ksiazki\/otium\/","og_locale":"pl_PL","og_type":"article","og_title":"OTIUM \u2022 Recueil de po\u00e8mes de Tomasz Cichawa \u2022 Coll. Bel eBook","og_description":"OTIUM Po\u00e8mes et prose po\u00e9tique de Tomasz Cichawa. Zdj\u0119cia utora. Kolekcja Bel eBook - Zam\u00f3w tomik - ePub - Kindle","og_url":"https:\/\/editionstoutechose.fr\/pl\/ksiazki\/otium\/","og_site_name":"Les \u00c9ditions Toute Chose","article_modified_time":"2025-12-23T23:33:16+00:00","og_image":[{"width":1700,"height":2550,"url":"https:\/\/editionstoutechose.fr\/wp-content\/uploads\/2022\/06\/Otium_couverture_1700x2550.jpg","type":"image\/jpeg"}],"schema":{"@context":"https:\/\/schema.org","@graph":[{"@type":"WebPage","@id":"https:\/\/editionstoutechose.fr\/pl\/ksiazki\/otium\/","url":"https:\/\/editionstoutechose.fr\/pl\/ksiazki\/otium\/","name":"OTIUM \u2022 Recueil de po\u00e8mes de Tomasz Cichawa \u2022 Coll. Bel eBook","isPartOf":{"@id":"https:\/\/editionstoutechose.fr\/pl\/#website"},"primaryImageOfPage":{"@id":"https:\/\/editionstoutechose.fr\/pl\/ksiazki\/otium\/#primaryimage"},"image":{"@id":"https:\/\/editionstoutechose.fr\/pl\/ksiazki\/otium\/#primaryimage"},"thumbnailUrl":"https:\/\/editionstoutechose.fr\/wp-content\/uploads\/2022\/06\/Otium_couverture_1700x2550.jpg","datePublished":"2019-04-16T12:13:48+00:00","dateModified":"2025-12-23T23:33:16+00:00","description":"OTIUM Po\u00e8mes et prose po\u00e9tique de Tomasz Cichawa. Zdj\u0119cia utora. Kolekcja Bel eBook - Zam\u00f3w tomik - ePub - Kindle","breadcrumb":{"@id":"https:\/\/editionstoutechose.fr\/pl\/ksiazki\/otium\/#breadcrumb"},"inLanguage":"pl-PL","potentialAction":[{"@type":"ReadAction","target":["https:\/\/editionstoutechose.fr\/pl\/ksiazki\/otium\/"]}]},{"@type":"ImageObject","inLanguage":"pl-PL","@id":"https:\/\/editionstoutechose.fr\/pl\/ksiazki\/otium\/#primaryimage","url":"https:\/\/editionstoutechose.fr\/wp-content\/uploads\/2022\/06\/Otium_couverture_1700x2550.jpg","contentUrl":"https:\/\/editionstoutechose.fr\/wp-content\/uploads\/2022\/06\/Otium_couverture_1700x2550.jpg","width":1700,"height":2550,"caption":"Otium_couverture"},{"@type":"BreadcrumbList","@id":"https:\/\/editionstoutechose.fr\/pl\/ksiazki\/otium\/#breadcrumb","itemListElement":[{"@type":"ListItem","position":1,"name":"Katalog","item":"https:\/\/editionstoutechose.fr\/pl\/katalog\/"},{"@type":"ListItem","position":2,"name":"otium"}]},{"@type":"WebSite","@id":"https:\/\/editionstoutechose.fr\/pl\/#website","url":"https:\/\/editionstoutechose.fr\/pl\/","name":"Les \u00c9ditions Toute Chose","description":"","potentialAction":[{"@type":"SearchAction","target":{"@type":"EntryPoint","urlTemplate":"https:\/\/editionstoutechose.fr\/pl\/?s={search_term_string}"},"query-input":{"@type":"PropertyValueSpecification","valueRequired":true,"valueName":"search_term_string"}}],"inLanguage":"pl-PL"}]}},"_links":{"self":[{"href":"https:\/\/editionstoutechose.fr\/pl\/wp-json\/wp\/v2\/product\/3443","targetHints":{"allow":["GET"]}}],"collection":[{"href":"https:\/\/editionstoutechose.fr\/pl\/wp-json\/wp\/v2\/product"}],"about":[{"href":"https:\/\/editionstoutechose.fr\/pl\/wp-json\/wp\/v2\/types\/product"}],"wp:featuredmedia":[{"embeddable":true,"href":"https:\/\/editionstoutechose.fr\/pl\/wp-json\/wp\/v2\/media\/3919"}],"wp:attachment":[{"href":"https:\/\/editionstoutechose.fr\/pl\/wp-json\/wp\/v2\/media?parent=3443"}],"wp:term":[{"taxonomy":"product_brand","embeddable":true,"href":"https:\/\/editionstoutechose.fr\/pl\/wp-json\/wp\/v2\/product_brand?post=3443"},{"taxonomy":"product_cat","embeddable":true,"href":"https:\/\/editionstoutechose.fr\/pl\/wp-json\/wp\/v2\/product_cat?post=3443"},{"taxonomy":"product_tag","embeddable":true,"href":"https:\/\/editionstoutechose.fr\/pl\/wp-json\/wp\/v2\/product_tag?post=3443"}],"curies":[{"name":"wp","href":"https:\/\/api.w.org\/{rel}","templated":true}]}}