{"id":4614,"date":"2022-12-24T15:06:25","date_gmt":"2022-12-24T14:06:25","guid":{"rendered":"https:\/\/editionstoutechose.fr\/?post_type=product&#038;p=4614"},"modified":"2025-12-24T00:36:55","modified_gmt":"2025-12-23T23:36:55","slug":"aurelia-de-gerard-de-nerval","status":"publish","type":"product","link":"https:\/\/editionstoutechose.fr\/pl\/ksiazki\/aurelia-de-gerard-de-nerval\/","title":{"rendered":"AUR\u00c9LIA"},"content":{"rendered":"<div class=\"wpb-content-wrapper\"><p>[vc_row][vc_column][vc_column_text]<\/p>\n<p style=\"text-align: left;\">[\/vc_column_text][\/vc_column][\/vc_row][vc_row][vc_column width=&#8221;1\/3&#8243;][vc_column_text]<strong>AUR\u00c9LIA<\/strong> autorstwa G\u00e9rarda de Nervala<em><br \/>\n<\/em>Ilustracje Aurore F\u00e9ni\u00e9<em><br \/>\n<\/em> <strong>ePub<\/strong> ISBN 978-2-492843-25-9<br \/>\n<strong>Kindle<\/strong> ISBN 978-2-492843-26-6<br \/>\n<strong>Ksi\u0105\u017cka drukowana<\/strong> ISBN 978-2-492843-24-2[\/vc_column_text][\/vc_column][vc_column width=&#8221;1\/3&#8243;][vc_gallery interval=&#8221;3&#8243; images=&#8221;4624&#8243; img_size=&#8221;large&#8221; onclick=&#8221;&#8221;][\/vc_column][vc_column width=&#8221;1\/3&#8243;][\/vc_column][\/vc_row]<\/p>\n<\/div>","protected":false},"excerpt":{"rendered":"<h2><span style=\"color: #000000;\">de G\u00e9rard de Nerval<br \/>\n<\/span><\/h2>\n<h4><span style=\"color: #000000;\">Illustrations d&#8217;Aurore F\u00e9ni\u00e9<\/span><\/h4>\n<hr>\n<p>Voici l\u2019ultime texte de Nerval, la touchante description de sa folie lucide, de son r\u00eave \u00e9veill\u00e9, de son mysticisme, de son ali\u00e9nation. Son testament po\u00e9tique, son chef-d\u2019\u0153uvre, la cl\u00e9 de son \u00e9criture, le texte nourrissant des ex\u00e9g\u00e8ses\u2026<\/p>\n<p>En annexe :<\/p>\n<ul>\n<li><i>Lettres \u00e0 Aur\u00e9lia<\/i><\/li>\n<li><i>Souvenirs de jeunesse<\/i> (1856) de Ludovic Hal\u00e9vy<\/li>\n<li>Chronologie de la vie de G\u00e9rard de Nerval<\/li>\n<\/ul>\n<hr>\n<p><span style=\"color: #000080;\">Przeczytaj not\u0119 wydawcy, kt\u00f3ra towarzyszy ksi\u0105\u017cce na <a href=\"https:\/\/editionstoutechose.fr\/aurelia\" target=\"_blank\" rel=\"noopener\"><strong>DEDYKOWANEJ STRONIE<\/strong><\/a> naszego bloga.<\/span><br \/>\n&#8211;<br \/>\n<span style=\"color: #333333;\"><strong>Dost\u0119pno\u015b\u0107: eBook <\/strong><em>(Kindle, ePub)<\/em> et <strong>livre imprim\u00e9<br \/>\n<\/strong>Wybierz poni\u017cej wersj\u0119 i format.<\/span><\/p>\n<hr>\n<p><strong>T\u00e9l\u00e9charger l&#8217;extrait du livre<\/strong><\/p>\n<p><a href=\"https:\/\/editionstoutechose.fr\/wp-content\/uploads\/2023\/01\/NERVAL_Aurelia_extraits.epub\" target=\"_blank\" rel=\"noopener\"><img loading=\"lazy\" decoding=\"async\" class=\"alignnone wp-image-4301\" src=\"https:\/\/editionstoutechose.fr\/wp-content\/uploads\/2022\/10\/ePub_ico%CC%82ne-300x300.png\" alt=\"Aur\u00e9lia_extrait ePub\" width=\"50\" height=\"50\"><\/a><a href=\"https:\/\/editionstoutechose.fr\/wp-content\/uploads\/2023\/01\/NERVAL_Aurelia_extraits.mobi\" target=\"_blank\" rel=\"noopener\"><img loading=\"lazy\" decoding=\"async\" class=\"alignnone wp-image-4303\" src=\"https:\/\/editionstoutechose.fr\/wp-content\/uploads\/2022\/10\/Kindle_ico%CC%82ne-300x300.png\" alt=\"Aur\u00e9lia_extrait Kindle\" width=\"50\" height=\"50\"><\/a><\/p>\n<hr>\n","protected":false},"featured_media":4666,"template":"","meta":{"_acf_changed":false},"product_brand":[],"product_cat":[411,670],"product_tag":[],"class_list":{"0":"post-4614","1":"product","2":"type-product","3":"status-publish","4":"has-post-thumbnail","6":"product_cat-wszystkie-kategorie","7":"product_cat-opowiadanie","8":"product_shipping_class-livre","9":"pa_auteur-gerard-de-nerval-pl","11":"first","12":"instock","13":"shipping-taxable","14":"purchasable","15":"product-type-variable","17":"catalog-layout-default","18":"columns-xs-1"},"acf":[],"yoast_head":"<!-- This site is optimized with the Yoast SEO plugin v27.4 - https:\/\/yoast.com\/product\/yoast-seo-wordpress\/ -->\n<title>AUR\u00c9LIA de G\u00e9rard de Nerval \u2022 Illustrations d&#039;Aurore F\u00e9ni\u00e9<\/title>\n<meta name=\"description\" content=\"AUR\u00c9LIA de G\u00e9rard de Nerval est l&#039;ultime texte du po\u00e8te et nouvelliste. Son testament po\u00e9tique, la cl\u00e9 de son \u00e9criture. Illustrations d&#039;Aurore F\u00e9ni\u00e9.\" \/>\n<meta name=\"robots\" content=\"index, follow, max-snippet:-1, max-image-preview:large, max-video-preview:-1\" \/>\n<link rel=\"canonical\" href=\"https:\/\/editionstoutechose.fr\/pl\/ksiazki\/aurelia-de-gerard-de-nerval\/\" \/>\n<meta property=\"og:locale\" content=\"pl_PL\" \/>\n<meta property=\"og:type\" content=\"article\" \/>\n<meta property=\"og:title\" content=\"AUR\u00c9LIA de G\u00e9rard de Nerval \u2022 Illustrations d&#039;Aurore F\u00e9ni\u00e9\" \/>\n<meta property=\"og:description\" content=\"AUR\u00c9LIA de G\u00e9rard de Nerval est l&#039;ultime texte du po\u00e8te et nouvelliste. Son testament po\u00e9tique, la cl\u00e9 de son \u00e9criture. Illustrations d&#039;Aurore F\u00e9ni\u00e9.\" \/>\n<meta property=\"og:url\" content=\"https:\/\/editionstoutechose.fr\/pl\/ksiazki\/aurelia-de-gerard-de-nerval\/\" \/>\n<meta property=\"og:site_name\" content=\"Les \u00c9ditions Toute Chose\" \/>\n<meta property=\"article:modified_time\" content=\"2025-12-23T23:36:55+00:00\" \/>\n<meta property=\"og:image\" content=\"https:\/\/editionstoutechose.fr\/wp-content\/uploads\/2023\/01\/2400x1500_Aurelia_couv_CMJN.jpg\" \/>\n\t<meta property=\"og:image:width\" content=\"1500\" \/>\n\t<meta property=\"og:image:height\" content=\"2400\" \/>\n\t<meta property=\"og:image:type\" content=\"image\/jpeg\" \/>\n<script type=\"application\/ld+json\" class=\"yoast-schema-graph\">{\"@context\":\"https:\\\/\\\/schema.org\",\"@graph\":[{\"@type\":\"WebPage\",\"@id\":\"https:\\\/\\\/editionstoutechose.fr\\\/pl\\\/ksiazki\\\/aurelia-de-gerard-de-nerval\\\/\",\"url\":\"https:\\\/\\\/editionstoutechose.fr\\\/pl\\\/ksiazki\\\/aurelia-de-gerard-de-nerval\\\/\",\"name\":\"AUR\u00c9LIA de G\u00e9rard de Nerval \u2022 Illustrations d'Aurore F\u00e9ni\u00e9\",\"isPartOf\":{\"@id\":\"https:\\\/\\\/editionstoutechose.fr\\\/pl\\\/#website\"},\"primaryImageOfPage\":{\"@id\":\"https:\\\/\\\/editionstoutechose.fr\\\/pl\\\/ksiazki\\\/aurelia-de-gerard-de-nerval\\\/#primaryimage\"},\"image\":{\"@id\":\"https:\\\/\\\/editionstoutechose.fr\\\/pl\\\/ksiazki\\\/aurelia-de-gerard-de-nerval\\\/#primaryimage\"},\"thumbnailUrl\":\"https:\\\/\\\/editionstoutechose.fr\\\/wp-content\\\/uploads\\\/2023\\\/01\\\/2400x1500_Aurelia_couv_CMJN.jpg\",\"datePublished\":\"2022-12-24T14:06:25+00:00\",\"dateModified\":\"2025-12-23T23:36:55+00:00\",\"description\":\"AUR\u00c9LIA de G\u00e9rard de Nerval est l'ultime texte du po\u00e8te et nouvelliste. Son testament po\u00e9tique, la cl\u00e9 de son \u00e9criture. Illustrations d'Aurore F\u00e9ni\u00e9.\",\"breadcrumb\":{\"@id\":\"https:\\\/\\\/editionstoutechose.fr\\\/pl\\\/ksiazki\\\/aurelia-de-gerard-de-nerval\\\/#breadcrumb\"},\"inLanguage\":\"pl-PL\",\"potentialAction\":[{\"@type\":\"ReadAction\",\"target\":[\"https:\\\/\\\/editionstoutechose.fr\\\/pl\\\/ksiazki\\\/aurelia-de-gerard-de-nerval\\\/\"]}]},{\"@type\":\"ImageObject\",\"inLanguage\":\"pl-PL\",\"@id\":\"https:\\\/\\\/editionstoutechose.fr\\\/pl\\\/ksiazki\\\/aurelia-de-gerard-de-nerval\\\/#primaryimage\",\"url\":\"https:\\\/\\\/editionstoutechose.fr\\\/wp-content\\\/uploads\\\/2023\\\/01\\\/2400x1500_Aurelia_couv_CMJN.jpg\",\"contentUrl\":\"https:\\\/\\\/editionstoutechose.fr\\\/wp-content\\\/uploads\\\/2023\\\/01\\\/2400x1500_Aurelia_couv_CMJN.jpg\",\"width\":1500,\"height\":2400,\"caption\":\"Aur\u00e9lia de G\u00e9rard de Nerval\"},{\"@type\":\"BreadcrumbList\",\"@id\":\"https:\\\/\\\/editionstoutechose.fr\\\/pl\\\/ksiazki\\\/aurelia-de-gerard-de-nerval\\\/#breadcrumb\",\"itemListElement\":[{\"@type\":\"ListItem\",\"position\":1,\"name\":\"Katalog\",\"item\":\"https:\\\/\\\/editionstoutechose.fr\\\/pl\\\/katalog\\\/\"},{\"@type\":\"ListItem\",\"position\":2,\"name\":\"AUR\u00c9LIA\"}]},{\"@type\":\"WebSite\",\"@id\":\"https:\\\/\\\/editionstoutechose.fr\\\/pl\\\/#website\",\"url\":\"https:\\\/\\\/editionstoutechose.fr\\\/pl\\\/\",\"name\":\"Les \u00c9ditions Toute Chose\",\"description\":\"\",\"potentialAction\":[{\"@type\":\"SearchAction\",\"target\":{\"@type\":\"EntryPoint\",\"urlTemplate\":\"https:\\\/\\\/editionstoutechose.fr\\\/pl\\\/?s={search_term_string}\"},\"query-input\":{\"@type\":\"PropertyValueSpecification\",\"valueRequired\":true,\"valueName\":\"search_term_string\"}}],\"inLanguage\":\"pl-PL\"}]}<\/script>\n<!-- \/ Yoast SEO plugin. -->","yoast_head_json":{"title":"AUR\u00c9LIA de G\u00e9rard de Nerval \u2022 Illustrations d'Aurore F\u00e9ni\u00e9","description":"AUR\u00c9LIA de G\u00e9rard de Nerval est l'ultime texte du po\u00e8te et nouvelliste. Son testament po\u00e9tique, la cl\u00e9 de son \u00e9criture. Illustrations d'Aurore F\u00e9ni\u00e9.","robots":{"index":"index","follow":"follow","max-snippet":"max-snippet:-1","max-image-preview":"max-image-preview:large","max-video-preview":"max-video-preview:-1"},"canonical":"https:\/\/editionstoutechose.fr\/pl\/ksiazki\/aurelia-de-gerard-de-nerval\/","og_locale":"pl_PL","og_type":"article","og_title":"AUR\u00c9LIA de G\u00e9rard de Nerval \u2022 Illustrations d'Aurore F\u00e9ni\u00e9","og_description":"AUR\u00c9LIA de G\u00e9rard de Nerval est l'ultime texte du po\u00e8te et nouvelliste. Son testament po\u00e9tique, la cl\u00e9 de son \u00e9criture. Illustrations d'Aurore F\u00e9ni\u00e9.","og_url":"https:\/\/editionstoutechose.fr\/pl\/ksiazki\/aurelia-de-gerard-de-nerval\/","og_site_name":"Les \u00c9ditions Toute Chose","article_modified_time":"2025-12-23T23:36:55+00:00","og_image":[{"width":1500,"height":2400,"url":"https:\/\/editionstoutechose.fr\/wp-content\/uploads\/2023\/01\/2400x1500_Aurelia_couv_CMJN.jpg","type":"image\/jpeg"}],"schema":{"@context":"https:\/\/schema.org","@graph":[{"@type":"WebPage","@id":"https:\/\/editionstoutechose.fr\/pl\/ksiazki\/aurelia-de-gerard-de-nerval\/","url":"https:\/\/editionstoutechose.fr\/pl\/ksiazki\/aurelia-de-gerard-de-nerval\/","name":"AUR\u00c9LIA de G\u00e9rard de Nerval \u2022 Illustrations d'Aurore F\u00e9ni\u00e9","isPartOf":{"@id":"https:\/\/editionstoutechose.fr\/pl\/#website"},"primaryImageOfPage":{"@id":"https:\/\/editionstoutechose.fr\/pl\/ksiazki\/aurelia-de-gerard-de-nerval\/#primaryimage"},"image":{"@id":"https:\/\/editionstoutechose.fr\/pl\/ksiazki\/aurelia-de-gerard-de-nerval\/#primaryimage"},"thumbnailUrl":"https:\/\/editionstoutechose.fr\/wp-content\/uploads\/2023\/01\/2400x1500_Aurelia_couv_CMJN.jpg","datePublished":"2022-12-24T14:06:25+00:00","dateModified":"2025-12-23T23:36:55+00:00","description":"AUR\u00c9LIA de G\u00e9rard de Nerval est l'ultime texte du po\u00e8te et nouvelliste. Son testament po\u00e9tique, la cl\u00e9 de son \u00e9criture. Illustrations d'Aurore F\u00e9ni\u00e9.","breadcrumb":{"@id":"https:\/\/editionstoutechose.fr\/pl\/ksiazki\/aurelia-de-gerard-de-nerval\/#breadcrumb"},"inLanguage":"pl-PL","potentialAction":[{"@type":"ReadAction","target":["https:\/\/editionstoutechose.fr\/pl\/ksiazki\/aurelia-de-gerard-de-nerval\/"]}]},{"@type":"ImageObject","inLanguage":"pl-PL","@id":"https:\/\/editionstoutechose.fr\/pl\/ksiazki\/aurelia-de-gerard-de-nerval\/#primaryimage","url":"https:\/\/editionstoutechose.fr\/wp-content\/uploads\/2023\/01\/2400x1500_Aurelia_couv_CMJN.jpg","contentUrl":"https:\/\/editionstoutechose.fr\/wp-content\/uploads\/2023\/01\/2400x1500_Aurelia_couv_CMJN.jpg","width":1500,"height":2400,"caption":"Aur\u00e9lia de G\u00e9rard de Nerval"},{"@type":"BreadcrumbList","@id":"https:\/\/editionstoutechose.fr\/pl\/ksiazki\/aurelia-de-gerard-de-nerval\/#breadcrumb","itemListElement":[{"@type":"ListItem","position":1,"name":"Katalog","item":"https:\/\/editionstoutechose.fr\/pl\/katalog\/"},{"@type":"ListItem","position":2,"name":"AUR\u00c9LIA"}]},{"@type":"WebSite","@id":"https:\/\/editionstoutechose.fr\/pl\/#website","url":"https:\/\/editionstoutechose.fr\/pl\/","name":"Les \u00c9ditions Toute Chose","description":"","potentialAction":[{"@type":"SearchAction","target":{"@type":"EntryPoint","urlTemplate":"https:\/\/editionstoutechose.fr\/pl\/?s={search_term_string}"},"query-input":{"@type":"PropertyValueSpecification","valueRequired":true,"valueName":"search_term_string"}}],"inLanguage":"pl-PL"}]}},"_links":{"self":[{"href":"https:\/\/editionstoutechose.fr\/pl\/wp-json\/wp\/v2\/product\/4614","targetHints":{"allow":["GET"]}}],"collection":[{"href":"https:\/\/editionstoutechose.fr\/pl\/wp-json\/wp\/v2\/product"}],"about":[{"href":"https:\/\/editionstoutechose.fr\/pl\/wp-json\/wp\/v2\/types\/product"}],"wp:featuredmedia":[{"embeddable":true,"href":"https:\/\/editionstoutechose.fr\/pl\/wp-json\/wp\/v2\/media\/4666"}],"wp:attachment":[{"href":"https:\/\/editionstoutechose.fr\/pl\/wp-json\/wp\/v2\/media?parent=4614"}],"wp:term":[{"taxonomy":"product_brand","embeddable":true,"href":"https:\/\/editionstoutechose.fr\/pl\/wp-json\/wp\/v2\/product_brand?post=4614"},{"taxonomy":"product_cat","embeddable":true,"href":"https:\/\/editionstoutechose.fr\/pl\/wp-json\/wp\/v2\/product_cat?post=4614"},{"taxonomy":"product_tag","embeddable":true,"href":"https:\/\/editionstoutechose.fr\/pl\/wp-json\/wp\/v2\/product_tag?post=4614"}],"curies":[{"name":"wp","href":"https:\/\/api.w.org\/{rel}","templated":true}]}}