{"id":4777,"date":"2023-05-03T18:10:48","date_gmt":"2023-05-03T16:10:48","guid":{"rendered":"https:\/\/editionstoutechose.fr\/?post_type=product&#038;p=4777"},"modified":"2025-12-24T00:32:09","modified_gmt":"2025-12-23T23:32:09","slug":"sans-morale","status":"publish","type":"product","link":"https:\/\/editionstoutechose.fr\/pl\/ksiazki\/sans-morale\/","title":{"rendered":"Sans morale"},"content":{"rendered":"<div class=\"wpb-content-wrapper\"><p>[vc_row][vc_column][vc_column_text]<\/p>\n<p style=\"text-align: left;\">[\/vc_column_text][\/vc_column][\/vc_row][vc_row][vc_column width=&#8221;1\/3&#8243;][vc_column_text]<strong>Sans morale <\/strong>de Laurent Robert<em><br \/>\n<\/em>Illustrations de Giovanni Battista Bracelli, <em>Bizzarie di varie figure<\/em> (1624, National Galery of Art, Washington)<br \/>\n<strong>Livre imprim\u00e9<\/strong> ISBN 978-2-492843-27-3<br \/>\n<strong>PDF<\/strong> ISBN 978-2-492843-28-0[\/vc_column_text][\/vc_column][vc_column width=&#8221;1\/3&#8243;][vc_gallery interval=&#8221;3&#8243; images=&#8221;4792,4790,4788&#8243; img_size=&#8221;large&#8221; onclick=&#8221;&#8221;][\/vc_column][vc_column width=&#8221;1\/3&#8243;][\/vc_column][\/vc_row]<\/p>\n<\/div>","protected":false},"excerpt":{"rendered":"<h2><span style=\"color: #000000;\">de Laurent Robert<br \/>\n<\/span><\/h2>\n<hr>\n<p>Laurent Robert tente de renouveler certaines formes po\u00e9tiques consacr\u00e9es en les confrontant \u00e0 des sujets inattendus ou contemporains.<br \/>\n<strong>Sans morale<\/strong> est constitu\u00e9 de cent po\u00e8mes o\u00f9 s\u2019explore la forme de la \u00ab morale \u00e9l\u00e9mentaire \u00bb imagin\u00e9e par Raymond Queneau. Une tentative d\u2019\u00e9criture spatiale et picturale\u2026<\/p>\n<hr>\n<p><span style=\"color: #000080;\">Visitez la <a href=\"https:\/\/editionstoutechose.fr\/laurent-robert-sans-morale-2\" target=\"_blank\" rel=\"noopener\"><strong>PAGE D\u00c9DI\u00c9E<\/strong><\/a> du site pour lire la 4e de couverture et visionner les vid\u00e9os de commentaires. <em>(Le lien s&#8217;ouvrira dans un nouvel onglet.)<\/em><\/span><\/p>\n<p>\u2022<br \/>\n<span style=\"color: #333333;\"><strong>Disponibilit\u00e9 : livre imprim\u00e9<\/strong> et<strong> livre-PDF<\/strong><strong>interactif (navigable)<br \/>\n<\/strong>Faites votre choix de version et de format ci-dessous.<\/span><\/p>\n<hr>\n<p><strong>T\u00e9l\u00e9charger l&#8217;extrait du livre<\/strong><\/p>\n<p><a href=\"https:\/\/editionstoutechose.fr\/wp-content\/uploads\/2023\/05\/ROBERT_Sans-morale_extrait.pdf\"><img loading=\"lazy\" decoding=\"async\" class=\"alignnone wp-image-4305\" src=\"https:\/\/editionstoutechose.fr\/wp-content\/uploads\/2022\/10\/PDF_ico%CC%82ne1-300x300.png\" alt=\"Sans morale_extrait PDF\" width=\"50\" height=\"50\"><\/a><\/p>\n<hr>\n","protected":false},"featured_media":4785,"template":"","meta":{"_acf_changed":false},"product_brand":[],"product_cat":[411,407,408],"product_tag":[],"class_list":{"0":"post-4777","1":"product","2":"type-product","3":"status-publish","4":"has-post-thumbnail","6":"product_cat-wszystkie-kategorie","7":"product_cat-poezja","8":"product_cat-poezja-wspolczesna","9":"product_shipping_class-livre","10":"pa_auteur-laurent-robert-pl","12":"first","13":"instock","14":"shipping-taxable","15":"purchasable","16":"product-type-variable","18":"catalog-layout-default","19":"columns-xs-1"},"acf":[],"yoast_head":"<!-- This site is optimized with the Yoast SEO plugin v27.3 - https:\/\/yoast.com\/product\/yoast-seo-wordpress\/ -->\n<title>Sans morale \u2022 Po\u00e9sies de Laurent Robert \u2022 Morale \u00e9l\u00e9mentaire<\/title>\n<meta name=\"description\" content=\"SANS MORALE est constitu\u00e9 de 100 po\u00e8mes \u00e9crits sous forme de \u00ab morale \u00e9l\u00e9mentaire \u00bb imagin\u00e9e par Raymond Queneau. Une \u00e9criture spatiale et picturale\u2026\" \/>\n<meta name=\"robots\" content=\"index, follow, max-snippet:-1, max-image-preview:large, max-video-preview:-1\" \/>\n<link rel=\"canonical\" href=\"https:\/\/editionstoutechose.fr\/pl\/ksiazki\/sans-morale\/\" \/>\n<meta property=\"og:locale\" content=\"pl_PL\" \/>\n<meta property=\"og:type\" content=\"article\" \/>\n<meta property=\"og:title\" content=\"Sans morale \u2022 Po\u00e9sies de Laurent Robert \u2022 Morale \u00e9l\u00e9mentaire\" \/>\n<meta property=\"og:description\" content=\"SANS MORALE est constitu\u00e9 de 100 po\u00e8mes \u00e9crits sous forme de \u00ab morale \u00e9l\u00e9mentaire \u00bb imagin\u00e9e par Raymond Queneau. Une \u00e9criture spatiale et picturale\u2026\" \/>\n<meta property=\"og:url\" content=\"https:\/\/editionstoutechose.fr\/pl\/ksiazki\/sans-morale\/\" \/>\n<meta property=\"og:site_name\" content=\"Les \u00c9ditions Toute Chose\" \/>\n<meta property=\"article:modified_time\" content=\"2025-12-23T23:32:09+00:00\" \/>\n<meta property=\"og:image\" content=\"https:\/\/editionstoutechose.fr\/wp-content\/uploads\/2023\/05\/2400x1730_Sans-morale_Couv_face_RVB.jpg\" \/>\n\t<meta property=\"og:image:width\" content=\"2400\" \/>\n\t<meta property=\"og:image:height\" content=\"1730\" \/>\n\t<meta property=\"og:image:type\" content=\"image\/jpeg\" \/>\n<script type=\"application\/ld+json\" class=\"yoast-schema-graph\">{\"@context\":\"https:\\\/\\\/schema.org\",\"@graph\":[{\"@type\":\"WebPage\",\"@id\":\"https:\\\/\\\/editionstoutechose.fr\\\/pl\\\/ksiazki\\\/sans-morale\\\/\",\"url\":\"https:\\\/\\\/editionstoutechose.fr\\\/pl\\\/ksiazki\\\/sans-morale\\\/\",\"name\":\"Sans morale \u2022 Po\u00e9sies de Laurent Robert \u2022 Morale \u00e9l\u00e9mentaire\",\"isPartOf\":{\"@id\":\"https:\\\/\\\/editionstoutechose.fr\\\/pl\\\/#website\"},\"primaryImageOfPage\":{\"@id\":\"https:\\\/\\\/editionstoutechose.fr\\\/pl\\\/ksiazki\\\/sans-morale\\\/#primaryimage\"},\"image\":{\"@id\":\"https:\\\/\\\/editionstoutechose.fr\\\/pl\\\/ksiazki\\\/sans-morale\\\/#primaryimage\"},\"thumbnailUrl\":\"https:\\\/\\\/editionstoutechose.fr\\\/wp-content\\\/uploads\\\/2023\\\/05\\\/2400x1730_Sans-morale_Couv_face_RVB.jpg\",\"datePublished\":\"2023-05-03T16:10:48+00:00\",\"dateModified\":\"2025-12-23T23:32:09+00:00\",\"description\":\"SANS MORALE est constitu\u00e9 de 100 po\u00e8mes \u00e9crits sous forme de \u00ab morale \u00e9l\u00e9mentaire \u00bb imagin\u00e9e par Raymond Queneau. Une \u00e9criture spatiale et picturale\u2026\",\"breadcrumb\":{\"@id\":\"https:\\\/\\\/editionstoutechose.fr\\\/pl\\\/ksiazki\\\/sans-morale\\\/#breadcrumb\"},\"inLanguage\":\"pl-PL\",\"potentialAction\":[{\"@type\":\"ReadAction\",\"target\":[\"https:\\\/\\\/editionstoutechose.fr\\\/pl\\\/ksiazki\\\/sans-morale\\\/\"]}]},{\"@type\":\"ImageObject\",\"inLanguage\":\"pl-PL\",\"@id\":\"https:\\\/\\\/editionstoutechose.fr\\\/pl\\\/ksiazki\\\/sans-morale\\\/#primaryimage\",\"url\":\"https:\\\/\\\/editionstoutechose.fr\\\/wp-content\\\/uploads\\\/2023\\\/05\\\/2400x1730_Sans-morale_Couv_face_RVB.jpg\",\"contentUrl\":\"https:\\\/\\\/editionstoutechose.fr\\\/wp-content\\\/uploads\\\/2023\\\/05\\\/2400x1730_Sans-morale_Couv_face_RVB.jpg\",\"width\":2400,\"height\":1730,\"caption\":\"Sans morale de Laurent Robert\"},{\"@type\":\"BreadcrumbList\",\"@id\":\"https:\\\/\\\/editionstoutechose.fr\\\/pl\\\/ksiazki\\\/sans-morale\\\/#breadcrumb\",\"itemListElement\":[{\"@type\":\"ListItem\",\"position\":1,\"name\":\"Katalog\",\"item\":\"https:\\\/\\\/editionstoutechose.fr\\\/pl\\\/katalog\\\/\"},{\"@type\":\"ListItem\",\"position\":2,\"name\":\"Sans morale\"}]},{\"@type\":\"WebSite\",\"@id\":\"https:\\\/\\\/editionstoutechose.fr\\\/pl\\\/#website\",\"url\":\"https:\\\/\\\/editionstoutechose.fr\\\/pl\\\/\",\"name\":\"Les \u00c9ditions Toute Chose\",\"description\":\"\",\"potentialAction\":[{\"@type\":\"SearchAction\",\"target\":{\"@type\":\"EntryPoint\",\"urlTemplate\":\"https:\\\/\\\/editionstoutechose.fr\\\/pl\\\/?s={search_term_string}\"},\"query-input\":{\"@type\":\"PropertyValueSpecification\",\"valueRequired\":true,\"valueName\":\"search_term_string\"}}],\"inLanguage\":\"pl-PL\"}]}<\/script>\n<!-- \/ Yoast SEO plugin. -->","yoast_head_json":{"title":"Sans morale \u2022 Po\u00e9sies de Laurent Robert \u2022 Morale \u00e9l\u00e9mentaire","description":"SANS MORALE est constitu\u00e9 de 100 po\u00e8mes \u00e9crits sous forme de \u00ab morale \u00e9l\u00e9mentaire \u00bb imagin\u00e9e par Raymond Queneau. Une \u00e9criture spatiale et picturale\u2026","robots":{"index":"index","follow":"follow","max-snippet":"max-snippet:-1","max-image-preview":"max-image-preview:large","max-video-preview":"max-video-preview:-1"},"canonical":"https:\/\/editionstoutechose.fr\/pl\/ksiazki\/sans-morale\/","og_locale":"pl_PL","og_type":"article","og_title":"Sans morale \u2022 Po\u00e9sies de Laurent Robert \u2022 Morale \u00e9l\u00e9mentaire","og_description":"SANS MORALE est constitu\u00e9 de 100 po\u00e8mes \u00e9crits sous forme de \u00ab morale \u00e9l\u00e9mentaire \u00bb imagin\u00e9e par Raymond Queneau. Une \u00e9criture spatiale et picturale\u2026","og_url":"https:\/\/editionstoutechose.fr\/pl\/ksiazki\/sans-morale\/","og_site_name":"Les \u00c9ditions Toute Chose","article_modified_time":"2025-12-23T23:32:09+00:00","og_image":[{"width":2400,"height":1730,"url":"https:\/\/editionstoutechose.fr\/wp-content\/uploads\/2023\/05\/2400x1730_Sans-morale_Couv_face_RVB.jpg","type":"image\/jpeg"}],"schema":{"@context":"https:\/\/schema.org","@graph":[{"@type":"WebPage","@id":"https:\/\/editionstoutechose.fr\/pl\/ksiazki\/sans-morale\/","url":"https:\/\/editionstoutechose.fr\/pl\/ksiazki\/sans-morale\/","name":"Sans morale \u2022 Po\u00e9sies de Laurent Robert \u2022 Morale \u00e9l\u00e9mentaire","isPartOf":{"@id":"https:\/\/editionstoutechose.fr\/pl\/#website"},"primaryImageOfPage":{"@id":"https:\/\/editionstoutechose.fr\/pl\/ksiazki\/sans-morale\/#primaryimage"},"image":{"@id":"https:\/\/editionstoutechose.fr\/pl\/ksiazki\/sans-morale\/#primaryimage"},"thumbnailUrl":"https:\/\/editionstoutechose.fr\/wp-content\/uploads\/2023\/05\/2400x1730_Sans-morale_Couv_face_RVB.jpg","datePublished":"2023-05-03T16:10:48+00:00","dateModified":"2025-12-23T23:32:09+00:00","description":"SANS MORALE est constitu\u00e9 de 100 po\u00e8mes \u00e9crits sous forme de \u00ab morale \u00e9l\u00e9mentaire \u00bb imagin\u00e9e par Raymond Queneau. Une \u00e9criture spatiale et picturale\u2026","breadcrumb":{"@id":"https:\/\/editionstoutechose.fr\/pl\/ksiazki\/sans-morale\/#breadcrumb"},"inLanguage":"pl-PL","potentialAction":[{"@type":"ReadAction","target":["https:\/\/editionstoutechose.fr\/pl\/ksiazki\/sans-morale\/"]}]},{"@type":"ImageObject","inLanguage":"pl-PL","@id":"https:\/\/editionstoutechose.fr\/pl\/ksiazki\/sans-morale\/#primaryimage","url":"https:\/\/editionstoutechose.fr\/wp-content\/uploads\/2023\/05\/2400x1730_Sans-morale_Couv_face_RVB.jpg","contentUrl":"https:\/\/editionstoutechose.fr\/wp-content\/uploads\/2023\/05\/2400x1730_Sans-morale_Couv_face_RVB.jpg","width":2400,"height":1730,"caption":"Sans morale de Laurent Robert"},{"@type":"BreadcrumbList","@id":"https:\/\/editionstoutechose.fr\/pl\/ksiazki\/sans-morale\/#breadcrumb","itemListElement":[{"@type":"ListItem","position":1,"name":"Katalog","item":"https:\/\/editionstoutechose.fr\/pl\/katalog\/"},{"@type":"ListItem","position":2,"name":"Sans morale"}]},{"@type":"WebSite","@id":"https:\/\/editionstoutechose.fr\/pl\/#website","url":"https:\/\/editionstoutechose.fr\/pl\/","name":"Les \u00c9ditions Toute Chose","description":"","potentialAction":[{"@type":"SearchAction","target":{"@type":"EntryPoint","urlTemplate":"https:\/\/editionstoutechose.fr\/pl\/?s={search_term_string}"},"query-input":{"@type":"PropertyValueSpecification","valueRequired":true,"valueName":"search_term_string"}}],"inLanguage":"pl-PL"}]}},"_links":{"self":[{"href":"https:\/\/editionstoutechose.fr\/pl\/wp-json\/wp\/v2\/product\/4777","targetHints":{"allow":["GET"]}}],"collection":[{"href":"https:\/\/editionstoutechose.fr\/pl\/wp-json\/wp\/v2\/product"}],"about":[{"href":"https:\/\/editionstoutechose.fr\/pl\/wp-json\/wp\/v2\/types\/product"}],"wp:featuredmedia":[{"embeddable":true,"href":"https:\/\/editionstoutechose.fr\/pl\/wp-json\/wp\/v2\/media\/4785"}],"wp:attachment":[{"href":"https:\/\/editionstoutechose.fr\/pl\/wp-json\/wp\/v2\/media?parent=4777"}],"wp:term":[{"taxonomy":"product_brand","embeddable":true,"href":"https:\/\/editionstoutechose.fr\/pl\/wp-json\/wp\/v2\/product_brand?post=4777"},{"taxonomy":"product_cat","embeddable":true,"href":"https:\/\/editionstoutechose.fr\/pl\/wp-json\/wp\/v2\/product_cat?post=4777"},{"taxonomy":"product_tag","embeddable":true,"href":"https:\/\/editionstoutechose.fr\/pl\/wp-json\/wp\/v2\/product_tag?post=4777"}],"curies":[{"name":"wp","href":"https:\/\/api.w.org\/{rel}","templated":true}]}}