{"id":4850,"date":"2022-12-11T12:53:53","date_gmt":"2022-12-11T11:53:53","guid":{"rendered":"https:\/\/editionstoutechose.fr\/livres\/la-revolte-des-orguesjean-guillou-dvd\/"},"modified":"2025-12-24T00:42:40","modified_gmt":"2025-12-23T23:42:40","slug":"la-revolte-des-orgues-jean-guillou-dvd","status":"publish","type":"product","link":"https:\/\/editionstoutechose.fr\/pl\/ksiazki\/la-revolte-des-orgues-jean-guillou-dvd\/","title":{"rendered":"Bunt organ\u00f3w<br>Jean Guillou (DVD)"},"content":{"rendered":"<p>Jean Guillou DVD: <strong>La R\u00e9volte des Orgues<\/strong><\/p>\n<p><strong>Szczeg\u00f3\u0142owy opis<\/strong> DVD i <strong>fragmenty wideo<\/strong> mo\u017cna znale\u017a\u0107 w <a href=\"http:\/\/tomaszcichawa.fr\/la-revolte-des-orgues-de-jean-guillou-dvd-1\/\" target=\"_blank\" rel=\"noopener noreferrer\"><strong>tym wpisie na stronie internetowej re\u017cysera<\/strong><\/a> (otworzy si\u0119 w nowej karcie).<\/p>\n","protected":false},"excerpt":{"rendered":"<p>Ce DVD restitue le concert exceptionnel de <strong>La R\u00e9volte des Orgues<\/strong>, opus 69 de Jean Guillou pour Grand Orgue, huit orgues positifs, percussions et chef d\u2019orchestre, enregistr\u00e9 le 19 juin 2007.<\/p>\n<p><span style=\"color: #993300;\"><strong>BONUS<\/strong><\/span><br \/>\n&#8211; <strong>Koncert na dwa instrumenty klawiszowe F-dur<\/strong> <strong>W. F. Bacha<\/strong> (J. Guillou i Johannes Skudlik)<br \/>\n<strong>\u2022 L\u2019Alchimie de la R\u00e9volte<\/strong>, le documentaire qui d\u00e9voile les origines de l\u2019\u0153uvre et montre les coulisses de la mise en place du vaste dispositif du concert. Avec la complicit\u00e9 du compositeur Jean Guillou.<\/p>\n<p>R\u00e9alisation : <strong>Tomasz Cichawa<\/strong>, prise de son : <strong>Jean-Claude B\u00e9n\u00e9zech<\/strong><\/p>\n<p><span style=\"color: #993300;\"><strong>Note technique :<br \/>\n<\/strong><\/span>DVD-9 multizone \u2022 Vid\u00e9o SD PAL \u2022 <strong>Dur\u00e9e totale<\/strong> : 2 heures 10 min \u2022 <strong>Son<\/strong> : PCM st\u00e9r\u00e9o et mono \u2022 Dolby St\u00e9r\u00e9o \u2022 <strong>Format<\/strong> : 4\/3 et 16\/9 compatible 4\/3 \u2022 <strong>Langues<\/strong> : fran\u00e7ais \u2022 <strong>Sous-titres<\/strong> : anglais, allemand<\/p>\n","protected":false},"featured_media":4543,"template":"","meta":{"_acf_changed":false},"product_brand":[],"product_cat":[411,740],"product_tag":[747,742,743,744,746,745],"class_list":{"0":"post-4850","1":"product","2":"type-product","3":"status-publish","4":"has-post-thumbnail","6":"product_cat-wszystkie-kategorie","7":"product_cat-dvdcd","8":"product_tag-eglise-saint-eustache-pl","9":"product_tag-jean-guillou-pl","10":"product_tag-johannes-skudlik-pl","11":"product_tag-la-revolte-des-orgues-pl","12":"product_tag-musique-dorgue-pl","13":"product_tag-orgue-pl","14":"product_shipping_class-dvd-pl","15":"pa_auteur-jean-guillou-pl","17":"first","18":"instock","19":"shipping-taxable","20":"purchasable","21":"product-type-simple","23":"catalog-layout-default","24":"columns-xs-1"},"acf":[],"yoast_head":"<!-- This site is optimized with the Yoast SEO plugin v27.3 - https:\/\/yoast.com\/product\/yoast-seo-wordpress\/ -->\n<title>La R\u00e9volte des Orgues Jean Guillou DVD<\/title>\n<meta name=\"description\" content=\"La R\u00e9volte des Orgues Jean Guillou DVD. Enregistrement de la 1\u00e8re fran\u00e7aise de l&#039;\u0153uvre du Compositeur. Bonus : &quot;L&#039;alchimie de la R\u00e9volte&quot;, documentaire.\" \/>\n<meta name=\"robots\" content=\"index, follow, max-snippet:-1, max-image-preview:large, max-video-preview:-1\" \/>\n<link rel=\"canonical\" href=\"https:\/\/editionstoutechose.fr\/pl\/ksiazki\/la-revolte-des-orgues-jean-guillou-dvd\/\" \/>\n<meta property=\"og:locale\" content=\"pl_PL\" \/>\n<meta property=\"og:type\" content=\"article\" \/>\n<meta property=\"og:title\" content=\"La R\u00e9volte des Orgues Jean Guillou DVD\" \/>\n<meta property=\"og:description\" content=\"La R\u00e9volte des Orgues Jean Guillou DVD. Enregistrement de la 1\u00e8re fran\u00e7aise de l&#039;\u0153uvre du Compositeur. Bonus : &quot;L&#039;alchimie de la R\u00e9volte&quot;, documentaire.\" \/>\n<meta property=\"og:url\" content=\"https:\/\/editionstoutechose.fr\/pl\/ksiazki\/la-revolte-des-orgues-jean-guillou-dvd\/\" \/>\n<meta property=\"og:site_name\" content=\"Les \u00c9ditions Toute Chose\" \/>\n<meta property=\"article:modified_time\" content=\"2025-12-23T23:42:40+00:00\" \/>\n<meta property=\"og:image\" content=\"https:\/\/editionstoutechose.fr\/wp-content\/uploads\/2022\/12\/LaRevolte_recto_ok.jpg\" \/>\n\t<meta property=\"og:image:width\" content=\"737\" \/>\n\t<meta property=\"og:image:height\" content=\"1000\" \/>\n\t<meta property=\"og:image:type\" content=\"image\/jpeg\" \/>\n<script type=\"application\/ld+json\" class=\"yoast-schema-graph\">{\"@context\":\"https:\\\/\\\/schema.org\",\"@graph\":[{\"@type\":\"WebPage\",\"@id\":\"https:\\\/\\\/editionstoutechose.fr\\\/pl\\\/ksiazki\\\/la-revolte-des-orgues-jean-guillou-dvd\\\/\",\"url\":\"https:\\\/\\\/editionstoutechose.fr\\\/pl\\\/ksiazki\\\/la-revolte-des-orgues-jean-guillou-dvd\\\/\",\"name\":\"La R\u00e9volte des Orgues Jean Guillou DVD\",\"isPartOf\":{\"@id\":\"https:\\\/\\\/editionstoutechose.fr\\\/pl\\\/#website\"},\"primaryImageOfPage\":{\"@id\":\"https:\\\/\\\/editionstoutechose.fr\\\/pl\\\/ksiazki\\\/la-revolte-des-orgues-jean-guillou-dvd\\\/#primaryimage\"},\"image\":{\"@id\":\"https:\\\/\\\/editionstoutechose.fr\\\/pl\\\/ksiazki\\\/la-revolte-des-orgues-jean-guillou-dvd\\\/#primaryimage\"},\"thumbnailUrl\":\"https:\\\/\\\/editionstoutechose.fr\\\/wp-content\\\/uploads\\\/2022\\\/12\\\/LaRevolte_recto_ok.jpg\",\"datePublished\":\"2022-12-11T11:53:53+00:00\",\"dateModified\":\"2025-12-23T23:42:40+00:00\",\"description\":\"La R\u00e9volte des Orgues Jean Guillou DVD. Enregistrement de la 1\u00e8re fran\u00e7aise de l'\u0153uvre du Compositeur. Bonus : \\\"L'alchimie de la R\u00e9volte\\\", documentaire.\",\"breadcrumb\":{\"@id\":\"https:\\\/\\\/editionstoutechose.fr\\\/pl\\\/ksiazki\\\/la-revolte-des-orgues-jean-guillou-dvd\\\/#breadcrumb\"},\"inLanguage\":\"pl-PL\",\"potentialAction\":[{\"@type\":\"ReadAction\",\"target\":[\"https:\\\/\\\/editionstoutechose.fr\\\/pl\\\/ksiazki\\\/la-revolte-des-orgues-jean-guillou-dvd\\\/\"]}]},{\"@type\":\"ImageObject\",\"inLanguage\":\"pl-PL\",\"@id\":\"https:\\\/\\\/editionstoutechose.fr\\\/pl\\\/ksiazki\\\/la-revolte-des-orgues-jean-guillou-dvd\\\/#primaryimage\",\"url\":\"https:\\\/\\\/editionstoutechose.fr\\\/wp-content\\\/uploads\\\/2022\\\/12\\\/LaRevolte_recto_ok.jpg\",\"contentUrl\":\"https:\\\/\\\/editionstoutechose.fr\\\/wp-content\\\/uploads\\\/2022\\\/12\\\/LaRevolte_recto_ok.jpg\",\"width\":737,\"height\":1000,\"caption\":\"La R\u00e9volte des Orgues Jean Guillou\"},{\"@type\":\"BreadcrumbList\",\"@id\":\"https:\\\/\\\/editionstoutechose.fr\\\/pl\\\/ksiazki\\\/la-revolte-des-orgues-jean-guillou-dvd\\\/#breadcrumb\",\"itemListElement\":[{\"@type\":\"ListItem\",\"position\":1,\"name\":\"Katalog\",\"item\":\"https:\\\/\\\/editionstoutechose.fr\\\/pl\\\/katalog\\\/\"},{\"@type\":\"ListItem\",\"position\":2,\"name\":\"Bunt organ\u00f3wJean Guillou (DVD)\"}]},{\"@type\":\"WebSite\",\"@id\":\"https:\\\/\\\/editionstoutechose.fr\\\/pl\\\/#website\",\"url\":\"https:\\\/\\\/editionstoutechose.fr\\\/pl\\\/\",\"name\":\"Les \u00c9ditions Toute Chose\",\"description\":\"\",\"potentialAction\":[{\"@type\":\"SearchAction\",\"target\":{\"@type\":\"EntryPoint\",\"urlTemplate\":\"https:\\\/\\\/editionstoutechose.fr\\\/pl\\\/?s={search_term_string}\"},\"query-input\":{\"@type\":\"PropertyValueSpecification\",\"valueRequired\":true,\"valueName\":\"search_term_string\"}}],\"inLanguage\":\"pl-PL\"}]}<\/script>\n<!-- \/ Yoast SEO plugin. -->","yoast_head_json":{"title":"La R\u00e9volte des Orgues Jean Guillou DVD","description":"La R\u00e9volte des Orgues Jean Guillou DVD. Enregistrement de la 1\u00e8re fran\u00e7aise de l'\u0153uvre du Compositeur. Bonus : \"L'alchimie de la R\u00e9volte\", documentaire.","robots":{"index":"index","follow":"follow","max-snippet":"max-snippet:-1","max-image-preview":"max-image-preview:large","max-video-preview":"max-video-preview:-1"},"canonical":"https:\/\/editionstoutechose.fr\/pl\/ksiazki\/la-revolte-des-orgues-jean-guillou-dvd\/","og_locale":"pl_PL","og_type":"article","og_title":"La R\u00e9volte des Orgues Jean Guillou DVD","og_description":"La R\u00e9volte des Orgues Jean Guillou DVD. Enregistrement de la 1\u00e8re fran\u00e7aise de l'\u0153uvre du Compositeur. Bonus : \"L'alchimie de la R\u00e9volte\", documentaire.","og_url":"https:\/\/editionstoutechose.fr\/pl\/ksiazki\/la-revolte-des-orgues-jean-guillou-dvd\/","og_site_name":"Les \u00c9ditions Toute Chose","article_modified_time":"2025-12-23T23:42:40+00:00","og_image":[{"width":737,"height":1000,"url":"https:\/\/editionstoutechose.fr\/wp-content\/uploads\/2022\/12\/LaRevolte_recto_ok.jpg","type":"image\/jpeg"}],"schema":{"@context":"https:\/\/schema.org","@graph":[{"@type":"WebPage","@id":"https:\/\/editionstoutechose.fr\/pl\/ksiazki\/la-revolte-des-orgues-jean-guillou-dvd\/","url":"https:\/\/editionstoutechose.fr\/pl\/ksiazki\/la-revolte-des-orgues-jean-guillou-dvd\/","name":"La R\u00e9volte des Orgues Jean Guillou DVD","isPartOf":{"@id":"https:\/\/editionstoutechose.fr\/pl\/#website"},"primaryImageOfPage":{"@id":"https:\/\/editionstoutechose.fr\/pl\/ksiazki\/la-revolte-des-orgues-jean-guillou-dvd\/#primaryimage"},"image":{"@id":"https:\/\/editionstoutechose.fr\/pl\/ksiazki\/la-revolte-des-orgues-jean-guillou-dvd\/#primaryimage"},"thumbnailUrl":"https:\/\/editionstoutechose.fr\/wp-content\/uploads\/2022\/12\/LaRevolte_recto_ok.jpg","datePublished":"2022-12-11T11:53:53+00:00","dateModified":"2025-12-23T23:42:40+00:00","description":"La R\u00e9volte des Orgues Jean Guillou DVD. Enregistrement de la 1\u00e8re fran\u00e7aise de l'\u0153uvre du Compositeur. Bonus : \"L'alchimie de la R\u00e9volte\", documentaire.","breadcrumb":{"@id":"https:\/\/editionstoutechose.fr\/pl\/ksiazki\/la-revolte-des-orgues-jean-guillou-dvd\/#breadcrumb"},"inLanguage":"pl-PL","potentialAction":[{"@type":"ReadAction","target":["https:\/\/editionstoutechose.fr\/pl\/ksiazki\/la-revolte-des-orgues-jean-guillou-dvd\/"]}]},{"@type":"ImageObject","inLanguage":"pl-PL","@id":"https:\/\/editionstoutechose.fr\/pl\/ksiazki\/la-revolte-des-orgues-jean-guillou-dvd\/#primaryimage","url":"https:\/\/editionstoutechose.fr\/wp-content\/uploads\/2022\/12\/LaRevolte_recto_ok.jpg","contentUrl":"https:\/\/editionstoutechose.fr\/wp-content\/uploads\/2022\/12\/LaRevolte_recto_ok.jpg","width":737,"height":1000,"caption":"La R\u00e9volte des Orgues Jean Guillou"},{"@type":"BreadcrumbList","@id":"https:\/\/editionstoutechose.fr\/pl\/ksiazki\/la-revolte-des-orgues-jean-guillou-dvd\/#breadcrumb","itemListElement":[{"@type":"ListItem","position":1,"name":"Katalog","item":"https:\/\/editionstoutechose.fr\/pl\/katalog\/"},{"@type":"ListItem","position":2,"name":"Bunt organ\u00f3wJean Guillou (DVD)"}]},{"@type":"WebSite","@id":"https:\/\/editionstoutechose.fr\/pl\/#website","url":"https:\/\/editionstoutechose.fr\/pl\/","name":"Les \u00c9ditions Toute Chose","description":"","potentialAction":[{"@type":"SearchAction","target":{"@type":"EntryPoint","urlTemplate":"https:\/\/editionstoutechose.fr\/pl\/?s={search_term_string}"},"query-input":{"@type":"PropertyValueSpecification","valueRequired":true,"valueName":"search_term_string"}}],"inLanguage":"pl-PL"}]}},"_links":{"self":[{"href":"https:\/\/editionstoutechose.fr\/pl\/wp-json\/wp\/v2\/product\/4850","targetHints":{"allow":["GET"]}}],"collection":[{"href":"https:\/\/editionstoutechose.fr\/pl\/wp-json\/wp\/v2\/product"}],"about":[{"href":"https:\/\/editionstoutechose.fr\/pl\/wp-json\/wp\/v2\/types\/product"}],"wp:featuredmedia":[{"embeddable":true,"href":"https:\/\/editionstoutechose.fr\/pl\/wp-json\/wp\/v2\/media\/4543"}],"wp:attachment":[{"href":"https:\/\/editionstoutechose.fr\/pl\/wp-json\/wp\/v2\/media?parent=4850"}],"wp:term":[{"taxonomy":"product_brand","embeddable":true,"href":"https:\/\/editionstoutechose.fr\/pl\/wp-json\/wp\/v2\/product_brand?post=4850"},{"taxonomy":"product_cat","embeddable":true,"href":"https:\/\/editionstoutechose.fr\/pl\/wp-json\/wp\/v2\/product_cat?post=4850"},{"taxonomy":"product_tag","embeddable":true,"href":"https:\/\/editionstoutechose.fr\/pl\/wp-json\/wp\/v2\/product_tag?post=4850"}],"curies":[{"name":"wp","href":"https:\/\/api.w.org\/{rel}","templated":true}]}}