{"id":4851,"date":"2022-12-11T00:26:56","date_gmt":"2022-12-10T23:26:56","guid":{"rendered":"https:\/\/editionstoutechose.fr\/livres\/lebauche-dun-soufflejean-guillou-dvd\/"},"modified":"2025-12-24T15:48:01","modified_gmt":"2025-12-24T14:48:01","slug":"lebauche-dun-souffle-jean-guillou-dvd","status":"publish","type":"product","link":"https:\/\/editionstoutechose.fr\/pl\/ksiazki\/lebauche-dun-souffle-jean-guillou-dvd\/","title":{"rendered":"L&#8217;\u00c9bauche d&#8217;un souffle<br>Jean Guillou (DVD)"},"content":{"rendered":"<p>Jean Guillou DVD: <strong>L&#8217;\u00c9bauche d&#8217;un souffle<\/strong><\/p>\n<p><strong>Szczeg\u00f3\u0142owe informacje<\/strong> na temat DVD i <strong>film\u00f3w<\/strong> w <a href=\"http:\/\/tomaszcichawa.fr\/lebauche-dun-souffle-de-jean-guillou-dvd-2\/\" target=\"_blank\" rel=\"noopener noreferrer\"><strong>tym wpisie na blogu ze strony internetowej re\u017cysera<\/strong><\/a> (otworzy si\u0119 w nowej karcie).<\/p>\n","protected":false},"excerpt":{"rendered":"<p>Obok kompozytora i organisty <strong>Jeana Guillou<\/strong>, na tym DVD wyst\u0119puj\u0105 tr\u0119bacz <strong>Thierry Caens<\/strong> i organista <strong>Jean-Baptiste Monnot<\/strong>.<br \/>\nPisarz <strong>Julien Gracq<\/strong> dzieli si\u0119 swoimi przemy\u015bleniami w wywiadzie audio.<\/p>\n<p><span style=\"color: #993300;\"><strong>Program dysku :<\/strong><\/span><\/p>\n<p><strong>MUZYKA<\/strong> <em>(kompozycje Jeana Guillou)<\/em><br \/>\n&#8211; <strong>L&#8217;\u00c9bauche d&#8217;un souffle<\/strong>, koncert na tr\u0105bk\u0119 i organy (op.64) z <strong>Thierrym Caensem<\/strong> na tr\u0105bce.<br \/>\n&#8211; <strong>La Chapelle des Ab\u00eemes <\/strong>(op.26), utw\u00f3r zainspirowany rozdzia\u0142em powie\u015bci &#8222;Au ch\u00e2teau d&#8217;Argol&#8221; Juliena Gracqa.<br \/>\n&#8211; <strong>Colloque N\u00b05<\/strong> na fortepian i organy (op.19) z <strong>Jeanem-Baptiste Monnotem<\/strong> na organach.<\/p>\n<p><strong>BONUS<\/strong><br \/>\n&#8211; <strong>Notatki na temat kompozycji<\/strong>, wywiad z Jeanem Guillou (przeprowadzony przez Sylviane Falcinelli i Vincenta Crosniera).<br \/>\n&#8211; \u00c0 <strong>deux voix<\/strong>, wywiad z Jeanem Guillou i Thierrym Caensem.<br \/>\n&#8211; Jean Guillou komentuje sw\u00f3j Colloque N\u00b05<br \/>\n&#8211; <strong>Ilustrowany wywiad audio z Julienem Gracqiem<\/strong>, przyjacielem kompozytora. J.Gracq opowiada o swoim przyjacielu organi\u015bcie, organach, muzyce i literaturze&#8230;<\/p>\n<p>P\u0142ycie DVD towarzyszy ksi\u0105\u017ceczka z tekstem <strong>Vincenta Crosniera<\/strong> &#8211; interpretatora dzie\u0142 Jeana Guillou i niegdy\u015b jego zast\u0119pcy w ko\u015bciele Saint-Eustache w Pary\u017cu &#8211; i zawiera noty biograficzne.<\/p>\n<hr>\n<p>Re\u017cyseria: <strong>Tomasz Cichawa<\/strong>, nagranie d\u017awi\u0119kowe: <strong>Jean-Claude B\u00e9n\u00e9zech<\/strong><\/p>\n<p><span style=\"color: #993300;\"><strong>Note technique :<br \/>\n<\/strong><\/span>DVD-9 multizone \u2022 Vid\u00e9o SD PAL \u2022 <strong>Dur\u00e9e totale<\/strong> : 2 heures 30 min \u2022 <strong>Son<\/strong> : PCM st\u00e9r\u00e9o et mono \u2022 Dolby St\u00e9r\u00e9o \u2022 <strong>Format<\/strong> : 4\/3 \u2022 <strong>Langues<\/strong> : fran\u00e7ais \u2022 <strong>Sous-titres<\/strong> : anglais, allemand<\/p>\n","protected":false},"featured_media":4550,"template":"","meta":{"_acf_changed":false},"product_brand":[],"product_cat":[411,740],"product_tag":[742,752,753,750,746,745,749,751],"class_list":{"0":"post-4851","1":"product","2":"type-product","3":"status-publish","4":"has-post-thumbnail","6":"product_cat-wszystkie-kategorie","7":"product_cat-dvdcd","8":"product_tag-jean-guillou-pl","9":"product_tag-jean-baptiste-monnot-pl","10":"product_tag-julien-gracq-pl","11":"product_tag-lebauche-dun-souffle-pl","12":"product_tag-musique-dorgue-pl","13":"product_tag-orgue-pl","14":"product_tag-thierry-caens-pl","15":"product_tag-trompette-pl","16":"product_shipping_class-dvd-pl","17":"pa_auteur-jean-guillou-pl","19":"first","20":"instock","21":"shipping-taxable","22":"purchasable","23":"product-type-simple","25":"catalog-layout-default","26":"columns-xs-1"},"acf":[],"yoast_head":"<!-- This site is optimized with the Yoast SEO plugin v27.3 - https:\/\/yoast.com\/product\/yoast-seo-wordpress\/ -->\n<title>L&#039;\u00c9bauche d&#039;un souffle Jean Guillou DVD<\/title>\n<meta name=\"description\" content=\"L&#039;\u00c9BAUCHE D&#039;UN SOUFFLE Jean Guillou DVD \u2022 Thierry Caens, trompette \u2022 J-B Monnot, orgue \u2022 J. Guillou, piano \u2022 ITV Julien Gracq \u2022 Vincent Crosnier, texte\" \/>\n<meta name=\"robots\" content=\"index, follow, max-snippet:-1, max-image-preview:large, max-video-preview:-1\" \/>\n<link rel=\"canonical\" href=\"https:\/\/editionstoutechose.fr\/pl\/ksiazki\/lebauche-dun-souffle-jean-guillou-dvd\/\" \/>\n<meta property=\"og:locale\" content=\"pl_PL\" \/>\n<meta property=\"og:type\" content=\"article\" \/>\n<meta property=\"og:title\" content=\"L&#039;\u00c9bauche d&#039;un souffle Jean Guillou DVD\" \/>\n<meta property=\"og:description\" content=\"L&#039;\u00c9BAUCHE D&#039;UN SOUFFLE Jean Guillou DVD \u2022 Thierry Caens, trompette \u2022 J-B Monnot, orgue \u2022 J. Guillou, piano \u2022 ITV Julien Gracq \u2022 Vincent Crosnier, texte\" \/>\n<meta property=\"og:url\" content=\"https:\/\/editionstoutechose.fr\/pl\/ksiazki\/lebauche-dun-souffle-jean-guillou-dvd\/\" \/>\n<meta property=\"og:site_name\" content=\"Les \u00c9ditions Toute Chose\" \/>\n<meta property=\"article:modified_time\" content=\"2025-12-24T14:48:01+00:00\" \/>\n<meta property=\"og:image\" content=\"https:\/\/editionstoutechose.fr\/wp-content\/uploads\/2022\/12\/Ebauche_recto.jpg\" \/>\n\t<meta property=\"og:image:width\" content=\"737\" \/>\n\t<meta property=\"og:image:height\" content=\"1000\" \/>\n\t<meta property=\"og:image:type\" content=\"image\/jpeg\" \/>\n<script type=\"application\/ld+json\" class=\"yoast-schema-graph\">{\"@context\":\"https:\\\/\\\/schema.org\",\"@graph\":[{\"@type\":\"WebPage\",\"@id\":\"https:\\\/\\\/editionstoutechose.fr\\\/pl\\\/ksiazki\\\/lebauche-dun-souffle-jean-guillou-dvd\\\/\",\"url\":\"https:\\\/\\\/editionstoutechose.fr\\\/pl\\\/ksiazki\\\/lebauche-dun-souffle-jean-guillou-dvd\\\/\",\"name\":\"L'\u00c9bauche d'un souffle Jean Guillou DVD\",\"isPartOf\":{\"@id\":\"https:\\\/\\\/editionstoutechose.fr\\\/pl\\\/#website\"},\"primaryImageOfPage\":{\"@id\":\"https:\\\/\\\/editionstoutechose.fr\\\/pl\\\/ksiazki\\\/lebauche-dun-souffle-jean-guillou-dvd\\\/#primaryimage\"},\"image\":{\"@id\":\"https:\\\/\\\/editionstoutechose.fr\\\/pl\\\/ksiazki\\\/lebauche-dun-souffle-jean-guillou-dvd\\\/#primaryimage\"},\"thumbnailUrl\":\"https:\\\/\\\/editionstoutechose.fr\\\/wp-content\\\/uploads\\\/2022\\\/12\\\/Ebauche_recto.jpg\",\"datePublished\":\"2022-12-10T23:26:56+00:00\",\"dateModified\":\"2025-12-24T14:48:01+00:00\",\"description\":\"L'\u00c9BAUCHE D'UN SOUFFLE Jean Guillou DVD \u2022 Thierry Caens, trompette \u2022 J-B Monnot, orgue \u2022 J. Guillou, piano \u2022 ITV Julien Gracq \u2022 Vincent Crosnier, texte\",\"breadcrumb\":{\"@id\":\"https:\\\/\\\/editionstoutechose.fr\\\/pl\\\/ksiazki\\\/lebauche-dun-souffle-jean-guillou-dvd\\\/#breadcrumb\"},\"inLanguage\":\"pl-PL\",\"potentialAction\":[{\"@type\":\"ReadAction\",\"target\":[\"https:\\\/\\\/editionstoutechose.fr\\\/pl\\\/ksiazki\\\/lebauche-dun-souffle-jean-guillou-dvd\\\/\"]}]},{\"@type\":\"ImageObject\",\"inLanguage\":\"pl-PL\",\"@id\":\"https:\\\/\\\/editionstoutechose.fr\\\/pl\\\/ksiazki\\\/lebauche-dun-souffle-jean-guillou-dvd\\\/#primaryimage\",\"url\":\"https:\\\/\\\/editionstoutechose.fr\\\/wp-content\\\/uploads\\\/2022\\\/12\\\/Ebauche_recto.jpg\",\"contentUrl\":\"https:\\\/\\\/editionstoutechose.fr\\\/wp-content\\\/uploads\\\/2022\\\/12\\\/Ebauche_recto.jpg\",\"width\":737,\"height\":1000,\"caption\":\"L'\u00c9bauche d'un souffle Jean Guillou DVD\"},{\"@type\":\"BreadcrumbList\",\"@id\":\"https:\\\/\\\/editionstoutechose.fr\\\/pl\\\/ksiazki\\\/lebauche-dun-souffle-jean-guillou-dvd\\\/#breadcrumb\",\"itemListElement\":[{\"@type\":\"ListItem\",\"position\":1,\"name\":\"Katalog\",\"item\":\"https:\\\/\\\/editionstoutechose.fr\\\/pl\\\/katalog\\\/\"},{\"@type\":\"ListItem\",\"position\":2,\"name\":\"L&#8217;\u00c9bauche d&#8217;un souffleJean Guillou (DVD)\"}]},{\"@type\":\"WebSite\",\"@id\":\"https:\\\/\\\/editionstoutechose.fr\\\/pl\\\/#website\",\"url\":\"https:\\\/\\\/editionstoutechose.fr\\\/pl\\\/\",\"name\":\"Les \u00c9ditions Toute Chose\",\"description\":\"\",\"potentialAction\":[{\"@type\":\"SearchAction\",\"target\":{\"@type\":\"EntryPoint\",\"urlTemplate\":\"https:\\\/\\\/editionstoutechose.fr\\\/pl\\\/?s={search_term_string}\"},\"query-input\":{\"@type\":\"PropertyValueSpecification\",\"valueRequired\":true,\"valueName\":\"search_term_string\"}}],\"inLanguage\":\"pl-PL\"}]}<\/script>\n<!-- \/ Yoast SEO plugin. -->","yoast_head_json":{"title":"L'\u00c9bauche d'un souffle Jean Guillou DVD","description":"L'\u00c9BAUCHE D'UN SOUFFLE Jean Guillou DVD \u2022 Thierry Caens, trompette \u2022 J-B Monnot, orgue \u2022 J. Guillou, piano \u2022 ITV Julien Gracq \u2022 Vincent Crosnier, texte","robots":{"index":"index","follow":"follow","max-snippet":"max-snippet:-1","max-image-preview":"max-image-preview:large","max-video-preview":"max-video-preview:-1"},"canonical":"https:\/\/editionstoutechose.fr\/pl\/ksiazki\/lebauche-dun-souffle-jean-guillou-dvd\/","og_locale":"pl_PL","og_type":"article","og_title":"L'\u00c9bauche d'un souffle Jean Guillou DVD","og_description":"L'\u00c9BAUCHE D'UN SOUFFLE Jean Guillou DVD \u2022 Thierry Caens, trompette \u2022 J-B Monnot, orgue \u2022 J. Guillou, piano \u2022 ITV Julien Gracq \u2022 Vincent Crosnier, texte","og_url":"https:\/\/editionstoutechose.fr\/pl\/ksiazki\/lebauche-dun-souffle-jean-guillou-dvd\/","og_site_name":"Les \u00c9ditions Toute Chose","article_modified_time":"2025-12-24T14:48:01+00:00","og_image":[{"width":737,"height":1000,"url":"https:\/\/editionstoutechose.fr\/wp-content\/uploads\/2022\/12\/Ebauche_recto.jpg","type":"image\/jpeg"}],"schema":{"@context":"https:\/\/schema.org","@graph":[{"@type":"WebPage","@id":"https:\/\/editionstoutechose.fr\/pl\/ksiazki\/lebauche-dun-souffle-jean-guillou-dvd\/","url":"https:\/\/editionstoutechose.fr\/pl\/ksiazki\/lebauche-dun-souffle-jean-guillou-dvd\/","name":"L'\u00c9bauche d'un souffle Jean Guillou DVD","isPartOf":{"@id":"https:\/\/editionstoutechose.fr\/pl\/#website"},"primaryImageOfPage":{"@id":"https:\/\/editionstoutechose.fr\/pl\/ksiazki\/lebauche-dun-souffle-jean-guillou-dvd\/#primaryimage"},"image":{"@id":"https:\/\/editionstoutechose.fr\/pl\/ksiazki\/lebauche-dun-souffle-jean-guillou-dvd\/#primaryimage"},"thumbnailUrl":"https:\/\/editionstoutechose.fr\/wp-content\/uploads\/2022\/12\/Ebauche_recto.jpg","datePublished":"2022-12-10T23:26:56+00:00","dateModified":"2025-12-24T14:48:01+00:00","description":"L'\u00c9BAUCHE D'UN SOUFFLE Jean Guillou DVD \u2022 Thierry Caens, trompette \u2022 J-B Monnot, orgue \u2022 J. Guillou, piano \u2022 ITV Julien Gracq \u2022 Vincent Crosnier, texte","breadcrumb":{"@id":"https:\/\/editionstoutechose.fr\/pl\/ksiazki\/lebauche-dun-souffle-jean-guillou-dvd\/#breadcrumb"},"inLanguage":"pl-PL","potentialAction":[{"@type":"ReadAction","target":["https:\/\/editionstoutechose.fr\/pl\/ksiazki\/lebauche-dun-souffle-jean-guillou-dvd\/"]}]},{"@type":"ImageObject","inLanguage":"pl-PL","@id":"https:\/\/editionstoutechose.fr\/pl\/ksiazki\/lebauche-dun-souffle-jean-guillou-dvd\/#primaryimage","url":"https:\/\/editionstoutechose.fr\/wp-content\/uploads\/2022\/12\/Ebauche_recto.jpg","contentUrl":"https:\/\/editionstoutechose.fr\/wp-content\/uploads\/2022\/12\/Ebauche_recto.jpg","width":737,"height":1000,"caption":"L'\u00c9bauche d'un souffle Jean Guillou DVD"},{"@type":"BreadcrumbList","@id":"https:\/\/editionstoutechose.fr\/pl\/ksiazki\/lebauche-dun-souffle-jean-guillou-dvd\/#breadcrumb","itemListElement":[{"@type":"ListItem","position":1,"name":"Katalog","item":"https:\/\/editionstoutechose.fr\/pl\/katalog\/"},{"@type":"ListItem","position":2,"name":"L&#8217;\u00c9bauche d&#8217;un souffleJean Guillou (DVD)"}]},{"@type":"WebSite","@id":"https:\/\/editionstoutechose.fr\/pl\/#website","url":"https:\/\/editionstoutechose.fr\/pl\/","name":"Les \u00c9ditions Toute Chose","description":"","potentialAction":[{"@type":"SearchAction","target":{"@type":"EntryPoint","urlTemplate":"https:\/\/editionstoutechose.fr\/pl\/?s={search_term_string}"},"query-input":{"@type":"PropertyValueSpecification","valueRequired":true,"valueName":"search_term_string"}}],"inLanguage":"pl-PL"}]}},"_links":{"self":[{"href":"https:\/\/editionstoutechose.fr\/pl\/wp-json\/wp\/v2\/product\/4851","targetHints":{"allow":["GET"]}}],"collection":[{"href":"https:\/\/editionstoutechose.fr\/pl\/wp-json\/wp\/v2\/product"}],"about":[{"href":"https:\/\/editionstoutechose.fr\/pl\/wp-json\/wp\/v2\/types\/product"}],"wp:featuredmedia":[{"embeddable":true,"href":"https:\/\/editionstoutechose.fr\/pl\/wp-json\/wp\/v2\/media\/4550"}],"wp:attachment":[{"href":"https:\/\/editionstoutechose.fr\/pl\/wp-json\/wp\/v2\/media?parent=4851"}],"wp:term":[{"taxonomy":"product_brand","embeddable":true,"href":"https:\/\/editionstoutechose.fr\/pl\/wp-json\/wp\/v2\/product_brand?post=4851"},{"taxonomy":"product_cat","embeddable":true,"href":"https:\/\/editionstoutechose.fr\/pl\/wp-json\/wp\/v2\/product_cat?post=4851"},{"taxonomy":"product_tag","embeddable":true,"href":"https:\/\/editionstoutechose.fr\/pl\/wp-json\/wp\/v2\/product_tag?post=4851"}],"curies":[{"name":"wp","href":"https:\/\/api.w.org\/{rel}","templated":true}]}}