{"id":4979,"date":"2024-01-25T23:23:06","date_gmt":"2024-01-25T22:23:06","guid":{"rendered":"https:\/\/editionstoutechose.fr\/?post_type=product&#038;p=4979"},"modified":"2025-12-24T00:35:30","modified_gmt":"2025-12-23T23:35:30","slug":"sans-morale-copie","status":"publish","type":"product","link":"https:\/\/editionstoutechose.fr\/pl\/ksiazki\/sans-morale-copie\/","title":{"rendered":"Terre narrative"},"content":{"rendered":"<div class=\"wpb-content-wrapper\"><p>[vc_row][vc_column][vc_column_text]<\/p>\n<p style=\"text-align: left;\">[\/vc_column_text][\/vc_column][\/vc_row][vc_row][vc_column width=&#8221;1\/3&#8243;][vc_column_text]<strong>Terre narrative <\/strong>autorstwa Anne Baschevici<em><br \/>\n<\/em>Ilustracje autorki.<br \/>\n<strong>Ksi\u0105\u017cka drukowana<\/strong> ISBN 978-2-492843-29-7<br \/>\n<strong>eBook epub<\/strong> ISBN 978-2-492843-30-3<br \/>\n<strong>eBook mobi<\/strong> ISBN 978-2-492843-31-0[\/vc_column_text][\/vc_column][vc_column width=&#8221;1\/3&#8243;][vc_gallery interval=&#8221;3&#8243; images=&#8221;4968,4962,4964&#8243; img_size=&#8221;large&#8221; onclick=&#8221;&#8221;][\/vc_column][vc_column width=&#8221;1\/3&#8243;][\/vc_column][\/vc_row]<\/p>\n<\/div>","protected":false},"excerpt":{"rendered":"<h2><span style=\"color: #000000;\">de Anne Baschevici<br \/>\n<\/span><\/h2>\n<hr>\n<p><strong>Terre narrative<\/strong> est un recueil de 42 po\u00e8mes d<strong>&#8217;Anne Baschevici<\/strong>. Wiersze o tellurycznej wra\u017cliwo\u015bci i otwartej przestrzeni s\u0142ownej.<br \/>\nWiersze dotycz\u0105 genealogii i dziedzictwa, mi\u0119dzy wybrze\u017cami Bretanii a bruzdami Wschodu &#8211; kt\u00f3re przenosz\u0105 poet\u0119 mi\u0119dzy dwiema p\u00f3\u0142kulami bytu, kt\u00f3re jednocze\u015bnie przyci\u0105gaj\u0105 si\u0119 i odpychaj\u0105.<\/p>\n<hr>\n<p><span style=\"color: #000080;\">Visitez la <a href=\"https:\/\/editionstoutechose.fr\/terre-narrative-anne-baschevici\/\" target=\"_blank\" rel=\"noopener\"><strong>PAGE D\u00c9DI\u00c9E<\/strong><\/a> du site pour lire la 4e de couverture et visionner les vid\u00e9os (entretien avec l&#8217;auteure, r\u00e9citations\u2026. <em>(Le lien s&#8217;ouvrira dans un nouvel onglet.)<\/em><\/span><\/p>\n<p>\u2022<br \/>\n<span style=\"color: #333333;\"><strong>Disponibilit\u00e9 : livre imprim\u00e9<\/strong> et<strong> eBook<\/strong><strong><br \/>\n<\/strong>Faites votre choix de version et de format ci-dessous.<\/span><\/p>\n<hr>\n<p><strong>T\u00e9l\u00e9charger l&#8217;extrait du livre<\/strong><\/p>\n<p><a href=\"https:\/\/editionstoutechose.fr\/wp-content\/uploads\/2024\/02\/Anne-Baschevici_Terre-narrative_extrait.epub\" target=\"_blank\" rel=\"noopener\"><img loading=\"lazy\" decoding=\"async\" class=\"alignnone wp-image-4301\" src=\"https:\/\/editionstoutechose.fr\/wp-content\/uploads\/2022\/10\/ePub_ico%CC%82ne-300x300.png\" alt=\"Terre narrative_extrait ePub\" width=\"50\" height=\"50\"><img loading=\"lazy\" decoding=\"async\" class=\"alignnone wp-image-4303\" src=\"https:\/\/editionstoutechose.fr\/wp-content\/uploads\/2022\/10\/Kindle_ico%CC%82ne-300x300.png\" alt=\"Terre_narrative_extrait_Kindle\" width=\"50\" height=\"50\"><\/a><\/p>\n<hr>\n","protected":false},"featured_media":4956,"template":"","meta":{"_acf_changed":false},"product_brand":[],"product_cat":[411,407,408],"product_tag":[],"class_list":{"0":"post-4979","1":"product","2":"type-product","3":"status-publish","4":"has-post-thumbnail","6":"product_cat-wszystkie-kategorie","7":"product_cat-poezja","8":"product_cat-poezja-wspolczesna","9":"product_shipping_class-livre","10":"pa_auteur-anne-baschevici-pl","12":"first","13":"instock","14":"shipping-taxable","15":"purchasable","16":"product-type-variable","18":"catalog-layout-default","19":"columns-xs-1"},"acf":[],"yoast_head":"<!-- This site is optimized with the Yoast SEO plugin v27.3 - https:\/\/yoast.com\/product\/yoast-seo-wordpress\/ -->\n<title>Terre narrative \u2022 Po\u00e9sies de Anne Baschevici \u2022 Po\u00e8mes telluriques<\/title>\n<meta name=\"description\" content=\"TERRE NARRATIVE de Anne Baschevici comprend 42 po\u00e8mes. Entre rivages bretons et sillages de l\u2019Est \u2013 la po\u00e8te se meut entre deux h\u00e9misph\u00e8res d\u2019\u00eatre.\" \/>\n<meta name=\"robots\" content=\"index, follow, max-snippet:-1, max-image-preview:large, max-video-preview:-1\" \/>\n<link rel=\"canonical\" href=\"https:\/\/editionstoutechose.fr\/pl\/ksiazki\/sans-morale-copie\/\" \/>\n<meta property=\"og:locale\" content=\"pl_PL\" \/>\n<meta property=\"og:type\" content=\"article\" \/>\n<meta property=\"og:title\" content=\"Terre narrative \u2022 Po\u00e9sies de Anne Baschevici \u2022 Po\u00e8mes telluriques\" \/>\n<meta property=\"og:description\" content=\"TERRE NARRATIVE de Anne Baschevici comprend 42 po\u00e8mes. Entre rivages bretons et sillages de l\u2019Est \u2013 la po\u00e8te se meut entre deux h\u00e9misph\u00e8res d\u2019\u00eatre.\" \/>\n<meta property=\"og:url\" content=\"https:\/\/editionstoutechose.fr\/pl\/ksiazki\/sans-morale-copie\/\" \/>\n<meta property=\"og:site_name\" content=\"Les \u00c9ditions Toute Chose\" \/>\n<meta property=\"article:modified_time\" content=\"2025-12-23T23:35:30+00:00\" \/>\n<meta property=\"og:image\" content=\"https:\/\/editionstoutechose.fr\/wp-content\/uploads\/2024\/01\/2500x1563_Couv_TERRE.jpg\" \/>\n\t<meta property=\"og:image:width\" content=\"1563\" \/>\n\t<meta property=\"og:image:height\" content=\"2500\" \/>\n\t<meta property=\"og:image:type\" content=\"image\/jpeg\" \/>\n<script type=\"application\/ld+json\" class=\"yoast-schema-graph\">{\"@context\":\"https:\\\/\\\/schema.org\",\"@graph\":[{\"@type\":\"WebPage\",\"@id\":\"https:\\\/\\\/editionstoutechose.fr\\\/pl\\\/ksiazki\\\/sans-morale-copie\\\/\",\"url\":\"https:\\\/\\\/editionstoutechose.fr\\\/pl\\\/ksiazki\\\/sans-morale-copie\\\/\",\"name\":\"Terre narrative \u2022 Po\u00e9sies de Anne Baschevici \u2022 Po\u00e8mes telluriques\",\"isPartOf\":{\"@id\":\"https:\\\/\\\/editionstoutechose.fr\\\/pl\\\/#website\"},\"primaryImageOfPage\":{\"@id\":\"https:\\\/\\\/editionstoutechose.fr\\\/pl\\\/ksiazki\\\/sans-morale-copie\\\/#primaryimage\"},\"image\":{\"@id\":\"https:\\\/\\\/editionstoutechose.fr\\\/pl\\\/ksiazki\\\/sans-morale-copie\\\/#primaryimage\"},\"thumbnailUrl\":\"https:\\\/\\\/editionstoutechose.fr\\\/wp-content\\\/uploads\\\/2024\\\/01\\\/2500x1563_Couv_TERRE.jpg\",\"datePublished\":\"2024-01-25T22:23:06+00:00\",\"dateModified\":\"2025-12-23T23:35:30+00:00\",\"description\":\"TERRE NARRATIVE de Anne Baschevici comprend 42 po\u00e8mes. Entre rivages bretons et sillages de l\u2019Est \u2013 la po\u00e8te se meut entre deux h\u00e9misph\u00e8res d\u2019\u00eatre.\",\"breadcrumb\":{\"@id\":\"https:\\\/\\\/editionstoutechose.fr\\\/pl\\\/ksiazki\\\/sans-morale-copie\\\/#breadcrumb\"},\"inLanguage\":\"pl-PL\",\"potentialAction\":[{\"@type\":\"ReadAction\",\"target\":[\"https:\\\/\\\/editionstoutechose.fr\\\/pl\\\/ksiazki\\\/sans-morale-copie\\\/\"]}]},{\"@type\":\"ImageObject\",\"inLanguage\":\"pl-PL\",\"@id\":\"https:\\\/\\\/editionstoutechose.fr\\\/pl\\\/ksiazki\\\/sans-morale-copie\\\/#primaryimage\",\"url\":\"https:\\\/\\\/editionstoutechose.fr\\\/wp-content\\\/uploads\\\/2024\\\/01\\\/2500x1563_Couv_TERRE.jpg\",\"contentUrl\":\"https:\\\/\\\/editionstoutechose.fr\\\/wp-content\\\/uploads\\\/2024\\\/01\\\/2500x1563_Couv_TERRE.jpg\",\"width\":1563,\"height\":2500,\"caption\":\"Terre narrative_couverture\"},{\"@type\":\"BreadcrumbList\",\"@id\":\"https:\\\/\\\/editionstoutechose.fr\\\/pl\\\/ksiazki\\\/sans-morale-copie\\\/#breadcrumb\",\"itemListElement\":[{\"@type\":\"ListItem\",\"position\":1,\"name\":\"Katalog\",\"item\":\"https:\\\/\\\/editionstoutechose.fr\\\/pl\\\/katalog\\\/\"},{\"@type\":\"ListItem\",\"position\":2,\"name\":\"Terre narrative\"}]},{\"@type\":\"WebSite\",\"@id\":\"https:\\\/\\\/editionstoutechose.fr\\\/pl\\\/#website\",\"url\":\"https:\\\/\\\/editionstoutechose.fr\\\/pl\\\/\",\"name\":\"Les \u00c9ditions Toute Chose\",\"description\":\"\",\"potentialAction\":[{\"@type\":\"SearchAction\",\"target\":{\"@type\":\"EntryPoint\",\"urlTemplate\":\"https:\\\/\\\/editionstoutechose.fr\\\/pl\\\/?s={search_term_string}\"},\"query-input\":{\"@type\":\"PropertyValueSpecification\",\"valueRequired\":true,\"valueName\":\"search_term_string\"}}],\"inLanguage\":\"pl-PL\"}]}<\/script>\n<!-- \/ Yoast SEO plugin. -->","yoast_head_json":{"title":"Terre narrative \u2022 Po\u00e9sies de Anne Baschevici \u2022 Po\u00e8mes telluriques","description":"TERRE NARRATIVE de Anne Baschevici comprend 42 po\u00e8mes. Entre rivages bretons et sillages de l\u2019Est \u2013 la po\u00e8te se meut entre deux h\u00e9misph\u00e8res d\u2019\u00eatre.","robots":{"index":"index","follow":"follow","max-snippet":"max-snippet:-1","max-image-preview":"max-image-preview:large","max-video-preview":"max-video-preview:-1"},"canonical":"https:\/\/editionstoutechose.fr\/pl\/ksiazki\/sans-morale-copie\/","og_locale":"pl_PL","og_type":"article","og_title":"Terre narrative \u2022 Po\u00e9sies de Anne Baschevici \u2022 Po\u00e8mes telluriques","og_description":"TERRE NARRATIVE de Anne Baschevici comprend 42 po\u00e8mes. Entre rivages bretons et sillages de l\u2019Est \u2013 la po\u00e8te se meut entre deux h\u00e9misph\u00e8res d\u2019\u00eatre.","og_url":"https:\/\/editionstoutechose.fr\/pl\/ksiazki\/sans-morale-copie\/","og_site_name":"Les \u00c9ditions Toute Chose","article_modified_time":"2025-12-23T23:35:30+00:00","og_image":[{"width":1563,"height":2500,"url":"https:\/\/editionstoutechose.fr\/wp-content\/uploads\/2024\/01\/2500x1563_Couv_TERRE.jpg","type":"image\/jpeg"}],"schema":{"@context":"https:\/\/schema.org","@graph":[{"@type":"WebPage","@id":"https:\/\/editionstoutechose.fr\/pl\/ksiazki\/sans-morale-copie\/","url":"https:\/\/editionstoutechose.fr\/pl\/ksiazki\/sans-morale-copie\/","name":"Terre narrative \u2022 Po\u00e9sies de Anne Baschevici \u2022 Po\u00e8mes telluriques","isPartOf":{"@id":"https:\/\/editionstoutechose.fr\/pl\/#website"},"primaryImageOfPage":{"@id":"https:\/\/editionstoutechose.fr\/pl\/ksiazki\/sans-morale-copie\/#primaryimage"},"image":{"@id":"https:\/\/editionstoutechose.fr\/pl\/ksiazki\/sans-morale-copie\/#primaryimage"},"thumbnailUrl":"https:\/\/editionstoutechose.fr\/wp-content\/uploads\/2024\/01\/2500x1563_Couv_TERRE.jpg","datePublished":"2024-01-25T22:23:06+00:00","dateModified":"2025-12-23T23:35:30+00:00","description":"TERRE NARRATIVE de Anne Baschevici comprend 42 po\u00e8mes. Entre rivages bretons et sillages de l\u2019Est \u2013 la po\u00e8te se meut entre deux h\u00e9misph\u00e8res d\u2019\u00eatre.","breadcrumb":{"@id":"https:\/\/editionstoutechose.fr\/pl\/ksiazki\/sans-morale-copie\/#breadcrumb"},"inLanguage":"pl-PL","potentialAction":[{"@type":"ReadAction","target":["https:\/\/editionstoutechose.fr\/pl\/ksiazki\/sans-morale-copie\/"]}]},{"@type":"ImageObject","inLanguage":"pl-PL","@id":"https:\/\/editionstoutechose.fr\/pl\/ksiazki\/sans-morale-copie\/#primaryimage","url":"https:\/\/editionstoutechose.fr\/wp-content\/uploads\/2024\/01\/2500x1563_Couv_TERRE.jpg","contentUrl":"https:\/\/editionstoutechose.fr\/wp-content\/uploads\/2024\/01\/2500x1563_Couv_TERRE.jpg","width":1563,"height":2500,"caption":"Terre narrative_couverture"},{"@type":"BreadcrumbList","@id":"https:\/\/editionstoutechose.fr\/pl\/ksiazki\/sans-morale-copie\/#breadcrumb","itemListElement":[{"@type":"ListItem","position":1,"name":"Katalog","item":"https:\/\/editionstoutechose.fr\/pl\/katalog\/"},{"@type":"ListItem","position":2,"name":"Terre narrative"}]},{"@type":"WebSite","@id":"https:\/\/editionstoutechose.fr\/pl\/#website","url":"https:\/\/editionstoutechose.fr\/pl\/","name":"Les \u00c9ditions Toute Chose","description":"","potentialAction":[{"@type":"SearchAction","target":{"@type":"EntryPoint","urlTemplate":"https:\/\/editionstoutechose.fr\/pl\/?s={search_term_string}"},"query-input":{"@type":"PropertyValueSpecification","valueRequired":true,"valueName":"search_term_string"}}],"inLanguage":"pl-PL"}]}},"_links":{"self":[{"href":"https:\/\/editionstoutechose.fr\/pl\/wp-json\/wp\/v2\/product\/4979","targetHints":{"allow":["GET"]}}],"collection":[{"href":"https:\/\/editionstoutechose.fr\/pl\/wp-json\/wp\/v2\/product"}],"about":[{"href":"https:\/\/editionstoutechose.fr\/pl\/wp-json\/wp\/v2\/types\/product"}],"wp:featuredmedia":[{"embeddable":true,"href":"https:\/\/editionstoutechose.fr\/pl\/wp-json\/wp\/v2\/media\/4956"}],"wp:attachment":[{"href":"https:\/\/editionstoutechose.fr\/pl\/wp-json\/wp\/v2\/media?parent=4979"}],"wp:term":[{"taxonomy":"product_brand","embeddable":true,"href":"https:\/\/editionstoutechose.fr\/pl\/wp-json\/wp\/v2\/product_brand?post=4979"},{"taxonomy":"product_cat","embeddable":true,"href":"https:\/\/editionstoutechose.fr\/pl\/wp-json\/wp\/v2\/product_cat?post=4979"},{"taxonomy":"product_tag","embeddable":true,"href":"https:\/\/editionstoutechose.fr\/pl\/wp-json\/wp\/v2\/product_tag?post=4979"}],"curies":[{"name":"wp","href":"https:\/\/api.w.org\/{rel}","templated":true}]}}