{"id":5112,"date":"2024-04-18T19:35:36","date_gmt":"2024-04-18T17:35:36","guid":{"rendered":"https:\/\/editionstoutechose.fr\/?post_type=product&#038;p=5112"},"modified":"2025-12-24T00:29:38","modified_gmt":"2025-12-23T23:29:38","slug":"planche-contact","status":"publish","type":"product","link":"https:\/\/editionstoutechose.fr\/pl\/ksiazki\/planche-contact\/","title":{"rendered":"Planche contact"},"content":{"rendered":"<div class=\"wpb-content-wrapper\"><p>[vc_row][vc_column][vc_column_text]<\/p>\n<p style=\"text-align: left;\">[\/vc_column_text][\/vc_column][\/vc_row][vc_row][vc_column width=&#8221;1\/3&#8243;][vc_column_text css=&#8221;&#8221;]<strong>Planche contact<\/strong> de Tomasz Cichawa<em><br \/>\n<\/em>Illustrations et photo de couverture : T. Cichawa<em><br \/>\n<\/em> <strong>ePub<\/strong> ISBN 978-2-492843-33-4<br \/>\n<strong>Kindle<\/strong> ISBN 978-2-492843-34-1<br \/>\n<strong>Livre imprim\u00e9<\/strong> ISBN 978-2-492843-32-7[\/vc_column_text][\/vc_column][vc_column width=&#8221;1\/3&#8243;][vc_gallery interval=&#8221;3&#8243; images=&#8221;5107,5099,5101,5097&#8243; img_size=&#8221;large&#8221; onclick=&#8221;&#8221; css=&#8221;&#8221;][\/vc_column][vc_column width=&#8221;1\/3&#8243;][\/vc_column][\/vc_row]<\/p>\n<\/div>","protected":false},"excerpt":{"rendered":"<h2><span style=\"color: #000000;\">Tomasz Cichawa<\/span><\/h2>\n<hr>\n<p><strong><em>PLANCHE CONTACT<\/em><\/strong> est le sixi\u00e8me recueil de Tomasz Cichawa. Les soixante po\u00e8mes du pr\u00e9sent recueil constituent un ensemble h\u00e9t\u00e9rog\u00e8ne, aux tonalit\u00e9s et couleurs diverses, aux tensions vari\u00e9es, aux espaces et points de vue changeants\u2026 Un travail sur la perception.<\/p>\n<hr>\n<p><span style=\"color: #000080;\">Visitez la <a href=\"https:\/\/tomaszcichawa.fr\/planche-contact\/\" target=\"_blank\" rel=\"noopener\"><strong>PAGE D\u00c9DI\u00c9E<\/strong><\/a> du site de l&#8217;auteur pour entendre et lire quelques po\u00e8mes. <em>(Le lien s&#8217;ouvrira dans un nouvel onglet.)<\/em><\/span><\/p>\n<p>\u2022<br \/>\n<span style=\"color: #333333;\"><strong>Dost\u0119pno\u015b\u0107: eBook <\/strong><em>(Kindle, ePub)<\/em> et <strong>livre imprim\u00e9<br \/>\n<\/strong>Wybierz poni\u017cej wersj\u0119 i format.<\/span><\/p>\n<hr>\n<p><strong>T\u00e9l\u00e9charger gratuitement les extraits de tous les recueils de l&#8217;auteur, regroup\u00e9s en une seule publication.<br \/>\n<\/strong><\/p>\n<p><img loading=\"lazy\" decoding=\"async\" class=\"alignnone wp-image-5119\" src=\"https:\/\/editionstoutechose.fr\/wp-content\/uploads\/2024\/04\/1600x2056_Couv_Extraits-233x300.jpg\" alt=\"Fragment\" width=\"86\" height=\"110\" srcset=\"https:\/\/editionstoutechose.fr\/wp-content\/uploads\/2024\/04\/1600x2056_Couv_Extraits-233x300.jpg 233w, https:\/\/editionstoutechose.fr\/wp-content\/uploads\/2024\/04\/1600x2056_Couv_Extraits-797x1024.jpg 797w, https:\/\/editionstoutechose.fr\/wp-content\/uploads\/2024\/04\/1600x2056_Couv_Extraits-768x987.jpg 768w, https:\/\/editionstoutechose.fr\/wp-content\/uploads\/2024\/04\/1600x2056_Couv_Extraits-1195x1536.jpg 1195w, https:\/\/editionstoutechose.fr\/wp-content\/uploads\/2024\/04\/1600x2056_Couv_Extraits-1594x2048.jpg 1594w, https:\/\/editionstoutechose.fr\/wp-content\/uploads\/2024\/04\/1600x2056_Couv_Extraits-1116x1434.jpg 1116w, https:\/\/editionstoutechose.fr\/wp-content\/uploads\/2024\/04\/1600x2056_Couv_Extraits-806x1036.jpg 806w, https:\/\/editionstoutechose.fr\/wp-content\/uploads\/2024\/04\/1600x2056_Couv_Extraits-558x717.jpg 558w, https:\/\/editionstoutechose.fr\/wp-content\/uploads\/2024\/04\/1600x2056_Couv_Extraits-655x842.jpg 655w, https:\/\/editionstoutechose.fr\/wp-content\/uploads\/2024\/04\/1600x2056_Couv_Extraits-550x707.jpg 550w, https:\/\/editionstoutechose.fr\/wp-content\/uploads\/2024\/04\/1600x2056_Couv_Extraits.jpg 1600w\" sizes=\"auto, (max-width: 86px) 100vw, 86px\" \/><a href=\"https:\/\/editionstoutechose.fr\/wp-content\/uploads\/2025\/12\/CICHAWA_Extraits.epub\" target=\"_blank\" rel=\"noopener\"><img loading=\"lazy\" decoding=\"async\" class=\"alignnone wp-image-4301\" src=\"https:\/\/editionstoutechose.fr\/wp-content\/uploads\/2022\/10\/ePub_ico%CC%82ne-300x300.png\" alt=\"Cichawa_extraits ePub\" width=\"50\" height=\"50\"><\/a><a href=\"https:\/\/editionstoutechose.fr\/wp-content\/uploads\/2025\/12\/CICHAWA_Extraits.mobi\" target=\"_blank\" rel=\"noopener\"><img loading=\"lazy\" decoding=\"async\" class=\"alignnone wp-image-4303\" src=\"https:\/\/editionstoutechose.fr\/wp-content\/uploads\/2022\/10\/Kindle_ico%CC%82ne-300x300.png\" alt=\"Cichawa_extraits Kindle\" width=\"50\" height=\"50\"><\/a><a href=\"https:\/\/editionstoutechose.fr\/wp-content\/uploads\/2025\/12\/CICHAWA_Extraits.pdf\" target=\"_blank\" rel=\"noopener\"><img loading=\"lazy\" decoding=\"async\" class=\"alignnone wp-image-4305\" src=\"https:\/\/editionstoutechose.fr\/wp-content\/uploads\/2022\/10\/PDF_ico%CC%82ne1-300x300.png\" alt=\"Cichawa_extraits PDF\" width=\"50\" height=\"50\"><\/a><\/p>\n<hr>\n","protected":false},"featured_media":5091,"template":"","meta":{"_acf_changed":false},"product_brand":[],"product_cat":[411,407,408],"product_tag":[],"class_list":{"0":"post-5112","1":"product","2":"type-product","3":"status-publish","4":"has-post-thumbnail","6":"product_cat-wszystkie-kategorie","7":"product_cat-poezja","8":"product_cat-poezja-wspolczesna","9":"product_shipping_class-livre","10":"pa_auteur-tomasz-cichawa-pl","12":"first","13":"instock","14":"shipping-taxable","15":"purchasable","16":"product-type-variable","18":"catalog-layout-default","19":"columns-xs-1"},"acf":[],"yoast_head":"<!-- This site is optimized with the Yoast SEO plugin v27.4 - https:\/\/yoast.com\/product\/yoast-seo-wordpress\/ -->\n<title>PLANCHE CONTACT \u2022 Recueil de po\u00e8mes de Tomasz Cichawa<\/title>\n<meta name=\"description\" content=\"PLANCHE CONTACT. Recueil de 60 po\u00e8mes aux tonalit\u00e9s diverses, tensions vari\u00e9es, espaces changeants\u2026 Le r\u00e9sultat d&#039;un travail sur la perception.\" \/>\n<meta name=\"robots\" content=\"index, follow, max-snippet:-1, max-image-preview:large, max-video-preview:-1\" \/>\n<link rel=\"canonical\" href=\"https:\/\/editionstoutechose.fr\/pl\/ksiazki\/planche-contact\/\" \/>\n<meta property=\"og:locale\" content=\"pl_PL\" \/>\n<meta property=\"og:type\" content=\"article\" \/>\n<meta property=\"og:title\" content=\"PLANCHE CONTACT \u2022 Recueil de po\u00e8mes de Tomasz Cichawa\" \/>\n<meta property=\"og:description\" content=\"PLANCHE CONTACT. Recueil de 60 po\u00e8mes aux tonalit\u00e9s diverses, tensions vari\u00e9es, espaces changeants\u2026 Le r\u00e9sultat d&#039;un travail sur la perception.\" \/>\n<meta property=\"og:url\" content=\"https:\/\/editionstoutechose.fr\/pl\/ksiazki\/planche-contact\/\" \/>\n<meta property=\"og:site_name\" content=\"Les \u00c9ditions Toute Chose\" \/>\n<meta property=\"article:modified_time\" content=\"2025-12-23T23:29:38+00:00\" \/>\n<meta property=\"og:image\" content=\"https:\/\/editionstoutechose.fr\/wp-content\/uploads\/2024\/04\/2237x1500_COUV_Planche-contact.jpg\" \/>\n\t<meta property=\"og:image:width\" content=\"1500\" \/>\n\t<meta property=\"og:image:height\" content=\"2237\" \/>\n\t<meta property=\"og:image:type\" content=\"image\/jpeg\" \/>\n<script type=\"application\/ld+json\" class=\"yoast-schema-graph\">{\"@context\":\"https:\\\/\\\/schema.org\",\"@graph\":[{\"@type\":\"WebPage\",\"@id\":\"https:\\\/\\\/editionstoutechose.fr\\\/pl\\\/ksiazki\\\/planche-contact\\\/\",\"url\":\"https:\\\/\\\/editionstoutechose.fr\\\/pl\\\/ksiazki\\\/planche-contact\\\/\",\"name\":\"PLANCHE CONTACT \u2022 Recueil de po\u00e8mes de Tomasz Cichawa\",\"isPartOf\":{\"@id\":\"https:\\\/\\\/editionstoutechose.fr\\\/pl\\\/#website\"},\"primaryImageOfPage\":{\"@id\":\"https:\\\/\\\/editionstoutechose.fr\\\/pl\\\/ksiazki\\\/planche-contact\\\/#primaryimage\"},\"image\":{\"@id\":\"https:\\\/\\\/editionstoutechose.fr\\\/pl\\\/ksiazki\\\/planche-contact\\\/#primaryimage\"},\"thumbnailUrl\":\"https:\\\/\\\/editionstoutechose.fr\\\/wp-content\\\/uploads\\\/2024\\\/04\\\/2237x1500_COUV_Planche-contact.jpg\",\"datePublished\":\"2024-04-18T17:35:36+00:00\",\"dateModified\":\"2025-12-23T23:29:38+00:00\",\"description\":\"PLANCHE CONTACT. Recueil de 60 po\u00e8mes aux tonalit\u00e9s diverses, tensions vari\u00e9es, espaces changeants\u2026 Le r\u00e9sultat d'un travail sur la perception.\",\"breadcrumb\":{\"@id\":\"https:\\\/\\\/editionstoutechose.fr\\\/pl\\\/ksiazki\\\/planche-contact\\\/#breadcrumb\"},\"inLanguage\":\"pl-PL\",\"potentialAction\":[{\"@type\":\"ReadAction\",\"target\":[\"https:\\\/\\\/editionstoutechose.fr\\\/pl\\\/ksiazki\\\/planche-contact\\\/\"]}]},{\"@type\":\"ImageObject\",\"inLanguage\":\"pl-PL\",\"@id\":\"https:\\\/\\\/editionstoutechose.fr\\\/pl\\\/ksiazki\\\/planche-contact\\\/#primaryimage\",\"url\":\"https:\\\/\\\/editionstoutechose.fr\\\/wp-content\\\/uploads\\\/2024\\\/04\\\/2237x1500_COUV_Planche-contact.jpg\",\"contentUrl\":\"https:\\\/\\\/editionstoutechose.fr\\\/wp-content\\\/uploads\\\/2024\\\/04\\\/2237x1500_COUV_Planche-contact.jpg\",\"width\":1500,\"height\":2237,\"caption\":\"Planche contact\"},{\"@type\":\"BreadcrumbList\",\"@id\":\"https:\\\/\\\/editionstoutechose.fr\\\/pl\\\/ksiazki\\\/planche-contact\\\/#breadcrumb\",\"itemListElement\":[{\"@type\":\"ListItem\",\"position\":1,\"name\":\"Katalog\",\"item\":\"https:\\\/\\\/editionstoutechose.fr\\\/pl\\\/katalog\\\/\"},{\"@type\":\"ListItem\",\"position\":2,\"name\":\"Planche contact\"}]},{\"@type\":\"WebSite\",\"@id\":\"https:\\\/\\\/editionstoutechose.fr\\\/pl\\\/#website\",\"url\":\"https:\\\/\\\/editionstoutechose.fr\\\/pl\\\/\",\"name\":\"Les \u00c9ditions Toute Chose\",\"description\":\"\",\"potentialAction\":[{\"@type\":\"SearchAction\",\"target\":{\"@type\":\"EntryPoint\",\"urlTemplate\":\"https:\\\/\\\/editionstoutechose.fr\\\/pl\\\/?s={search_term_string}\"},\"query-input\":{\"@type\":\"PropertyValueSpecification\",\"valueRequired\":true,\"valueName\":\"search_term_string\"}}],\"inLanguage\":\"pl-PL\"}]}<\/script>\n<!-- \/ Yoast SEO plugin. -->","yoast_head_json":{"title":"PLANCHE CONTACT \u2022 Recueil de po\u00e8mes de Tomasz Cichawa","description":"PLANCHE CONTACT. Recueil de 60 po\u00e8mes aux tonalit\u00e9s diverses, tensions vari\u00e9es, espaces changeants\u2026 Le r\u00e9sultat d'un travail sur la perception.","robots":{"index":"index","follow":"follow","max-snippet":"max-snippet:-1","max-image-preview":"max-image-preview:large","max-video-preview":"max-video-preview:-1"},"canonical":"https:\/\/editionstoutechose.fr\/pl\/ksiazki\/planche-contact\/","og_locale":"pl_PL","og_type":"article","og_title":"PLANCHE CONTACT \u2022 Recueil de po\u00e8mes de Tomasz Cichawa","og_description":"PLANCHE CONTACT. Recueil de 60 po\u00e8mes aux tonalit\u00e9s diverses, tensions vari\u00e9es, espaces changeants\u2026 Le r\u00e9sultat d'un travail sur la perception.","og_url":"https:\/\/editionstoutechose.fr\/pl\/ksiazki\/planche-contact\/","og_site_name":"Les \u00c9ditions Toute Chose","article_modified_time":"2025-12-23T23:29:38+00:00","og_image":[{"width":1500,"height":2237,"url":"https:\/\/editionstoutechose.fr\/wp-content\/uploads\/2024\/04\/2237x1500_COUV_Planche-contact.jpg","type":"image\/jpeg"}],"schema":{"@context":"https:\/\/schema.org","@graph":[{"@type":"WebPage","@id":"https:\/\/editionstoutechose.fr\/pl\/ksiazki\/planche-contact\/","url":"https:\/\/editionstoutechose.fr\/pl\/ksiazki\/planche-contact\/","name":"PLANCHE CONTACT \u2022 Recueil de po\u00e8mes de Tomasz Cichawa","isPartOf":{"@id":"https:\/\/editionstoutechose.fr\/pl\/#website"},"primaryImageOfPage":{"@id":"https:\/\/editionstoutechose.fr\/pl\/ksiazki\/planche-contact\/#primaryimage"},"image":{"@id":"https:\/\/editionstoutechose.fr\/pl\/ksiazki\/planche-contact\/#primaryimage"},"thumbnailUrl":"https:\/\/editionstoutechose.fr\/wp-content\/uploads\/2024\/04\/2237x1500_COUV_Planche-contact.jpg","datePublished":"2024-04-18T17:35:36+00:00","dateModified":"2025-12-23T23:29:38+00:00","description":"PLANCHE CONTACT. Recueil de 60 po\u00e8mes aux tonalit\u00e9s diverses, tensions vari\u00e9es, espaces changeants\u2026 Le r\u00e9sultat d'un travail sur la perception.","breadcrumb":{"@id":"https:\/\/editionstoutechose.fr\/pl\/ksiazki\/planche-contact\/#breadcrumb"},"inLanguage":"pl-PL","potentialAction":[{"@type":"ReadAction","target":["https:\/\/editionstoutechose.fr\/pl\/ksiazki\/planche-contact\/"]}]},{"@type":"ImageObject","inLanguage":"pl-PL","@id":"https:\/\/editionstoutechose.fr\/pl\/ksiazki\/planche-contact\/#primaryimage","url":"https:\/\/editionstoutechose.fr\/wp-content\/uploads\/2024\/04\/2237x1500_COUV_Planche-contact.jpg","contentUrl":"https:\/\/editionstoutechose.fr\/wp-content\/uploads\/2024\/04\/2237x1500_COUV_Planche-contact.jpg","width":1500,"height":2237,"caption":"Planche contact"},{"@type":"BreadcrumbList","@id":"https:\/\/editionstoutechose.fr\/pl\/ksiazki\/planche-contact\/#breadcrumb","itemListElement":[{"@type":"ListItem","position":1,"name":"Katalog","item":"https:\/\/editionstoutechose.fr\/pl\/katalog\/"},{"@type":"ListItem","position":2,"name":"Planche contact"}]},{"@type":"WebSite","@id":"https:\/\/editionstoutechose.fr\/pl\/#website","url":"https:\/\/editionstoutechose.fr\/pl\/","name":"Les \u00c9ditions Toute Chose","description":"","potentialAction":[{"@type":"SearchAction","target":{"@type":"EntryPoint","urlTemplate":"https:\/\/editionstoutechose.fr\/pl\/?s={search_term_string}"},"query-input":{"@type":"PropertyValueSpecification","valueRequired":true,"valueName":"search_term_string"}}],"inLanguage":"pl-PL"}]}},"_links":{"self":[{"href":"https:\/\/editionstoutechose.fr\/pl\/wp-json\/wp\/v2\/product\/5112","targetHints":{"allow":["GET"]}}],"collection":[{"href":"https:\/\/editionstoutechose.fr\/pl\/wp-json\/wp\/v2\/product"}],"about":[{"href":"https:\/\/editionstoutechose.fr\/pl\/wp-json\/wp\/v2\/types\/product"}],"wp:featuredmedia":[{"embeddable":true,"href":"https:\/\/editionstoutechose.fr\/pl\/wp-json\/wp\/v2\/media\/5091"}],"wp:attachment":[{"href":"https:\/\/editionstoutechose.fr\/pl\/wp-json\/wp\/v2\/media?parent=5112"}],"wp:term":[{"taxonomy":"product_brand","embeddable":true,"href":"https:\/\/editionstoutechose.fr\/pl\/wp-json\/wp\/v2\/product_brand?post=5112"},{"taxonomy":"product_cat","embeddable":true,"href":"https:\/\/editionstoutechose.fr\/pl\/wp-json\/wp\/v2\/product_cat?post=5112"},{"taxonomy":"product_tag","embeddable":true,"href":"https:\/\/editionstoutechose.fr\/pl\/wp-json\/wp\/v2\/product_tag?post=5112"}],"curies":[{"name":"wp","href":"https:\/\/api.w.org\/{rel}","templated":true}]}}