{"id":5272,"date":"2025-08-23T15:03:11","date_gmt":"2025-08-23T13:03:11","guid":{"rendered":"https:\/\/editionstoutechose.fr\/?post_type=product&#038;p=5272"},"modified":"2026-03-09T17:30:26","modified_gmt":"2026-03-09T16:30:26","slug":"trilogie-lunaire","status":"publish","type":"product","link":"https:\/\/editionstoutechose.fr\/pl\/ksiazki\/trilogie-lunaire\/","title":{"rendered":"Trylogia ksi\u0119\u017cycowa"},"content":{"rendered":"<div class=\"wpb-content-wrapper\"><p>[vc_row][vc_column][vc_column_text]<\/p>\n<p style=\"text-align: left;\">[\/vc_column_text][\/vc_column][\/vc_row][vc_row][vc_column width=&#8221;1\/3&#8243;][vc_column_text css=&#8221;&#8221;]<strong>Trylogia ksi\u0119\u017cycowa<\/strong> Jerzego \u017bu\u0142awskiego<em><br \/>\n<\/em>z j\u0119zyka polskiego prze\u0142o\u017cy\u0142 Tomasz Cichawa<em><br \/>\n<\/em>Ilustracje Antoni Procaj\u0142owicz i T. Cichawa<em><br \/>\n<\/em> <strong>ePub<\/strong> ISBN 978-2-492843-41-9<br \/>\n<strong>Kindle<\/strong> ISBN 978-2-492843-42-6<br \/>\n<strong>Print<\/strong> ISBN 978-2-492843-40-2[\/vc_column_text][\/vc_column][vc_column width=&#8221;1\/3&#8243;][vc_gallery interval=&#8221;3&#8243; images=&#8221;5282,5308,5312,5324,5326&#8243; img_size=&#8221;large&#8221; onclick=&#8221;&#8221; css=&#8221;&#8221;][\/vc_column][vc_column width=&#8221;1\/3&#8243;][\/vc_column][\/vc_row]<\/p>\n<\/div>","protected":false},"excerpt":{"rendered":"<h2><span style=\"color: #000000;\">de Jerzy \u017bu\u0142awski, postface de Stanis\u0142aw Lem<\/span><\/h2>\n<hr>\n<p style=\"text-align: left;\"><strong><em>Trilogie lunaire, <\/em><\/strong>compos\u00e9e de <strong><em>Sur le globe d&#8217;argent, Vainqueur <\/em><\/strong>et<strong><em> La Vieille Terre <\/em><\/strong>fut un grand succ\u00e8s au moment de sa parution (respectivement en 1903, 1910 et 1911). Cette \u00e9dition est la premi\u00e8re traduction en fran\u00e7ais \u2014 par Tomasz Cichawa \u2014 de l&#8217;\u0153uvre de Jerzy \u017bu\u0142awski (1874-1915), pr\u00e9curseur de la science-fiction en Pologne. Elle est accompagn\u00e9e de <strong>postface de Stanis\u0142aw Lem<\/strong>.<br \/>\nLe roman a \u00e9t\u00e9 port\u00e9 \u00e0 l&#8217;\u00e9cran par Andrzej \u017bu\u0142awski, sous le titre <em>Sur le globe d&#8217;argent<\/em>.  <\/p>\n<p><span style=\"color: #000080;\">Szczeg\u00f3\u0142owe informacje na temat <strong>Trylogii Ksi\u0119\u017cycowej<\/strong> mo\u017cna znale\u017a\u0107 na <a href=\"https:\/\/editionstoutechose.fr\/pl\/trylogia-ksiezycowa-jerzego-zulawskiego\/\" target=\"_blank\" rel=\"noopener\"><strong>DEDYKOWANEJ STRONIE<\/strong><\/a> ksi\u0105\u017cki na naszym blogu <em>(link otworzy si\u0119 w nowej zak\u0142adce).<br \/>\n<\/em><\/span>&#8211;<br \/>\n<span style=\"color: #333333;\"><strong>Disponibilit\u00e9 : eBook <\/strong><em>(Kindle, ePub)<\/em> et<strong> livre imprim\u00e9 (612 pages)<br \/>\n<em><span style=\"color: #993300;\">(Avec votre eBook vous t\u00e9l\u00e9chargez aussi l&#8217;image de la carte de la Lune, dessin\u00e9e par J. \u017bu\u0142awski)<\/span><\/em><br \/>\n<\/strong><\/span><span style=\"color: #333333;\">Faites votre choix de version et de format ci-dessous.<\/span><\/p>\n<hr>\n<p><strong>Pobierz darmowe fragmenty ksi\u0105\u017cki <\/strong>(format ePub i Kindle)<strong>.<\/strong><\/p>\n<p><a href=\"https:\/\/editionstoutechose.fr\/wp-content\/uploads\/2025\/08\/Zulawski-Jerzy_TRILOGIE-LUNAIRE_extraits.epub\"><img loading=\"lazy\" decoding=\"async\" class=\"alignnone wp-image-4301\" src=\"https:\/\/editionstoutechose.fr\/wp-content\/uploads\/2022\/10\/ePub_ico%CC%82ne-300x300.png\" alt=\"Trylogia ksi\u0119\u017cycowa_fragment ePub\" width=\"50\" height=\"50\"><\/a><a href=\"https:\/\/editionstoutechose.fr\/wp-content\/uploads\/2025\/08\/Zulawski-Jerzy_TRILOGIE-LUNAIRE_extraits.mobi\"><img loading=\"lazy\" decoding=\"async\" class=\"alignnone wp-image-4303\" src=\"https:\/\/editionstoutechose.fr\/wp-content\/uploads\/2022\/10\/Kindle_ico%CC%82ne-300x300.png\" alt=\"Trylogia ksi\u0119\u017cycowa_fragment Kindle\" width=\"50\" height=\"50\"><\/a><\/p>\n<hr>\n","protected":false},"featured_media":5264,"template":"","meta":{"_acf_changed":false},"product_brand":[],"product_cat":[411,410],"product_tag":[],"class_list":{"0":"post-5272","1":"product","2":"type-product","3":"status-publish","4":"has-post-thumbnail","6":"product_cat-wszystkie-kategorie","7":"product_cat-powiesc","8":"product_shipping_class-livre","9":"pa_auteur-jerzy-zulawski-pl","11":"first","12":"instock","13":"shipping-taxable","14":"purchasable","15":"product-type-variable","17":"catalog-layout-default","18":"columns-xs-1"},"acf":[],"yoast_head":"<!-- This site is optimized with the Yoast SEO plugin v27.3 - https:\/\/yoast.com\/product\/yoast-seo-wordpress\/ -->\n<title>TRYLOGIA KSI\u0118\u017bYCOWA Jerzego \u017bu\u0142awskiego<\/title>\n<meta name=\"description\" content=\"TRYLOGIA KSI\u0118\u017bYCOWA, kultowa powie\u015b\u0107 J. \u017bu\u0142awskiego, na podstawie kt\u00f3rej jego potomek, Andrzej, nakr\u0119ci\u0142 r\u00f3wnie kultowy film &quot;Na srebrnym globie&quot;. Wizjonerski. Niepokoj\u0105cy.\" \/>\n<meta name=\"robots\" content=\"index, follow, max-snippet:-1, max-image-preview:large, max-video-preview:-1\" \/>\n<link rel=\"canonical\" href=\"https:\/\/editionstoutechose.fr\/pl\/ksiazki\/trilogie-lunaire\/\" \/>\n<meta property=\"og:locale\" content=\"pl_PL\" \/>\n<meta property=\"og:type\" content=\"article\" \/>\n<meta property=\"og:title\" content=\"TRYLOGIA KSI\u0118\u017bYCOWA Jerzego \u017bu\u0142awskiego\" \/>\n<meta property=\"og:description\" content=\"TRYLOGIA KSI\u0118\u017bYCOWA, kultowa powie\u015b\u0107 J. \u017bu\u0142awskiego, na podstawie kt\u00f3rej jego potomek, Andrzej, nakr\u0119ci\u0142 r\u00f3wnie kultowy film &quot;Na srebrnym globie&quot;. Wizjonerski. Niepokoj\u0105cy.\" \/>\n<meta property=\"og:url\" content=\"https:\/\/editionstoutechose.fr\/pl\/ksiazki\/trilogie-lunaire\/\" \/>\n<meta property=\"og:site_name\" content=\"Les \u00c9ditions Toute Chose\" \/>\n<meta property=\"article:modified_time\" content=\"2026-03-09T16:30:26+00:00\" \/>\n<meta property=\"og:image\" content=\"https:\/\/editionstoutechose.fr\/wp-content\/uploads\/2025\/06\/Trilogie_Couv_face.jpg\" \/>\n\t<meta property=\"og:image:width\" content=\"1230\" \/>\n\t<meta property=\"og:image:height\" content=\"1800\" \/>\n\t<meta property=\"og:image:type\" content=\"image\/jpeg\" \/>\n<script type=\"application\/ld+json\" class=\"yoast-schema-graph\">{\"@context\":\"https:\\\/\\\/schema.org\",\"@graph\":[{\"@type\":\"WebPage\",\"@id\":\"https:\\\/\\\/editionstoutechose.fr\\\/pl\\\/ksiazki\\\/trilogie-lunaire\\\/\",\"url\":\"https:\\\/\\\/editionstoutechose.fr\\\/pl\\\/ksiazki\\\/trilogie-lunaire\\\/\",\"name\":\"TRYLOGIA KSI\u0118\u017bYCOWA Jerzego \u017bu\u0142awskiego\",\"isPartOf\":{\"@id\":\"https:\\\/\\\/editionstoutechose.fr\\\/pl\\\/#website\"},\"primaryImageOfPage\":{\"@id\":\"https:\\\/\\\/editionstoutechose.fr\\\/pl\\\/ksiazki\\\/trilogie-lunaire\\\/#primaryimage\"},\"image\":{\"@id\":\"https:\\\/\\\/editionstoutechose.fr\\\/pl\\\/ksiazki\\\/trilogie-lunaire\\\/#primaryimage\"},\"thumbnailUrl\":\"https:\\\/\\\/editionstoutechose.fr\\\/wp-content\\\/uploads\\\/2025\\\/06\\\/Trilogie_Couv_face.jpg\",\"datePublished\":\"2025-08-23T13:03:11+00:00\",\"dateModified\":\"2026-03-09T16:30:26+00:00\",\"description\":\"TRYLOGIA KSI\u0118\u017bYCOWA, kultowa powie\u015b\u0107 J. \u017bu\u0142awskiego, na podstawie kt\u00f3rej jego potomek, Andrzej, nakr\u0119ci\u0142 r\u00f3wnie kultowy film \\\"Na srebrnym globie\\\". Wizjonerski. Niepokoj\u0105cy.\",\"breadcrumb\":{\"@id\":\"https:\\\/\\\/editionstoutechose.fr\\\/pl\\\/ksiazki\\\/trilogie-lunaire\\\/#breadcrumb\"},\"inLanguage\":\"pl-PL\",\"potentialAction\":[{\"@type\":\"ReadAction\",\"target\":[\"https:\\\/\\\/editionstoutechose.fr\\\/pl\\\/ksiazki\\\/trilogie-lunaire\\\/\"]}]},{\"@type\":\"ImageObject\",\"inLanguage\":\"pl-PL\",\"@id\":\"https:\\\/\\\/editionstoutechose.fr\\\/pl\\\/ksiazki\\\/trilogie-lunaire\\\/#primaryimage\",\"url\":\"https:\\\/\\\/editionstoutechose.fr\\\/wp-content\\\/uploads\\\/2025\\\/06\\\/Trilogie_Couv_face.jpg\",\"contentUrl\":\"https:\\\/\\\/editionstoutechose.fr\\\/wp-content\\\/uploads\\\/2025\\\/06\\\/Trilogie_Couv_face.jpg\",\"width\":1230,\"height\":1800},{\"@type\":\"BreadcrumbList\",\"@id\":\"https:\\\/\\\/editionstoutechose.fr\\\/pl\\\/ksiazki\\\/trilogie-lunaire\\\/#breadcrumb\",\"itemListElement\":[{\"@type\":\"ListItem\",\"position\":1,\"name\":\"Katalog\",\"item\":\"https:\\\/\\\/editionstoutechose.fr\\\/pl\\\/katalog\\\/\"},{\"@type\":\"ListItem\",\"position\":2,\"name\":\"Trylogia ksi\u0119\u017cycowa\"}]},{\"@type\":\"WebSite\",\"@id\":\"https:\\\/\\\/editionstoutechose.fr\\\/pl\\\/#website\",\"url\":\"https:\\\/\\\/editionstoutechose.fr\\\/pl\\\/\",\"name\":\"Les \u00c9ditions Toute Chose\",\"description\":\"\",\"potentialAction\":[{\"@type\":\"SearchAction\",\"target\":{\"@type\":\"EntryPoint\",\"urlTemplate\":\"https:\\\/\\\/editionstoutechose.fr\\\/pl\\\/?s={search_term_string}\"},\"query-input\":{\"@type\":\"PropertyValueSpecification\",\"valueRequired\":true,\"valueName\":\"search_term_string\"}}],\"inLanguage\":\"pl-PL\"}]}<\/script>\n<!-- \/ Yoast SEO plugin. -->","yoast_head_json":{"title":"TRYLOGIA KSI\u0118\u017bYCOWA Jerzego \u017bu\u0142awskiego","description":"TRYLOGIA KSI\u0118\u017bYCOWA, kultowa powie\u015b\u0107 J. \u017bu\u0142awskiego, na podstawie kt\u00f3rej jego potomek, Andrzej, nakr\u0119ci\u0142 r\u00f3wnie kultowy film \"Na srebrnym globie\". Wizjonerski. Niepokoj\u0105cy.","robots":{"index":"index","follow":"follow","max-snippet":"max-snippet:-1","max-image-preview":"max-image-preview:large","max-video-preview":"max-video-preview:-1"},"canonical":"https:\/\/editionstoutechose.fr\/pl\/ksiazki\/trilogie-lunaire\/","og_locale":"pl_PL","og_type":"article","og_title":"TRYLOGIA KSI\u0118\u017bYCOWA Jerzego \u017bu\u0142awskiego","og_description":"TRYLOGIA KSI\u0118\u017bYCOWA, kultowa powie\u015b\u0107 J. \u017bu\u0142awskiego, na podstawie kt\u00f3rej jego potomek, Andrzej, nakr\u0119ci\u0142 r\u00f3wnie kultowy film \"Na srebrnym globie\". Wizjonerski. Niepokoj\u0105cy.","og_url":"https:\/\/editionstoutechose.fr\/pl\/ksiazki\/trilogie-lunaire\/","og_site_name":"Les \u00c9ditions Toute Chose","article_modified_time":"2026-03-09T16:30:26+00:00","og_image":[{"width":1230,"height":1800,"url":"https:\/\/editionstoutechose.fr\/wp-content\/uploads\/2025\/06\/Trilogie_Couv_face.jpg","type":"image\/jpeg"}],"schema":{"@context":"https:\/\/schema.org","@graph":[{"@type":"WebPage","@id":"https:\/\/editionstoutechose.fr\/pl\/ksiazki\/trilogie-lunaire\/","url":"https:\/\/editionstoutechose.fr\/pl\/ksiazki\/trilogie-lunaire\/","name":"TRYLOGIA KSI\u0118\u017bYCOWA Jerzego \u017bu\u0142awskiego","isPartOf":{"@id":"https:\/\/editionstoutechose.fr\/pl\/#website"},"primaryImageOfPage":{"@id":"https:\/\/editionstoutechose.fr\/pl\/ksiazki\/trilogie-lunaire\/#primaryimage"},"image":{"@id":"https:\/\/editionstoutechose.fr\/pl\/ksiazki\/trilogie-lunaire\/#primaryimage"},"thumbnailUrl":"https:\/\/editionstoutechose.fr\/wp-content\/uploads\/2025\/06\/Trilogie_Couv_face.jpg","datePublished":"2025-08-23T13:03:11+00:00","dateModified":"2026-03-09T16:30:26+00:00","description":"TRYLOGIA KSI\u0118\u017bYCOWA, kultowa powie\u015b\u0107 J. \u017bu\u0142awskiego, na podstawie kt\u00f3rej jego potomek, Andrzej, nakr\u0119ci\u0142 r\u00f3wnie kultowy film \"Na srebrnym globie\". Wizjonerski. Niepokoj\u0105cy.","breadcrumb":{"@id":"https:\/\/editionstoutechose.fr\/pl\/ksiazki\/trilogie-lunaire\/#breadcrumb"},"inLanguage":"pl-PL","potentialAction":[{"@type":"ReadAction","target":["https:\/\/editionstoutechose.fr\/pl\/ksiazki\/trilogie-lunaire\/"]}]},{"@type":"ImageObject","inLanguage":"pl-PL","@id":"https:\/\/editionstoutechose.fr\/pl\/ksiazki\/trilogie-lunaire\/#primaryimage","url":"https:\/\/editionstoutechose.fr\/wp-content\/uploads\/2025\/06\/Trilogie_Couv_face.jpg","contentUrl":"https:\/\/editionstoutechose.fr\/wp-content\/uploads\/2025\/06\/Trilogie_Couv_face.jpg","width":1230,"height":1800},{"@type":"BreadcrumbList","@id":"https:\/\/editionstoutechose.fr\/pl\/ksiazki\/trilogie-lunaire\/#breadcrumb","itemListElement":[{"@type":"ListItem","position":1,"name":"Katalog","item":"https:\/\/editionstoutechose.fr\/pl\/katalog\/"},{"@type":"ListItem","position":2,"name":"Trylogia ksi\u0119\u017cycowa"}]},{"@type":"WebSite","@id":"https:\/\/editionstoutechose.fr\/pl\/#website","url":"https:\/\/editionstoutechose.fr\/pl\/","name":"Les \u00c9ditions Toute Chose","description":"","potentialAction":[{"@type":"SearchAction","target":{"@type":"EntryPoint","urlTemplate":"https:\/\/editionstoutechose.fr\/pl\/?s={search_term_string}"},"query-input":{"@type":"PropertyValueSpecification","valueRequired":true,"valueName":"search_term_string"}}],"inLanguage":"pl-PL"}]}},"_links":{"self":[{"href":"https:\/\/editionstoutechose.fr\/pl\/wp-json\/wp\/v2\/product\/5272","targetHints":{"allow":["GET"]}}],"collection":[{"href":"https:\/\/editionstoutechose.fr\/pl\/wp-json\/wp\/v2\/product"}],"about":[{"href":"https:\/\/editionstoutechose.fr\/pl\/wp-json\/wp\/v2\/types\/product"}],"wp:featuredmedia":[{"embeddable":true,"href":"https:\/\/editionstoutechose.fr\/pl\/wp-json\/wp\/v2\/media\/5264"}],"wp:attachment":[{"href":"https:\/\/editionstoutechose.fr\/pl\/wp-json\/wp\/v2\/media?parent=5272"}],"wp:term":[{"taxonomy":"product_brand","embeddable":true,"href":"https:\/\/editionstoutechose.fr\/pl\/wp-json\/wp\/v2\/product_brand?post=5272"},{"taxonomy":"product_cat","embeddable":true,"href":"https:\/\/editionstoutechose.fr\/pl\/wp-json\/wp\/v2\/product_cat?post=5272"},{"taxonomy":"product_tag","embeddable":true,"href":"https:\/\/editionstoutechose.fr\/pl\/wp-json\/wp\/v2\/product_tag?post=5272"}],"curies":[{"name":"wp","href":"https:\/\/api.w.org\/{rel}","templated":true}]}}