{"id":5427,"date":"2025-12-23T21:44:18","date_gmt":"2025-12-23T20:44:18","guid":{"rendered":"https:\/\/editionstoutechose.fr\/?post_type=product&#038;p=5427"},"modified":"2025-12-24T00:52:46","modified_gmt":"2025-12-23T23:52:46","slug":"wizytowka","status":"publish","type":"product","link":"https:\/\/editionstoutechose.fr\/pl\/ksiazki\/wizytowka\/","title":{"rendered":"WIZYT\u00d3WKA"},"content":{"rendered":"<div class=\"wpb-content-wrapper\"><p>[vc_row][vc_column][vc_column_text]<\/p>\n<p style=\"text-align: left;\">[\/vc_column_text][\/vc_column][\/vc_row][vc_row][vc_column width=&#8221;1\/3&#8243;][vc_column_text css=&#8221;&#8221;]<strong>WIZYT\u00d3WKA<\/strong> Krzysztofa Planety<em><br \/>\n<\/em> <strong>ePub<\/strong> ISBN 978-2-492843-43-3<br \/>\n<strong>Kindle<\/strong> ISBN 978-2-492843-44-0<\/p>\n<hr \/>\n<p>[\/vc_column_text][vc_column_text css=&#8221;&#8221;]<span style=\"font-family: Palatino; font-size: medium;\">EBook ilustrowany jest zdj\u0119ciami w archiwum autora i z archiwum rodziny.<\/span> [\/vc_column_text][\/vc_column][vc_column width=&#8221;1\/3&#8243;][vc_gallery interval=&#8221;3&#8243; images=&#8221;5445,5441,5447,5443,5453&#8243; css=&#8221;&#8221;][\/vc_column][vc_column width=&#8221;1\/3&#8243;][\/vc_column][\/vc_row]<\/p>\n<\/div>","protected":false},"excerpt":{"rendered":"<h2><span style=\"color: #000000;\">Krzysztofa Planety<br \/>\n<\/span><\/h2>\n<p>Szkic do autobiografii Krzysztofa Planety, poety, in\u017cyniera i dzia\u0142acza spo\u0142ecznego, obejmuj\u0105y okres od 1950 do 1974 roku \u2014 <span style=\"font-family: Verdana, sans-serif;\"><span style=\"font-size: medium;\">od urodzin do uko\u0144czenia studi\u00f3w na Politechnice Warszawskiej. To czas Polski Ludowej Gomu\u0142ki i Gierka. <em>Wizyt\u00f3wka<\/em> jest \u015bwiadectwem minionej Polski \u2014 tej sprzed pi\u0119\u0107dziesi\u0119ciu, siedemdziesi\u0119ciu lat. Poprzez fakty i anegdoty Planeta opisuje ideologiczny pejza\u017c kraju, ujawnia paradoksy i absurdy systemu socjalistycznego. <\/span><\/span><\/p>\n<hr \/>\n<p><span style=\"color: #333333;\"><strong>Dost\u0119pno\u015b\u0107 : eBook <\/strong><em>(ePub, Kindle)<\/em><strong><br \/>\n<\/strong><span style=\"color: #800000;\">Wybierz format ksi\u0105\u017cki poni\u017cej\u2026<\/span><\/span><\/p>\n<hr \/>\n<p><strong>Fragmenty &#8222;Wizyt\u00f3wki&#8221; (pobierz bezp\u0142atny plik):<\/strong><\/p>\n<p><a href=\"https:\/\/editionstoutechose.fr\/wp-content\/uploads\/2025\/12\/Wizytowka_Fragmenty.epub\"><img loading=\"lazy\" decoding=\"async\" class=\"alignnone wp-image-4301\" src=\"https:\/\/editionstoutechose.fr\/wp-content\/uploads\/2022\/10\/ePub_ico%CC%82ne-300x300.png\" alt=\"\" width=\"50\" height=\"50\" \/><\/a><a href=\"https:\/\/editionstoutechose.fr\/wp-content\/uploads\/2025\/12\/Wizytowka_Fragmenty.mobi\"><img loading=\"lazy\" decoding=\"async\" class=\"alignnone wp-image-4303\" src=\"https:\/\/editionstoutechose.fr\/wp-content\/uploads\/2022\/10\/Kindle_ico%CC%82ne-300x300.png\" alt=\"\" width=\"50\" height=\"50\" \/><\/a><\/p>\n","protected":false},"featured_media":5432,"template":"","meta":{"_acf_changed":false},"product_brand":[],"product_cat":[411,921],"product_tag":[],"class_list":{"0":"post-5427","1":"product","2":"type-product","3":"status-publish","4":"has-post-thumbnail","6":"product_cat-wszystkie-kategorie","7":"product_cat-proza-rozne","8":"pa_auteur-krzysztof-planeta-pl","10":"first","11":"instock","12":"shipping-taxable","13":"purchasable","14":"product-type-variable","16":"catalog-layout-default","17":"columns-xs-1"},"acf":[],"yoast_head":"<!-- This site is optimized with the Yoast SEO plugin v27.3 - https:\/\/yoast.com\/product\/yoast-seo-wordpress\/ -->\n<title>WIZYT\u00d3WKA (szkic do autobiografii) \u2022 Krzysztof Planeta<\/title>\n<meta name=\"description\" content=\"WIZYT\u00d3WKA. Szkic do autobiografii Krzysztofa Planety, poety i dzia\u0142acza spo\u0142ecznego, obejmuj\u0105y okres od 1950 do 1974 roku, czas PRL Gomu\u0142ki i Gierka.\" \/>\n<meta name=\"robots\" content=\"index, follow, max-snippet:-1, max-image-preview:large, max-video-preview:-1\" \/>\n<link rel=\"canonical\" href=\"https:\/\/editionstoutechose.fr\/pl\/ksiazki\/wizytowka\/\" \/>\n<meta property=\"og:locale\" content=\"pl_PL\" \/>\n<meta property=\"og:type\" content=\"article\" \/>\n<meta property=\"og:title\" content=\"WIZYT\u00d3WKA (szkic do autobiografii) \u2022 Krzysztof Planeta\" \/>\n<meta property=\"og:description\" content=\"WIZYT\u00d3WKA. Szkic do autobiografii Krzysztofa Planety, poety i dzia\u0142acza spo\u0142ecznego, obejmuj\u0105y okres od 1950 do 1974 roku, czas PRL Gomu\u0142ki i Gierka.\" \/>\n<meta property=\"og:url\" content=\"https:\/\/editionstoutechose.fr\/pl\/ksiazki\/wizytowka\/\" \/>\n<meta property=\"og:site_name\" content=\"Les \u00c9ditions Toute Chose\" \/>\n<meta property=\"article:modified_time\" content=\"2025-12-23T23:52:46+00:00\" \/>\n<meta property=\"og:image\" content=\"https:\/\/editionstoutechose.fr\/wp-content\/uploads\/2025\/12\/Wizytowka_site.jpg\" \/>\n\t<meta property=\"og:image:width\" content=\"1600\" \/>\n\t<meta property=\"og:image:height\" content=\"2560\" \/>\n\t<meta property=\"og:image:type\" content=\"image\/jpeg\" \/>\n<script type=\"application\/ld+json\" class=\"yoast-schema-graph\">{\"@context\":\"https:\\\/\\\/schema.org\",\"@graph\":[{\"@type\":\"WebPage\",\"@id\":\"https:\\\/\\\/editionstoutechose.fr\\\/pl\\\/ksiazki\\\/wizytowka\\\/\",\"url\":\"https:\\\/\\\/editionstoutechose.fr\\\/pl\\\/ksiazki\\\/wizytowka\\\/\",\"name\":\"WIZYT\u00d3WKA (szkic do autobiografii) \u2022 Krzysztof Planeta\",\"isPartOf\":{\"@id\":\"https:\\\/\\\/editionstoutechose.fr\\\/pl\\\/#website\"},\"primaryImageOfPage\":{\"@id\":\"https:\\\/\\\/editionstoutechose.fr\\\/pl\\\/ksiazki\\\/wizytowka\\\/#primaryimage\"},\"image\":{\"@id\":\"https:\\\/\\\/editionstoutechose.fr\\\/pl\\\/ksiazki\\\/wizytowka\\\/#primaryimage\"},\"thumbnailUrl\":\"https:\\\/\\\/editionstoutechose.fr\\\/wp-content\\\/uploads\\\/2025\\\/12\\\/Wizytowka_site.jpg\",\"datePublished\":\"2025-12-23T20:44:18+00:00\",\"dateModified\":\"2025-12-23T23:52:46+00:00\",\"description\":\"WIZYT\u00d3WKA. Szkic do autobiografii Krzysztofa Planety, poety i dzia\u0142acza spo\u0142ecznego, obejmuj\u0105y okres od 1950 do 1974 roku, czas PRL Gomu\u0142ki i Gierka.\",\"breadcrumb\":{\"@id\":\"https:\\\/\\\/editionstoutechose.fr\\\/pl\\\/ksiazki\\\/wizytowka\\\/#breadcrumb\"},\"inLanguage\":\"pl-PL\",\"potentialAction\":[{\"@type\":\"ReadAction\",\"target\":[\"https:\\\/\\\/editionstoutechose.fr\\\/pl\\\/ksiazki\\\/wizytowka\\\/\"]}]},{\"@type\":\"ImageObject\",\"inLanguage\":\"pl-PL\",\"@id\":\"https:\\\/\\\/editionstoutechose.fr\\\/pl\\\/ksiazki\\\/wizytowka\\\/#primaryimage\",\"url\":\"https:\\\/\\\/editionstoutechose.fr\\\/wp-content\\\/uploads\\\/2025\\\/12\\\/Wizytowka_site.jpg\",\"contentUrl\":\"https:\\\/\\\/editionstoutechose.fr\\\/wp-content\\\/uploads\\\/2025\\\/12\\\/Wizytowka_site.jpg\",\"width\":1600,\"height\":2560,\"caption\":\"Wizyto\u0301wka Krzysztof Planeta\"},{\"@type\":\"BreadcrumbList\",\"@id\":\"https:\\\/\\\/editionstoutechose.fr\\\/pl\\\/ksiazki\\\/wizytowka\\\/#breadcrumb\",\"itemListElement\":[{\"@type\":\"ListItem\",\"position\":1,\"name\":\"Katalog\",\"item\":\"https:\\\/\\\/editionstoutechose.fr\\\/pl\\\/katalog\\\/\"},{\"@type\":\"ListItem\",\"position\":2,\"name\":\"WIZYT\u00d3WKA\"}]},{\"@type\":\"WebSite\",\"@id\":\"https:\\\/\\\/editionstoutechose.fr\\\/pl\\\/#website\",\"url\":\"https:\\\/\\\/editionstoutechose.fr\\\/pl\\\/\",\"name\":\"Les \u00c9ditions Toute Chose\",\"description\":\"\",\"potentialAction\":[{\"@type\":\"SearchAction\",\"target\":{\"@type\":\"EntryPoint\",\"urlTemplate\":\"https:\\\/\\\/editionstoutechose.fr\\\/pl\\\/?s={search_term_string}\"},\"query-input\":{\"@type\":\"PropertyValueSpecification\",\"valueRequired\":true,\"valueName\":\"search_term_string\"}}],\"inLanguage\":\"pl-PL\"}]}<\/script>\n<!-- \/ Yoast SEO plugin. -->","yoast_head_json":{"title":"WIZYT\u00d3WKA (szkic do autobiografii) \u2022 Krzysztof Planeta","description":"WIZYT\u00d3WKA. Szkic do autobiografii Krzysztofa Planety, poety i dzia\u0142acza spo\u0142ecznego, obejmuj\u0105y okres od 1950 do 1974 roku, czas PRL Gomu\u0142ki i Gierka.","robots":{"index":"index","follow":"follow","max-snippet":"max-snippet:-1","max-image-preview":"max-image-preview:large","max-video-preview":"max-video-preview:-1"},"canonical":"https:\/\/editionstoutechose.fr\/pl\/ksiazki\/wizytowka\/","og_locale":"pl_PL","og_type":"article","og_title":"WIZYT\u00d3WKA (szkic do autobiografii) \u2022 Krzysztof Planeta","og_description":"WIZYT\u00d3WKA. Szkic do autobiografii Krzysztofa Planety, poety i dzia\u0142acza spo\u0142ecznego, obejmuj\u0105y okres od 1950 do 1974 roku, czas PRL Gomu\u0142ki i Gierka.","og_url":"https:\/\/editionstoutechose.fr\/pl\/ksiazki\/wizytowka\/","og_site_name":"Les \u00c9ditions Toute Chose","article_modified_time":"2025-12-23T23:52:46+00:00","og_image":[{"width":1600,"height":2560,"url":"https:\/\/editionstoutechose.fr\/wp-content\/uploads\/2025\/12\/Wizytowka_site.jpg","type":"image\/jpeg"}],"schema":{"@context":"https:\/\/schema.org","@graph":[{"@type":"WebPage","@id":"https:\/\/editionstoutechose.fr\/pl\/ksiazki\/wizytowka\/","url":"https:\/\/editionstoutechose.fr\/pl\/ksiazki\/wizytowka\/","name":"WIZYT\u00d3WKA (szkic do autobiografii) \u2022 Krzysztof Planeta","isPartOf":{"@id":"https:\/\/editionstoutechose.fr\/pl\/#website"},"primaryImageOfPage":{"@id":"https:\/\/editionstoutechose.fr\/pl\/ksiazki\/wizytowka\/#primaryimage"},"image":{"@id":"https:\/\/editionstoutechose.fr\/pl\/ksiazki\/wizytowka\/#primaryimage"},"thumbnailUrl":"https:\/\/editionstoutechose.fr\/wp-content\/uploads\/2025\/12\/Wizytowka_site.jpg","datePublished":"2025-12-23T20:44:18+00:00","dateModified":"2025-12-23T23:52:46+00:00","description":"WIZYT\u00d3WKA. Szkic do autobiografii Krzysztofa Planety, poety i dzia\u0142acza spo\u0142ecznego, obejmuj\u0105y okres od 1950 do 1974 roku, czas PRL Gomu\u0142ki i Gierka.","breadcrumb":{"@id":"https:\/\/editionstoutechose.fr\/pl\/ksiazki\/wizytowka\/#breadcrumb"},"inLanguage":"pl-PL","potentialAction":[{"@type":"ReadAction","target":["https:\/\/editionstoutechose.fr\/pl\/ksiazki\/wizytowka\/"]}]},{"@type":"ImageObject","inLanguage":"pl-PL","@id":"https:\/\/editionstoutechose.fr\/pl\/ksiazki\/wizytowka\/#primaryimage","url":"https:\/\/editionstoutechose.fr\/wp-content\/uploads\/2025\/12\/Wizytowka_site.jpg","contentUrl":"https:\/\/editionstoutechose.fr\/wp-content\/uploads\/2025\/12\/Wizytowka_site.jpg","width":1600,"height":2560,"caption":"Wizyto\u0301wka Krzysztof Planeta"},{"@type":"BreadcrumbList","@id":"https:\/\/editionstoutechose.fr\/pl\/ksiazki\/wizytowka\/#breadcrumb","itemListElement":[{"@type":"ListItem","position":1,"name":"Katalog","item":"https:\/\/editionstoutechose.fr\/pl\/katalog\/"},{"@type":"ListItem","position":2,"name":"WIZYT\u00d3WKA"}]},{"@type":"WebSite","@id":"https:\/\/editionstoutechose.fr\/pl\/#website","url":"https:\/\/editionstoutechose.fr\/pl\/","name":"Les \u00c9ditions Toute Chose","description":"","potentialAction":[{"@type":"SearchAction","target":{"@type":"EntryPoint","urlTemplate":"https:\/\/editionstoutechose.fr\/pl\/?s={search_term_string}"},"query-input":{"@type":"PropertyValueSpecification","valueRequired":true,"valueName":"search_term_string"}}],"inLanguage":"pl-PL"}]}},"_links":{"self":[{"href":"https:\/\/editionstoutechose.fr\/pl\/wp-json\/wp\/v2\/product\/5427","targetHints":{"allow":["GET"]}}],"collection":[{"href":"https:\/\/editionstoutechose.fr\/pl\/wp-json\/wp\/v2\/product"}],"about":[{"href":"https:\/\/editionstoutechose.fr\/pl\/wp-json\/wp\/v2\/types\/product"}],"wp:featuredmedia":[{"embeddable":true,"href":"https:\/\/editionstoutechose.fr\/pl\/wp-json\/wp\/v2\/media\/5432"}],"wp:attachment":[{"href":"https:\/\/editionstoutechose.fr\/pl\/wp-json\/wp\/v2\/media?parent=5427"}],"wp:term":[{"taxonomy":"product_brand","embeddable":true,"href":"https:\/\/editionstoutechose.fr\/pl\/wp-json\/wp\/v2\/product_brand?post=5427"},{"taxonomy":"product_cat","embeddable":true,"href":"https:\/\/editionstoutechose.fr\/pl\/wp-json\/wp\/v2\/product_cat?post=5427"},{"taxonomy":"product_tag","embeddable":true,"href":"https:\/\/editionstoutechose.fr\/pl\/wp-json\/wp\/v2\/product_tag?post=5427"}],"curies":[{"name":"wp","href":"https:\/\/api.w.org\/{rel}","templated":true}]}}